{"id":10443,"date":"2025-12-02T09:57:28","date_gmt":"2025-12-02T08:57:28","guid":{"rendered":"https:\/\/janeke1830.it\/prodotto\/schwarzer-griffkamm-aus-tirurin\/"},"modified":"2026-03-03T11:47:12","modified_gmt":"2026-03-03T10:47:12","slug":"schwarzer-griffkamm-aus-tirurin","status":"publish","type":"product","link":"https:\/\/janeke1830.it\/de\/prodotto\/schwarzer-griffkamm-aus-tirurin\/","title":{"rendered":"Schwarzer Griffkamm aus Tirurin"},"content":{"rendered":"","protected":false},"excerpt":{"rendered":"<p><em>22 cm<\/em><\/p>\n<p>Kamm mit ergonomischem Griff, um die Farbe in den L\u00e4ngen zu verl\u00e4ngern, die Farbe in den letzten 10 Minuten der Anwendung aus den Wurzeln zu ziehen oder zum Waschbecken zu bringen, um die Toner zu verteilen.<\/p>\n","protected":false},"featured_media":804,"comment_status":"closed","ping_status":"closed","template":"","meta":[],"product_brand":[1028],"product_cat":[1029],"product_tag":[1030],"class_list":{"0":"post-10443","1":"product","2":"type-product","3":"status-publish","4":"has-post-thumbnail","6":"product_brand-professional","7":"product_cat-kamme","8":"product_tag-profi-kamme","10":"first","11":"instock","12":"shipping-taxable","13":"purchasable","14":"product-type-simple"},"yoast_head":"<!-- This site is optimized with the Yoast SEO plugin v27.6 - https:\/\/yoast.com\/product\/yoast-seo-wordpress\/ -->\n<title>J\u00e4neke Black Tiratinture Griffkamm - Verteilt Farbe<\/title>\n<meta name=\"description\" content=\"Der schwarze J\u00e4neke Tiratinture Stielkamm ist ideal, um die Farbe \u00fcber die L\u00e4ngen zu ziehen und hat einen ergonomischen Griff. Bestellen Sie ihn jetzt!\" \/>\n<meta name=\"robots\" content=\"index, follow, max-snippet:-1, max-image-preview:large, max-video-preview:-1\" \/>\n<link rel=\"canonical\" href=\"https:\/\/janeke1830.it\/de\/prodotto\/schwarzer-griffkamm-aus-tirurin\/\" \/>\n<meta property=\"og:locale\" content=\"de_DE\" \/>\n<meta property=\"og:type\" content=\"article\" \/>\n<meta property=\"og:title\" content=\"J\u00e4neke Black Tiratinture Griffkamm - Verteilt Farbe\" \/>\n<meta property=\"og:description\" content=\"Der schwarze J\u00e4neke Tiratinture Stielkamm ist ideal, um die Farbe \u00fcber die L\u00e4ngen zu ziehen und hat einen ergonomischen Griff. Bestellen Sie ihn jetzt!\" \/>\n<meta property=\"og:url\" content=\"https:\/\/janeke1830.it\/de\/prodotto\/schwarzer-griffkamm-aus-tirurin\/\" \/>\n<meta property=\"og:site_name\" content=\"J\u00e4neke\" \/>\n<meta property=\"article:publisher\" content=\"https:\/\/www.facebook.com\/janeke1830\" \/>\n<meta property=\"article:modified_time\" content=\"2026-03-03T10:47:12+00:00\" \/>\n<meta property=\"og:image\" content=\"https:\/\/janeke1830.it\/wp-content\/uploads\/2026\/01\/57825.png\" \/>\n\t<meta property=\"og:image:width\" content=\"1024\" \/>\n\t<meta property=\"og:image:height\" content=\"1024\" \/>\n\t<meta property=\"og:image:type\" content=\"image\/png\" \/>\n<meta name=\"twitter:card\" content=\"summary_large_image\" \/>\n<script type=\"application\/ld+json\" class=\"yoast-schema-graph\">{\"@context\":\"https:\\\/\\\/schema.org\",\"@graph\":[{\"@type\":\"WebPage\",\"@id\":\"https:\\\/\\\/janeke1830.it\\\/de\\\/prodotto\\\/schwarzer-griffkamm-aus-tirurin\\\/\",\"url\":\"https:\\\/\\\/janeke1830.it\\\/de\\\/prodotto\\\/schwarzer-griffkamm-aus-tirurin\\\/\",\"name\":\"J\u00e4neke Black Tiratinture Griffkamm - Verteilt Farbe\",\"isPartOf\":{\"@id\":\"https:\\\/\\\/janeke1830.it\\\/#website\"},\"primaryImageOfPage\":{\"@id\":\"https:\\\/\\\/janeke1830.it\\\/de\\\/prodotto\\\/schwarzer-griffkamm-aus-tirurin\\\/#primaryimage\"},\"image\":{\"@id\":\"https:\\\/\\\/janeke1830.it\\\/de\\\/prodotto\\\/schwarzer-griffkamm-aus-tirurin\\\/#primaryimage\"},\"thumbnailUrl\":\"https:\\\/\\\/janeke1830.it\\\/wp-content\\\/uploads\\\/2026\\\/01\\\/pettine-manico-tiratinture-nero-57825.png\",\"datePublished\":\"2025-12-02T08:57:28+00:00\",\"dateModified\":\"2026-03-03T10:47:12+00:00\",\"description\":\"Der schwarze J\u00e4neke Tiratinture Stielkamm ist ideal, um die Farbe \u00fcber die L\u00e4ngen zu ziehen und hat einen ergonomischen Griff. Bestellen Sie ihn jetzt!\",\"breadcrumb\":{\"@id\":\"https:\\\/\\\/janeke1830.it\\\/de\\\/prodotto\\\/schwarzer-griffkamm-aus-tirurin\\\/#breadcrumb\"},\"inLanguage\":\"de\",\"potentialAction\":[{\"@type\":\"ReadAction\",\"target\":[\"https:\\\/\\\/janeke1830.it\\\/de\\\/prodotto\\\/schwarzer-griffkamm-aus-tirurin\\\/\"]}]},{\"@type\":\"ImageObject\",\"inLanguage\":\"de\",\"@id\":\"https:\\\/\\\/janeke1830.it\\\/de\\\/prodotto\\\/schwarzer-griffkamm-aus-tirurin\\\/#primaryimage\",\"url\":\"https:\\\/\\\/janeke1830.it\\\/wp-content\\\/uploads\\\/2026\\\/01\\\/pettine-manico-tiratinture-nero-57825.png\",\"contentUrl\":\"https:\\\/\\\/janeke1830.it\\\/wp-content\\\/uploads\\\/2026\\\/01\\\/pettine-manico-tiratinture-nero-57825.png\",\"width\":1024,\"height\":1024,\"caption\":\"Pettine manico tiratinture nero J\u00e4neke ergonomico per tonalizzanti e colorazioni\"},{\"@type\":\"BreadcrumbList\",\"@id\":\"https:\\\/\\\/janeke1830.it\\\/de\\\/prodotto\\\/schwarzer-griffkamm-aus-tirurin\\\/#breadcrumb\",\"itemListElement\":[{\"@type\":\"ListItem\",\"position\":1,\"name\":\"Home\",\"item\":\"https:\\\/\\\/janeke1830.it\\\/de\\\/startseite\\\/\"},{\"@type\":\"ListItem\",\"position\":2,\"name\":\"Shop\",\"item\":\"https:\\\/\\\/janeke1830.it\\\/de\\\/shop\\\/\"},{\"@type\":\"ListItem\",\"position\":3,\"name\":\"Schwarzer Griffkamm aus Tirurin\"}]},{\"@type\":\"WebSite\",\"@id\":\"https:\\\/\\\/janeke1830.it\\\/#website\",\"url\":\"https:\\\/\\\/janeke1830.it\\\/\",\"name\":\"J\u00e4neke 1830\",\"description\":\"\",\"publisher\":{\"@id\":\"https:\\\/\\\/janeke1830.it\\\/#organization\"},\"potentialAction\":[{\"@type\":\"SearchAction\",\"target\":{\"@type\":\"EntryPoint\",\"urlTemplate\":\"https:\\\/\\\/janeke1830.it\\\/?s={search_term_string}\"},\"query-input\":{\"@type\":\"PropertyValueSpecification\",\"valueRequired\":true,\"valueName\":\"search_term_string\"}}],\"inLanguage\":\"de\"},{\"@type\":\"Organization\",\"@id\":\"https:\\\/\\\/janeke1830.it\\\/#organization\",\"name\":\"J\u00e4neke 1830\",\"url\":\"https:\\\/\\\/janeke1830.it\\\/\",\"logo\":{\"@type\":\"ImageObject\",\"inLanguage\":\"de\",\"@id\":\"https:\\\/\\\/janeke1830.it\\\/#\\\/schema\\\/logo\\\/image\\\/\",\"url\":\"https:\\\/\\\/janeke1830.it\\\/wp-content\\\/uploads\\\/2025\\\/12\\\/logo-nero-janeke.png\",\"contentUrl\":\"https:\\\/\\\/janeke1830.it\\\/wp-content\\\/uploads\\\/2025\\\/12\\\/logo-nero-janeke.png\",\"width\":1824,\"height\":829,\"caption\":\"J\u00e4neke 1830\"},\"image\":{\"@id\":\"https:\\\/\\\/janeke1830.it\\\/#\\\/schema\\\/logo\\\/image\\\/\"},\"sameAs\":[\"https:\\\/\\\/www.facebook.com\\\/janeke1830\",\"https:\\\/\\\/www.instagram.com\\\/janeke1830official\",\"https:\\\/\\\/www.linkedin.com\\\/company\\\/giorgio-janeke-s-r-l-\\\/\"]}]}<\/script>\n<!-- \/ Yoast SEO plugin. -->","yoast_head_json":{"title":"J\u00e4neke Black Tiratinture Griffkamm - Verteilt Farbe","description":"Der schwarze J\u00e4neke Tiratinture Stielkamm ist ideal, um die Farbe \u00fcber die L\u00e4ngen zu ziehen und hat einen ergonomischen Griff. Bestellen Sie ihn jetzt!","robots":{"index":"index","follow":"follow","max-snippet":"max-snippet:-1","max-image-preview":"max-image-preview:large","max-video-preview":"max-video-preview:-1"},"canonical":"https:\/\/janeke1830.it\/de\/prodotto\/schwarzer-griffkamm-aus-tirurin\/","og_locale":"de_DE","og_type":"article","og_title":"J\u00e4neke Black Tiratinture Griffkamm - Verteilt Farbe","og_description":"Der schwarze J\u00e4neke Tiratinture Stielkamm ist ideal, um die Farbe \u00fcber die L\u00e4ngen zu ziehen und hat einen ergonomischen Griff. Bestellen Sie ihn jetzt!","og_url":"https:\/\/janeke1830.it\/de\/prodotto\/schwarzer-griffkamm-aus-tirurin\/","og_site_name":"J\u00e4neke","article_publisher":"https:\/\/www.facebook.com\/janeke1830","article_modified_time":"2026-03-03T10:47:12+00:00","og_image":[{"width":1024,"height":1024,"url":"https:\/\/janeke1830.it\/wp-content\/uploads\/2026\/01\/57825.png","type":"image\/png"}],"twitter_card":"summary_large_image","schema":{"@context":"https:\/\/schema.org","@graph":[{"@type":"WebPage","@id":"https:\/\/janeke1830.it\/de\/prodotto\/schwarzer-griffkamm-aus-tirurin\/","url":"https:\/\/janeke1830.it\/de\/prodotto\/schwarzer-griffkamm-aus-tirurin\/","name":"J\u00e4neke Black Tiratinture Griffkamm - Verteilt Farbe","isPartOf":{"@id":"https:\/\/janeke1830.it\/#website"},"primaryImageOfPage":{"@id":"https:\/\/janeke1830.it\/de\/prodotto\/schwarzer-griffkamm-aus-tirurin\/#primaryimage"},"image":{"@id":"https:\/\/janeke1830.it\/de\/prodotto\/schwarzer-griffkamm-aus-tirurin\/#primaryimage"},"thumbnailUrl":"https:\/\/janeke1830.it\/wp-content\/uploads\/2026\/01\/pettine-manico-tiratinture-nero-57825.png","datePublished":"2025-12-02T08:57:28+00:00","dateModified":"2026-03-03T10:47:12+00:00","description":"Der schwarze J\u00e4neke Tiratinture Stielkamm ist ideal, um die Farbe \u00fcber die L\u00e4ngen zu ziehen und hat einen ergonomischen Griff. Bestellen Sie ihn jetzt!","breadcrumb":{"@id":"https:\/\/janeke1830.it\/de\/prodotto\/schwarzer-griffkamm-aus-tirurin\/#breadcrumb"},"inLanguage":"de","potentialAction":[{"@type":"ReadAction","target":["https:\/\/janeke1830.it\/de\/prodotto\/schwarzer-griffkamm-aus-tirurin\/"]}]},{"@type":"ImageObject","inLanguage":"de","@id":"https:\/\/janeke1830.it\/de\/prodotto\/schwarzer-griffkamm-aus-tirurin\/#primaryimage","url":"https:\/\/janeke1830.it\/wp-content\/uploads\/2026\/01\/pettine-manico-tiratinture-nero-57825.png","contentUrl":"https:\/\/janeke1830.it\/wp-content\/uploads\/2026\/01\/pettine-manico-tiratinture-nero-57825.png","width":1024,"height":1024,"caption":"Pettine manico tiratinture nero J\u00e4neke ergonomico per tonalizzanti e colorazioni"},{"@type":"BreadcrumbList","@id":"https:\/\/janeke1830.it\/de\/prodotto\/schwarzer-griffkamm-aus-tirurin\/#breadcrumb","itemListElement":[{"@type":"ListItem","position":1,"name":"Home","item":"https:\/\/janeke1830.it\/de\/startseite\/"},{"@type":"ListItem","position":2,"name":"Shop","item":"https:\/\/janeke1830.it\/de\/shop\/"},{"@type":"ListItem","position":3,"name":"Schwarzer Griffkamm aus Tirurin"}]},{"@type":"WebSite","@id":"https:\/\/janeke1830.it\/#website","url":"https:\/\/janeke1830.it\/","name":"J\u00e4neke 1830","description":"","publisher":{"@id":"https:\/\/janeke1830.it\/#organization"},"potentialAction":[{"@type":"SearchAction","target":{"@type":"EntryPoint","urlTemplate":"https:\/\/janeke1830.it\/?s={search_term_string}"},"query-input":{"@type":"PropertyValueSpecification","valueRequired":true,"valueName":"search_term_string"}}],"inLanguage":"de"},{"@type":"Organization","@id":"https:\/\/janeke1830.it\/#organization","name":"J\u00e4neke 1830","url":"https:\/\/janeke1830.it\/","logo":{"@type":"ImageObject","inLanguage":"de","@id":"https:\/\/janeke1830.it\/#\/schema\/logo\/image\/","url":"https:\/\/janeke1830.it\/wp-content\/uploads\/2025\/12\/logo-nero-janeke.png","contentUrl":"https:\/\/janeke1830.it\/wp-content\/uploads\/2025\/12\/logo-nero-janeke.png","width":1824,"height":829,"caption":"J\u00e4neke 1830"},"image":{"@id":"https:\/\/janeke1830.it\/#\/schema\/logo\/image\/"},"sameAs":["https:\/\/www.facebook.com\/janeke1830","https:\/\/www.instagram.com\/janeke1830official","https:\/\/www.linkedin.com\/company\/giorgio-janeke-s-r-l-\/"]}]}},"_links":{"self":[{"href":"https:\/\/janeke1830.it\/de\/wp-json\/wp\/v2\/product\/10443","targetHints":{"allow":["GET"]}}],"collection":[{"href":"https:\/\/janeke1830.it\/de\/wp-json\/wp\/v2\/product"}],"about":[{"href":"https:\/\/janeke1830.it\/de\/wp-json\/wp\/v2\/types\/product"}],"replies":[{"embeddable":true,"href":"https:\/\/janeke1830.it\/de\/wp-json\/wp\/v2\/comments?post=10443"}],"wp:featuredmedia":[{"embeddable":true,"href":"https:\/\/janeke1830.it\/de\/wp-json\/wp\/v2\/media\/804"}],"wp:attachment":[{"href":"https:\/\/janeke1830.it\/de\/wp-json\/wp\/v2\/media?parent=10443"}],"wp:term":[{"taxonomy":"product_brand","embeddable":true,"href":"https:\/\/janeke1830.it\/de\/wp-json\/wp\/v2\/product_brand?post=10443"},{"taxonomy":"product_cat","embeddable":true,"href":"https:\/\/janeke1830.it\/de\/wp-json\/wp\/v2\/product_cat?post=10443"},{"taxonomy":"product_tag","embeddable":true,"href":"https:\/\/janeke1830.it\/de\/wp-json\/wp\/v2\/product_tag?post=10443"}],"curies":[{"name":"wp","href":"https:\/\/api.w.org\/{rel}","templated":true}]}}