{"id":10267,"date":"2025-12-02T16:02:03","date_gmt":"2025-12-02T15:02:03","guid":{"rendered":"https:\/\/janeke1830.it\/prodotto\/thermobuerste-spirale-aluminium\/"},"modified":"2026-02-10T14:42:45","modified_gmt":"2026-02-10T13:42:45","slug":"thermobuerste-spirale-aluminium","status":"publish","type":"product","link":"https:\/\/janeke1830.it\/de\/prodotto\/thermobuerste-spirale-aluminium\/","title":{"rendered":"Thermob\u00fcrste Spirale Aluminium"},"content":{"rendered":"","protected":false},"excerpt":{"rendered":"<p>Runde thermische Spiralb\u00fcrste, Aluminiumzylinder.<\/p>\n<p>Die L\u00f6cher erm\u00f6glichen ein schnelleres Trocknen und das Metallrohr hilft beim Gl\u00e4tten der Haare. Der ergonomische Griff mit der Drossel macht es einfacher, die B\u00fcrste zwischen Daumen und Zeigefinger zu drehen. Mit abnehmbarer Spitze zum Nachzeichnen von Haarpartien beim Trocknen.  <\/p>\n","protected":false},"featured_media":10269,"comment_status":"closed","ping_status":"closed","template":"","meta":[],"product_brand":[1028],"product_cat":[1032],"product_tag":[1179],"class_list":{"0":"post-10267","1":"product","2":"type-product","3":"status-publish","4":"has-post-thumbnail","6":"product_brand-professional","7":"product_cat-pinsel","8":"product_tag-profi-bursten","10":"first","11":"instock","12":"shipping-taxable","13":"purchasable","14":"product-type-variable","15":"has-default-attributes","16":"wvs-archive-product-wrapper"},"yoast_head":"<!-- This site is optimized with the Yoast SEO plugin v27.1.1 - https:\/\/yoast.com\/product\/yoast-seo-wordpress\/ -->\n<title>J\u00e4neke Spiral Aluminium Thermob\u00fcrste - Schnelles Styling<\/title>\n<meta name=\"description\" content=\"Erzielen Sie schnelle und pr\u00e4zise Falten mit der J\u00e4neke Spiral Aluminium Thermob\u00fcrste. Ergonomischer Aluminiumzylinder. Kaufen Sie sie jetzt!\" \/>\n<meta name=\"robots\" content=\"index, follow, max-snippet:-1, max-image-preview:large, max-video-preview:-1\" \/>\n<link rel=\"canonical\" href=\"https:\/\/janeke1830.it\/de\/prodotto\/thermobuerste-spirale-aluminium\/\" \/>\n<meta property=\"og:locale\" content=\"de_DE\" \/>\n<meta property=\"og:type\" content=\"article\" \/>\n<meta property=\"og:title\" content=\"J\u00e4neke Spiral Aluminium Thermob\u00fcrste - Schnelles Styling\" \/>\n<meta property=\"og:description\" content=\"Erzielen Sie schnelle und pr\u00e4zise Falten mit der J\u00e4neke Spiral Aluminium Thermob\u00fcrste. Ergonomischer Aluminiumzylinder. Kaufen Sie sie jetzt!\" \/>\n<meta property=\"og:url\" content=\"https:\/\/janeke1830.it\/de\/prodotto\/thermobuerste-spirale-aluminium\/\" \/>\n<meta property=\"og:site_name\" content=\"J\u00e4neke\" \/>\n<meta property=\"article:publisher\" content=\"https:\/\/www.facebook.com\/janeke1830\" \/>\n<meta property=\"article:modified_time\" content=\"2026-02-10T13:42:45+00:00\" \/>\n<meta property=\"og:image\" content=\"https:\/\/janeke1830.it\/wp-content\/uploads\/2026\/01\/SP614C-ALMTiraciocche.png\" \/>\n\t<meta property=\"og:image:width\" content=\"1024\" \/>\n\t<meta property=\"og:image:height\" content=\"1024\" \/>\n\t<meta property=\"og:image:type\" content=\"image\/png\" \/>\n<meta name=\"twitter:card\" content=\"summary_large_image\" \/>\n<script type=\"application\/ld+json\" class=\"yoast-schema-graph\">{\"@context\":\"https:\/\/schema.org\",\"@graph\":[{\"@type\":\"WebPage\",\"@id\":\"https:\/\/janeke1830.it\/de\/prodotto\/thermobuerste-spirale-aluminium\/\",\"url\":\"https:\/\/janeke1830.it\/de\/prodotto\/thermobuerste-spirale-aluminium\/\",\"name\":\"J\u00e4neke Spiral Aluminium Thermob\u00fcrste - Schnelles Styling\",\"isPartOf\":{\"@id\":\"https:\/\/janeke1830.it\/#website\"},\"primaryImageOfPage\":{\"@id\":\"https:\/\/janeke1830.it\/de\/prodotto\/thermobuerste-spirale-aluminium\/#primaryimage\"},\"image\":{\"@id\":\"https:\/\/janeke1830.it\/de\/prodotto\/thermobuerste-spirale-aluminium\/#primaryimage\"},\"thumbnailUrl\":\"https:\/\/janeke1830.it\/wp-content\/uploads\/2026\/01\/spazzola-spiral-65mm-nero-sp614c-almtiraciocche.png\",\"datePublished\":\"2025-12-02T15:02:03+00:00\",\"dateModified\":\"2026-02-10T13:42:45+00:00\",\"description\":\"Erzielen Sie schnelle und pr\u00e4zise Falten mit der J\u00e4neke Spiral Aluminium Thermob\u00fcrste. Ergonomischer Aluminiumzylinder. Kaufen Sie sie jetzt!\",\"breadcrumb\":{\"@id\":\"https:\/\/janeke1830.it\/de\/prodotto\/thermobuerste-spirale-aluminium\/#breadcrumb\"},\"inLanguage\":\"de\",\"potentialAction\":[{\"@type\":\"ReadAction\",\"target\":[\"https:\/\/janeke1830.it\/de\/prodotto\/thermobuerste-spirale-aluminium\/\"]}]},{\"@type\":\"ImageObject\",\"inLanguage\":\"de\",\"@id\":\"https:\/\/janeke1830.it\/de\/prodotto\/thermobuerste-spirale-aluminium\/#primaryimage\",\"url\":\"https:\/\/janeke1830.it\/wp-content\/uploads\/2026\/01\/spazzola-spiral-65mm-nero-sp614c-almtiraciocche.png\",\"contentUrl\":\"https:\/\/janeke1830.it\/wp-content\/uploads\/2026\/01\/spazzola-spiral-65mm-nero-sp614c-almtiraciocche.png\",\"width\":1024,\"height\":1024,\"caption\":\"Spazzola termica Spiral alluminio 65mm nero J\u00e4neke per asciugatura rapida\"},{\"@type\":\"BreadcrumbList\",\"@id\":\"https:\/\/janeke1830.it\/de\/prodotto\/thermobuerste-spirale-aluminium\/#breadcrumb\",\"itemListElement\":[{\"@type\":\"ListItem\",\"position\":1,\"name\":\"Home\",\"item\":\"https:\/\/janeke1830.it\/de\/startseite\/\"},{\"@type\":\"ListItem\",\"position\":2,\"name\":\"Shop\",\"item\":\"https:\/\/janeke1830.it\/de\/shop\/\"},{\"@type\":\"ListItem\",\"position\":3,\"name\":\"Thermob\u00fcrste Spirale Aluminium\"}]},{\"@type\":\"WebSite\",\"@id\":\"https:\/\/janeke1830.it\/#website\",\"url\":\"https:\/\/janeke1830.it\/\",\"name\":\"J\u00e4neke 1830\",\"description\":\"\",\"publisher\":{\"@id\":\"https:\/\/janeke1830.it\/#organization\"},\"potentialAction\":[{\"@type\":\"SearchAction\",\"target\":{\"@type\":\"EntryPoint\",\"urlTemplate\":\"https:\/\/janeke1830.it\/?s={search_term_string}\"},\"query-input\":{\"@type\":\"PropertyValueSpecification\",\"valueRequired\":true,\"valueName\":\"search_term_string\"}}],\"inLanguage\":\"de\"},{\"@type\":\"Organization\",\"@id\":\"https:\/\/janeke1830.it\/#organization\",\"name\":\"J\u00e4neke 1830\",\"url\":\"https:\/\/janeke1830.it\/\",\"logo\":{\"@type\":\"ImageObject\",\"inLanguage\":\"de\",\"@id\":\"https:\/\/janeke1830.it\/#\/schema\/logo\/image\/\",\"url\":\"https:\/\/janeke1830.it\/wp-content\/uploads\/2025\/12\/logo-nero-janeke.png\",\"contentUrl\":\"https:\/\/janeke1830.it\/wp-content\/uploads\/2025\/12\/logo-nero-janeke.png\",\"width\":1824,\"height\":829,\"caption\":\"J\u00e4neke 1830\"},\"image\":{\"@id\":\"https:\/\/janeke1830.it\/#\/schema\/logo\/image\/\"},\"sameAs\":[\"https:\/\/www.facebook.com\/janeke1830\",\"https:\/\/www.instagram.com\/janeke1830official\",\"https:\/\/www.linkedin.com\/company\/giorgio-janeke-s-r-l-\/\"]}]}<\/script>\n<!-- \/ Yoast SEO plugin. -->","yoast_head_json":{"title":"J\u00e4neke Spiral Aluminium Thermob\u00fcrste - Schnelles Styling","description":"Erzielen Sie schnelle und pr\u00e4zise Falten mit der J\u00e4neke Spiral Aluminium Thermob\u00fcrste. Ergonomischer Aluminiumzylinder. Kaufen Sie sie jetzt!","robots":{"index":"index","follow":"follow","max-snippet":"max-snippet:-1","max-image-preview":"max-image-preview:large","max-video-preview":"max-video-preview:-1"},"canonical":"https:\/\/janeke1830.it\/de\/prodotto\/thermobuerste-spirale-aluminium\/","og_locale":"de_DE","og_type":"article","og_title":"J\u00e4neke Spiral Aluminium Thermob\u00fcrste - Schnelles Styling","og_description":"Erzielen Sie schnelle und pr\u00e4zise Falten mit der J\u00e4neke Spiral Aluminium Thermob\u00fcrste. Ergonomischer Aluminiumzylinder. Kaufen Sie sie jetzt!","og_url":"https:\/\/janeke1830.it\/de\/prodotto\/thermobuerste-spirale-aluminium\/","og_site_name":"J\u00e4neke","article_publisher":"https:\/\/www.facebook.com\/janeke1830","article_modified_time":"2026-02-10T13:42:45+00:00","og_image":[{"width":1024,"height":1024,"url":"https:\/\/janeke1830.it\/wp-content\/uploads\/2026\/01\/SP614C-ALMTiraciocche.png","type":"image\/png"}],"twitter_card":"summary_large_image","schema":{"@context":"https:\/\/schema.org","@graph":[{"@type":"WebPage","@id":"https:\/\/janeke1830.it\/de\/prodotto\/thermobuerste-spirale-aluminium\/","url":"https:\/\/janeke1830.it\/de\/prodotto\/thermobuerste-spirale-aluminium\/","name":"J\u00e4neke Spiral Aluminium Thermob\u00fcrste - Schnelles Styling","isPartOf":{"@id":"https:\/\/janeke1830.it\/#website"},"primaryImageOfPage":{"@id":"https:\/\/janeke1830.it\/de\/prodotto\/thermobuerste-spirale-aluminium\/#primaryimage"},"image":{"@id":"https:\/\/janeke1830.it\/de\/prodotto\/thermobuerste-spirale-aluminium\/#primaryimage"},"thumbnailUrl":"https:\/\/janeke1830.it\/wp-content\/uploads\/2026\/01\/spazzola-spiral-65mm-nero-sp614c-almtiraciocche.png","datePublished":"2025-12-02T15:02:03+00:00","dateModified":"2026-02-10T13:42:45+00:00","description":"Erzielen Sie schnelle und pr\u00e4zise Falten mit der J\u00e4neke Spiral Aluminium Thermob\u00fcrste. Ergonomischer Aluminiumzylinder. Kaufen Sie sie jetzt!","breadcrumb":{"@id":"https:\/\/janeke1830.it\/de\/prodotto\/thermobuerste-spirale-aluminium\/#breadcrumb"},"inLanguage":"de","potentialAction":[{"@type":"ReadAction","target":["https:\/\/janeke1830.it\/de\/prodotto\/thermobuerste-spirale-aluminium\/"]}]},{"@type":"ImageObject","inLanguage":"de","@id":"https:\/\/janeke1830.it\/de\/prodotto\/thermobuerste-spirale-aluminium\/#primaryimage","url":"https:\/\/janeke1830.it\/wp-content\/uploads\/2026\/01\/spazzola-spiral-65mm-nero-sp614c-almtiraciocche.png","contentUrl":"https:\/\/janeke1830.it\/wp-content\/uploads\/2026\/01\/spazzola-spiral-65mm-nero-sp614c-almtiraciocche.png","width":1024,"height":1024,"caption":"Spazzola termica Spiral alluminio 65mm nero J\u00e4neke per asciugatura rapida"},{"@type":"BreadcrumbList","@id":"https:\/\/janeke1830.it\/de\/prodotto\/thermobuerste-spirale-aluminium\/#breadcrumb","itemListElement":[{"@type":"ListItem","position":1,"name":"Home","item":"https:\/\/janeke1830.it\/de\/startseite\/"},{"@type":"ListItem","position":2,"name":"Shop","item":"https:\/\/janeke1830.it\/de\/shop\/"},{"@type":"ListItem","position":3,"name":"Thermob\u00fcrste Spirale Aluminium"}]},{"@type":"WebSite","@id":"https:\/\/janeke1830.it\/#website","url":"https:\/\/janeke1830.it\/","name":"J\u00e4neke 1830","description":"","publisher":{"@id":"https:\/\/janeke1830.it\/#organization"},"potentialAction":[{"@type":"SearchAction","target":{"@type":"EntryPoint","urlTemplate":"https:\/\/janeke1830.it\/?s={search_term_string}"},"query-input":{"@type":"PropertyValueSpecification","valueRequired":true,"valueName":"search_term_string"}}],"inLanguage":"de"},{"@type":"Organization","@id":"https:\/\/janeke1830.it\/#organization","name":"J\u00e4neke 1830","url":"https:\/\/janeke1830.it\/","logo":{"@type":"ImageObject","inLanguage":"de","@id":"https:\/\/janeke1830.it\/#\/schema\/logo\/image\/","url":"https:\/\/janeke1830.it\/wp-content\/uploads\/2025\/12\/logo-nero-janeke.png","contentUrl":"https:\/\/janeke1830.it\/wp-content\/uploads\/2025\/12\/logo-nero-janeke.png","width":1824,"height":829,"caption":"J\u00e4neke 1830"},"image":{"@id":"https:\/\/janeke1830.it\/#\/schema\/logo\/image\/"},"sameAs":["https:\/\/www.facebook.com\/janeke1830","https:\/\/www.instagram.com\/janeke1830official","https:\/\/www.linkedin.com\/company\/giorgio-janeke-s-r-l-\/"]}]}},"_links":{"self":[{"href":"https:\/\/janeke1830.it\/de\/wp-json\/wp\/v2\/product\/10267","targetHints":{"allow":["GET"]}}],"collection":[{"href":"https:\/\/janeke1830.it\/de\/wp-json\/wp\/v2\/product"}],"about":[{"href":"https:\/\/janeke1830.it\/de\/wp-json\/wp\/v2\/types\/product"}],"replies":[{"embeddable":true,"href":"https:\/\/janeke1830.it\/de\/wp-json\/wp\/v2\/comments?post=10267"}],"wp:featuredmedia":[{"embeddable":true,"href":"https:\/\/janeke1830.it\/de\/wp-json\/wp\/v2\/media\/10269"}],"wp:attachment":[{"href":"https:\/\/janeke1830.it\/de\/wp-json\/wp\/v2\/media?parent=10267"}],"wp:term":[{"taxonomy":"product_brand","embeddable":true,"href":"https:\/\/janeke1830.it\/de\/wp-json\/wp\/v2\/product_brand?post=10267"},{"taxonomy":"product_cat","embeddable":true,"href":"https:\/\/janeke1830.it\/de\/wp-json\/wp\/v2\/product_cat?post=10267"},{"taxonomy":"product_tag","embeddable":true,"href":"https:\/\/janeke1830.it\/de\/wp-json\/wp\/v2\/product_tag?post=10267"}],"curies":[{"name":"wp","href":"https:\/\/api.w.org\/{rel}","templated":true}]}}