{"id":10218,"date":"2025-12-02T17:05:37","date_gmt":"2025-12-02T16:05:37","guid":{"rendered":"https:\/\/janeke1830.it\/prodotto\/professioneller-kohlekamm\/"},"modified":"2026-03-03T11:47:30","modified_gmt":"2026-03-03T10:47:30","slug":"professioneller-kohlekamm","status":"publish","type":"product","link":"https:\/\/janeke1830.it\/de\/prodotto\/professioneller-kohlekamm\/","title":{"rendered":"Professioneller Kohlekamm"},"content":{"rendered":"","protected":false},"excerpt":{"rendered":"<p><em>19 cm<\/em><\/p>\n<p>Schneidekamm f\u00fcr M\u00e4nner f\u00fcr kurzes Haar. Die sp\u00e4rliche Dichte der Z\u00e4hne ist f\u00fcr dickere Locken, die dickeren f\u00fcr Trimmk\u00e4mme. Die kleinere Gr\u00f6\u00dfe macht ihn handlicher f\u00fcr weniger dichtes Haar und auch f\u00fcr Kinderk\u00f6pfe.  <\/p>\n","protected":false},"featured_media":940,"comment_status":"closed","ping_status":"closed","template":"","meta":[],"product_brand":[1028],"product_cat":[1029],"product_tag":[1176,1030],"class_list":{"0":"post-10218","1":"product","2":"type-product","3":"status-publish","4":"has-post-thumbnail","6":"product_brand-professional","7":"product_cat-kamme","8":"product_tag-kohlenstoff","9":"product_tag-profi-kamme","11":"first","12":"instock","13":"shipping-taxable","14":"purchasable","15":"product-type-simple"},"yoast_head":"<!-- This site is optimized with the Yoast SEO plugin v27.6 - https:\/\/yoast.com\/product\/yoast-seo-wordpress\/ -->\n<title>J\u00e4neke Professional Kohlekamm - Pr\u00e4ziser Schnitt<\/title>\n<meta name=\"description\" content=\"J\u00e4neke Professional Carbon Comb: handlicher, dicht und sp\u00e4rlich gezahnter Kamm f\u00fcr das Schneiden und Trimmen von M\u00e4nnern. Auch ideal f\u00fcr Kinder. Entdecken Sie ihn!\" \/>\n<meta name=\"robots\" content=\"index, follow, max-snippet:-1, max-image-preview:large, max-video-preview:-1\" \/>\n<link rel=\"canonical\" href=\"https:\/\/janeke1830.it\/de\/prodotto\/professioneller-kohlekamm\/\" \/>\n<meta property=\"og:locale\" content=\"de_DE\" \/>\n<meta property=\"og:type\" content=\"article\" \/>\n<meta property=\"og:title\" content=\"J\u00e4neke Professional Kohlekamm - Pr\u00e4ziser Schnitt\" \/>\n<meta property=\"og:description\" content=\"J\u00e4neke Professional Carbon Comb: handlicher, dicht und sp\u00e4rlich gezahnter Kamm f\u00fcr das Schneiden und Trimmen von M\u00e4nnern. Auch ideal f\u00fcr Kinder. Entdecken Sie ihn!\" \/>\n<meta property=\"og:url\" content=\"https:\/\/janeke1830.it\/de\/prodotto\/professioneller-kohlekamm\/\" \/>\n<meta property=\"og:site_name\" content=\"J\u00e4neke\" \/>\n<meta property=\"article:publisher\" content=\"https:\/\/www.facebook.com\/janeke1830\" \/>\n<meta property=\"article:modified_time\" content=\"2026-03-03T10:47:30+00:00\" \/>\n<meta property=\"og:image\" content=\"https:\/\/janeke1830.it\/wp-content\/uploads\/2026\/01\/55879.png\" \/>\n\t<meta property=\"og:image:width\" content=\"1024\" \/>\n\t<meta property=\"og:image:height\" content=\"1024\" \/>\n\t<meta property=\"og:image:type\" content=\"image\/png\" \/>\n<meta name=\"twitter:card\" content=\"summary_large_image\" \/>\n<script type=\"application\/ld+json\" class=\"yoast-schema-graph\">{\"@context\":\"https:\\\/\\\/schema.org\",\"@graph\":[{\"@type\":\"WebPage\",\"@id\":\"https:\\\/\\\/janeke1830.it\\\/de\\\/prodotto\\\/professioneller-kohlekamm\\\/\",\"url\":\"https:\\\/\\\/janeke1830.it\\\/de\\\/prodotto\\\/professioneller-kohlekamm\\\/\",\"name\":\"J\u00e4neke Professional Kohlekamm - Pr\u00e4ziser Schnitt\",\"isPartOf\":{\"@id\":\"https:\\\/\\\/janeke1830.it\\\/#website\"},\"primaryImageOfPage\":{\"@id\":\"https:\\\/\\\/janeke1830.it\\\/de\\\/prodotto\\\/professioneller-kohlekamm\\\/#primaryimage\"},\"image\":{\"@id\":\"https:\\\/\\\/janeke1830.it\\\/de\\\/prodotto\\\/professioneller-kohlekamm\\\/#primaryimage\"},\"thumbnailUrl\":\"https:\\\/\\\/janeke1830.it\\\/wp-content\\\/uploads\\\/2026\\\/01\\\/pettine-professionale-carbonio-55879.png\",\"datePublished\":\"2025-12-02T16:05:37+00:00\",\"dateModified\":\"2026-03-03T10:47:30+00:00\",\"description\":\"J\u00e4neke Professional Carbon Comb: handlicher, dicht und sp\u00e4rlich gezahnter Kamm f\u00fcr das Schneiden und Trimmen von M\u00e4nnern. Auch ideal f\u00fcr Kinder. Entdecken Sie ihn!\",\"breadcrumb\":{\"@id\":\"https:\\\/\\\/janeke1830.it\\\/de\\\/prodotto\\\/professioneller-kohlekamm\\\/#breadcrumb\"},\"inLanguage\":\"de\",\"potentialAction\":[{\"@type\":\"ReadAction\",\"target\":[\"https:\\\/\\\/janeke1830.it\\\/de\\\/prodotto\\\/professioneller-kohlekamm\\\/\"]}]},{\"@type\":\"ImageObject\",\"inLanguage\":\"de\",\"@id\":\"https:\\\/\\\/janeke1830.it\\\/de\\\/prodotto\\\/professioneller-kohlekamm\\\/#primaryimage\",\"url\":\"https:\\\/\\\/janeke1830.it\\\/wp-content\\\/uploads\\\/2026\\\/01\\\/pettine-professionale-carbonio-55879.png\",\"contentUrl\":\"https:\\\/\\\/janeke1830.it\\\/wp-content\\\/uploads\\\/2026\\\/01\\\/pettine-professionale-carbonio-55879.png\",\"width\":1024,\"height\":1024,\"caption\":\"Pettine carbonio J\u00e4neke denti radi fitti per rifiniture precise\"},{\"@type\":\"BreadcrumbList\",\"@id\":\"https:\\\/\\\/janeke1830.it\\\/de\\\/prodotto\\\/professioneller-kohlekamm\\\/#breadcrumb\",\"itemListElement\":[{\"@type\":\"ListItem\",\"position\":1,\"name\":\"Home\",\"item\":\"https:\\\/\\\/janeke1830.it\\\/de\\\/startseite\\\/\"},{\"@type\":\"ListItem\",\"position\":2,\"name\":\"Shop\",\"item\":\"https:\\\/\\\/janeke1830.it\\\/de\\\/shop\\\/\"},{\"@type\":\"ListItem\",\"position\":3,\"name\":\"Professioneller Kohlekamm\"}]},{\"@type\":\"WebSite\",\"@id\":\"https:\\\/\\\/janeke1830.it\\\/#website\",\"url\":\"https:\\\/\\\/janeke1830.it\\\/\",\"name\":\"J\u00e4neke 1830\",\"description\":\"\",\"publisher\":{\"@id\":\"https:\\\/\\\/janeke1830.it\\\/#organization\"},\"potentialAction\":[{\"@type\":\"SearchAction\",\"target\":{\"@type\":\"EntryPoint\",\"urlTemplate\":\"https:\\\/\\\/janeke1830.it\\\/?s={search_term_string}\"},\"query-input\":{\"@type\":\"PropertyValueSpecification\",\"valueRequired\":true,\"valueName\":\"search_term_string\"}}],\"inLanguage\":\"de\"},{\"@type\":\"Organization\",\"@id\":\"https:\\\/\\\/janeke1830.it\\\/#organization\",\"name\":\"J\u00e4neke 1830\",\"url\":\"https:\\\/\\\/janeke1830.it\\\/\",\"logo\":{\"@type\":\"ImageObject\",\"inLanguage\":\"de\",\"@id\":\"https:\\\/\\\/janeke1830.it\\\/#\\\/schema\\\/logo\\\/image\\\/\",\"url\":\"https:\\\/\\\/janeke1830.it\\\/wp-content\\\/uploads\\\/2025\\\/12\\\/logo-nero-janeke.png\",\"contentUrl\":\"https:\\\/\\\/janeke1830.it\\\/wp-content\\\/uploads\\\/2025\\\/12\\\/logo-nero-janeke.png\",\"width\":1824,\"height\":829,\"caption\":\"J\u00e4neke 1830\"},\"image\":{\"@id\":\"https:\\\/\\\/janeke1830.it\\\/#\\\/schema\\\/logo\\\/image\\\/\"},\"sameAs\":[\"https:\\\/\\\/www.facebook.com\\\/janeke1830\",\"https:\\\/\\\/www.instagram.com\\\/janeke1830official\",\"https:\\\/\\\/www.linkedin.com\\\/company\\\/giorgio-janeke-s-r-l-\\\/\"]}]}<\/script>\n<!-- \/ Yoast SEO plugin. -->","yoast_head_json":{"title":"J\u00e4neke Professional Kohlekamm - Pr\u00e4ziser Schnitt","description":"J\u00e4neke Professional Carbon Comb: handlicher, dicht und sp\u00e4rlich gezahnter Kamm f\u00fcr das Schneiden und Trimmen von M\u00e4nnern. Auch ideal f\u00fcr Kinder. Entdecken Sie ihn!","robots":{"index":"index","follow":"follow","max-snippet":"max-snippet:-1","max-image-preview":"max-image-preview:large","max-video-preview":"max-video-preview:-1"},"canonical":"https:\/\/janeke1830.it\/de\/prodotto\/professioneller-kohlekamm\/","og_locale":"de_DE","og_type":"article","og_title":"J\u00e4neke Professional Kohlekamm - Pr\u00e4ziser Schnitt","og_description":"J\u00e4neke Professional Carbon Comb: handlicher, dicht und sp\u00e4rlich gezahnter Kamm f\u00fcr das Schneiden und Trimmen von M\u00e4nnern. Auch ideal f\u00fcr Kinder. Entdecken Sie ihn!","og_url":"https:\/\/janeke1830.it\/de\/prodotto\/professioneller-kohlekamm\/","og_site_name":"J\u00e4neke","article_publisher":"https:\/\/www.facebook.com\/janeke1830","article_modified_time":"2026-03-03T10:47:30+00:00","og_image":[{"width":1024,"height":1024,"url":"https:\/\/janeke1830.it\/wp-content\/uploads\/2026\/01\/55879.png","type":"image\/png"}],"twitter_card":"summary_large_image","schema":{"@context":"https:\/\/schema.org","@graph":[{"@type":"WebPage","@id":"https:\/\/janeke1830.it\/de\/prodotto\/professioneller-kohlekamm\/","url":"https:\/\/janeke1830.it\/de\/prodotto\/professioneller-kohlekamm\/","name":"J\u00e4neke Professional Kohlekamm - Pr\u00e4ziser Schnitt","isPartOf":{"@id":"https:\/\/janeke1830.it\/#website"},"primaryImageOfPage":{"@id":"https:\/\/janeke1830.it\/de\/prodotto\/professioneller-kohlekamm\/#primaryimage"},"image":{"@id":"https:\/\/janeke1830.it\/de\/prodotto\/professioneller-kohlekamm\/#primaryimage"},"thumbnailUrl":"https:\/\/janeke1830.it\/wp-content\/uploads\/2026\/01\/pettine-professionale-carbonio-55879.png","datePublished":"2025-12-02T16:05:37+00:00","dateModified":"2026-03-03T10:47:30+00:00","description":"J\u00e4neke Professional Carbon Comb: handlicher, dicht und sp\u00e4rlich gezahnter Kamm f\u00fcr das Schneiden und Trimmen von M\u00e4nnern. Auch ideal f\u00fcr Kinder. Entdecken Sie ihn!","breadcrumb":{"@id":"https:\/\/janeke1830.it\/de\/prodotto\/professioneller-kohlekamm\/#breadcrumb"},"inLanguage":"de","potentialAction":[{"@type":"ReadAction","target":["https:\/\/janeke1830.it\/de\/prodotto\/professioneller-kohlekamm\/"]}]},{"@type":"ImageObject","inLanguage":"de","@id":"https:\/\/janeke1830.it\/de\/prodotto\/professioneller-kohlekamm\/#primaryimage","url":"https:\/\/janeke1830.it\/wp-content\/uploads\/2026\/01\/pettine-professionale-carbonio-55879.png","contentUrl":"https:\/\/janeke1830.it\/wp-content\/uploads\/2026\/01\/pettine-professionale-carbonio-55879.png","width":1024,"height":1024,"caption":"Pettine carbonio J\u00e4neke denti radi fitti per rifiniture precise"},{"@type":"BreadcrumbList","@id":"https:\/\/janeke1830.it\/de\/prodotto\/professioneller-kohlekamm\/#breadcrumb","itemListElement":[{"@type":"ListItem","position":1,"name":"Home","item":"https:\/\/janeke1830.it\/de\/startseite\/"},{"@type":"ListItem","position":2,"name":"Shop","item":"https:\/\/janeke1830.it\/de\/shop\/"},{"@type":"ListItem","position":3,"name":"Professioneller Kohlekamm"}]},{"@type":"WebSite","@id":"https:\/\/janeke1830.it\/#website","url":"https:\/\/janeke1830.it\/","name":"J\u00e4neke 1830","description":"","publisher":{"@id":"https:\/\/janeke1830.it\/#organization"},"potentialAction":[{"@type":"SearchAction","target":{"@type":"EntryPoint","urlTemplate":"https:\/\/janeke1830.it\/?s={search_term_string}"},"query-input":{"@type":"PropertyValueSpecification","valueRequired":true,"valueName":"search_term_string"}}],"inLanguage":"de"},{"@type":"Organization","@id":"https:\/\/janeke1830.it\/#organization","name":"J\u00e4neke 1830","url":"https:\/\/janeke1830.it\/","logo":{"@type":"ImageObject","inLanguage":"de","@id":"https:\/\/janeke1830.it\/#\/schema\/logo\/image\/","url":"https:\/\/janeke1830.it\/wp-content\/uploads\/2025\/12\/logo-nero-janeke.png","contentUrl":"https:\/\/janeke1830.it\/wp-content\/uploads\/2025\/12\/logo-nero-janeke.png","width":1824,"height":829,"caption":"J\u00e4neke 1830"},"image":{"@id":"https:\/\/janeke1830.it\/#\/schema\/logo\/image\/"},"sameAs":["https:\/\/www.facebook.com\/janeke1830","https:\/\/www.instagram.com\/janeke1830official","https:\/\/www.linkedin.com\/company\/giorgio-janeke-s-r-l-\/"]}]}},"_links":{"self":[{"href":"https:\/\/janeke1830.it\/de\/wp-json\/wp\/v2\/product\/10218","targetHints":{"allow":["GET"]}}],"collection":[{"href":"https:\/\/janeke1830.it\/de\/wp-json\/wp\/v2\/product"}],"about":[{"href":"https:\/\/janeke1830.it\/de\/wp-json\/wp\/v2\/types\/product"}],"replies":[{"embeddable":true,"href":"https:\/\/janeke1830.it\/de\/wp-json\/wp\/v2\/comments?post=10218"}],"wp:featuredmedia":[{"embeddable":true,"href":"https:\/\/janeke1830.it\/de\/wp-json\/wp\/v2\/media\/940"}],"wp:attachment":[{"href":"https:\/\/janeke1830.it\/de\/wp-json\/wp\/v2\/media?parent=10218"}],"wp:term":[{"taxonomy":"product_brand","embeddable":true,"href":"https:\/\/janeke1830.it\/de\/wp-json\/wp\/v2\/product_brand?post=10218"},{"taxonomy":"product_cat","embeddable":true,"href":"https:\/\/janeke1830.it\/de\/wp-json\/wp\/v2\/product_cat?post=10218"},{"taxonomy":"product_tag","embeddable":true,"href":"https:\/\/janeke1830.it\/de\/wp-json\/wp\/v2\/product_tag?post=10218"}],"curies":[{"name":"wp","href":"https:\/\/api.w.org\/{rel}","templated":true}]}}