{"id":10195,"date":"2026-01-10T14:49:55","date_gmt":"2026-01-10T13:49:55","guid":{"rendered":"https:\/\/janeke1830.it\/prodotto\/grosse-pneumatische-buerste\/"},"modified":"2026-02-05T16:04:36","modified_gmt":"2026-02-05T15:04:36","slug":"grosse-pneumatische-buerste","status":"publish","type":"product","link":"https:\/\/janeke1830.it\/de\/prodotto\/grosse-pneumatische-buerste\/","title":{"rendered":"Gro\u00dfe pneumatische B\u00fcrste"},"content":{"rendered":"","protected":false},"excerpt":{"rendered":"<p>Die B\u00fcrste wurde entwickelt, um das Haar sanft zu entwirren und gleichzeitig die Kopfhaut zu massieren, um die Durchblutung anzuregen. Die pneumatische Struktur sorgt f\u00fcr Flexibilit\u00e4t und reduziert Haarbruch und Frizz, w\u00e4hrend die Stacheln den Druck beim Stylen gleichm\u00e4\u00dfig verteilen. <\/p>\n<p>Er ist ideal f\u00fcr alle Haartypen und vereint Funktionalit\u00e4t, Komfort und die unverwechselbare Qualit\u00e4t der Marke Janeke.<\/p>\n","protected":false},"featured_media":1013,"comment_status":"closed","ping_status":"closed","template":"","meta":[],"product_brand":[1021],"product_cat":[1032],"product_tag":[1171],"class_list":{"0":"post-10195","1":"product","2":"type-product","3":"status-publish","4":"has-post-thumbnail","6":"product_brand-luxury","7":"product_cat-pinsel","8":"product_tag-peumatica","10":"first","11":"instock","12":"shipping-taxable","13":"purchasable","14":"product-type-variable","15":"wvs-archive-product-wrapper"},"yoast_head":"<!-- This site is optimized with the Yoast SEO plugin v27.6 - https:\/\/yoast.com\/product\/yoast-seo-wordpress\/ -->\n<title>J\u00e4neke Gro\u00dfe pneumatische B\u00fcrste - Entwirren und Massieren<\/title>\n<meta name=\"description\" content=\"Die J\u00e4neke Big Pneumatic Brush massiert die Haut und entwirrt sanft die Knoten. Stoppen Sie Haarbruch und Frizz. Jetzt online bestellen!\" \/>\n<meta name=\"robots\" content=\"index, follow, max-snippet:-1, max-image-preview:large, max-video-preview:-1\" \/>\n<link rel=\"canonical\" href=\"https:\/\/janeke1830.it\/de\/prodotto\/grosse-pneumatische-buerste\/\" \/>\n<meta property=\"og:locale\" content=\"de_DE\" \/>\n<meta property=\"og:type\" content=\"article\" \/>\n<meta property=\"og:title\" content=\"J\u00e4neke Gro\u00dfe pneumatische B\u00fcrste - Entwirren und Massieren\" \/>\n<meta property=\"og:description\" content=\"Die J\u00e4neke Big Pneumatic Brush massiert die Haut und entwirrt sanft die Knoten. Stoppen Sie Haarbruch und Frizz. Jetzt online bestellen!\" \/>\n<meta property=\"og:url\" content=\"https:\/\/janeke1830.it\/de\/prodotto\/grosse-pneumatische-buerste\/\" \/>\n<meta property=\"og:site_name\" content=\"J\u00e4neke\" \/>\n<meta property=\"article:publisher\" content=\"https:\/\/www.facebook.com\/janeke1830\" \/>\n<meta property=\"article:modified_time\" content=\"2026-02-05T15:04:36+00:00\" \/>\n<meta property=\"og:image\" content=\"https:\/\/janeke1830.it\/wp-content\/uploads\/2026\/01\/AUSP22G-e1769093460797.png\" \/>\n\t<meta property=\"og:image:width\" content=\"980\" \/>\n\t<meta property=\"og:image:height\" content=\"973\" \/>\n\t<meta property=\"og:image:type\" content=\"image\/png\" \/>\n<meta name=\"twitter:card\" content=\"summary_large_image\" \/>\n<script type=\"application\/ld+json\" class=\"yoast-schema-graph\">{\"@context\":\"https:\\\/\\\/schema.org\",\"@graph\":[{\"@type\":\"WebPage\",\"@id\":\"https:\\\/\\\/janeke1830.it\\\/de\\\/prodotto\\\/grosse-pneumatische-buerste\\\/\",\"url\":\"https:\\\/\\\/janeke1830.it\\\/de\\\/prodotto\\\/grosse-pneumatische-buerste\\\/\",\"name\":\"J\u00e4neke Gro\u00dfe pneumatische B\u00fcrste - Entwirren und Massieren\",\"isPartOf\":{\"@id\":\"https:\\\/\\\/janeke1830.it\\\/#website\"},\"primaryImageOfPage\":{\"@id\":\"https:\\\/\\\/janeke1830.it\\\/de\\\/prodotto\\\/grosse-pneumatische-buerste\\\/#primaryimage\"},\"image\":{\"@id\":\"https:\\\/\\\/janeke1830.it\\\/de\\\/prodotto\\\/grosse-pneumatische-buerste\\\/#primaryimage\"},\"thumbnailUrl\":\"https:\\\/\\\/janeke1830.it\\\/wp-content\\\/uploads\\\/2026\\\/01\\\/spazzola-pneumatica-grande-oro-ausp22g.png\",\"datePublished\":\"2026-01-10T13:49:55+00:00\",\"dateModified\":\"2026-02-05T15:04:36+00:00\",\"description\":\"Die J\u00e4neke Big Pneumatic Brush massiert die Haut und entwirrt sanft die Knoten. Stoppen Sie Haarbruch und Frizz. Jetzt online bestellen!\",\"breadcrumb\":{\"@id\":\"https:\\\/\\\/janeke1830.it\\\/de\\\/prodotto\\\/grosse-pneumatische-buerste\\\/#breadcrumb\"},\"inLanguage\":\"de\",\"potentialAction\":[{\"@type\":\"ReadAction\",\"target\":[\"https:\\\/\\\/janeke1830.it\\\/de\\\/prodotto\\\/grosse-pneumatische-buerste\\\/\"]}]},{\"@type\":\"ImageObject\",\"inLanguage\":\"de\",\"@id\":\"https:\\\/\\\/janeke1830.it\\\/de\\\/prodotto\\\/grosse-pneumatische-buerste\\\/#primaryimage\",\"url\":\"https:\\\/\\\/janeke1830.it\\\/wp-content\\\/uploads\\\/2026\\\/01\\\/spazzola-pneumatica-grande-oro-ausp22g.png\",\"contentUrl\":\"https:\\\/\\\/janeke1830.it\\\/wp-content\\\/uploads\\\/2026\\\/01\\\/spazzola-pneumatica-grande-oro-ausp22g.png\",\"width\":980,\"height\":973,\"caption\":\"Spazzola pneumatica grande oro lucido delicata J\u00e4neke Made in Italy\"},{\"@type\":\"BreadcrumbList\",\"@id\":\"https:\\\/\\\/janeke1830.it\\\/de\\\/prodotto\\\/grosse-pneumatische-buerste\\\/#breadcrumb\",\"itemListElement\":[{\"@type\":\"ListItem\",\"position\":1,\"name\":\"Home\",\"item\":\"https:\\\/\\\/janeke1830.it\\\/de\\\/startseite\\\/\"},{\"@type\":\"ListItem\",\"position\":2,\"name\":\"Shop\",\"item\":\"https:\\\/\\\/janeke1830.it\\\/de\\\/shop\\\/\"},{\"@type\":\"ListItem\",\"position\":3,\"name\":\"Gro\u00dfe pneumatische B\u00fcrste\"}]},{\"@type\":\"WebSite\",\"@id\":\"https:\\\/\\\/janeke1830.it\\\/#website\",\"url\":\"https:\\\/\\\/janeke1830.it\\\/\",\"name\":\"J\u00e4neke 1830\",\"description\":\"\",\"publisher\":{\"@id\":\"https:\\\/\\\/janeke1830.it\\\/#organization\"},\"potentialAction\":[{\"@type\":\"SearchAction\",\"target\":{\"@type\":\"EntryPoint\",\"urlTemplate\":\"https:\\\/\\\/janeke1830.it\\\/?s={search_term_string}\"},\"query-input\":{\"@type\":\"PropertyValueSpecification\",\"valueRequired\":true,\"valueName\":\"search_term_string\"}}],\"inLanguage\":\"de\"},{\"@type\":\"Organization\",\"@id\":\"https:\\\/\\\/janeke1830.it\\\/#organization\",\"name\":\"J\u00e4neke 1830\",\"url\":\"https:\\\/\\\/janeke1830.it\\\/\",\"logo\":{\"@type\":\"ImageObject\",\"inLanguage\":\"de\",\"@id\":\"https:\\\/\\\/janeke1830.it\\\/#\\\/schema\\\/logo\\\/image\\\/\",\"url\":\"https:\\\/\\\/janeke1830.it\\\/wp-content\\\/uploads\\\/2025\\\/12\\\/logo-nero-janeke.png\",\"contentUrl\":\"https:\\\/\\\/janeke1830.it\\\/wp-content\\\/uploads\\\/2025\\\/12\\\/logo-nero-janeke.png\",\"width\":1824,\"height\":829,\"caption\":\"J\u00e4neke 1830\"},\"image\":{\"@id\":\"https:\\\/\\\/janeke1830.it\\\/#\\\/schema\\\/logo\\\/image\\\/\"},\"sameAs\":[\"https:\\\/\\\/www.facebook.com\\\/janeke1830\",\"https:\\\/\\\/www.instagram.com\\\/janeke1830official\",\"https:\\\/\\\/www.linkedin.com\\\/company\\\/giorgio-janeke-s-r-l-\\\/\"]}]}<\/script>\n<!-- \/ Yoast SEO plugin. -->","yoast_head_json":{"title":"J\u00e4neke Gro\u00dfe pneumatische B\u00fcrste - Entwirren und Massieren","description":"Die J\u00e4neke Big Pneumatic Brush massiert die Haut und entwirrt sanft die Knoten. Stoppen Sie Haarbruch und Frizz. Jetzt online bestellen!","robots":{"index":"index","follow":"follow","max-snippet":"max-snippet:-1","max-image-preview":"max-image-preview:large","max-video-preview":"max-video-preview:-1"},"canonical":"https:\/\/janeke1830.it\/de\/prodotto\/grosse-pneumatische-buerste\/","og_locale":"de_DE","og_type":"article","og_title":"J\u00e4neke Gro\u00dfe pneumatische B\u00fcrste - Entwirren und Massieren","og_description":"Die J\u00e4neke Big Pneumatic Brush massiert die Haut und entwirrt sanft die Knoten. Stoppen Sie Haarbruch und Frizz. Jetzt online bestellen!","og_url":"https:\/\/janeke1830.it\/de\/prodotto\/grosse-pneumatische-buerste\/","og_site_name":"J\u00e4neke","article_publisher":"https:\/\/www.facebook.com\/janeke1830","article_modified_time":"2026-02-05T15:04:36+00:00","og_image":[{"width":980,"height":973,"url":"https:\/\/janeke1830.it\/wp-content\/uploads\/2026\/01\/AUSP22G-e1769093460797.png","type":"image\/png"}],"twitter_card":"summary_large_image","schema":{"@context":"https:\/\/schema.org","@graph":[{"@type":"WebPage","@id":"https:\/\/janeke1830.it\/de\/prodotto\/grosse-pneumatische-buerste\/","url":"https:\/\/janeke1830.it\/de\/prodotto\/grosse-pneumatische-buerste\/","name":"J\u00e4neke Gro\u00dfe pneumatische B\u00fcrste - Entwirren und Massieren","isPartOf":{"@id":"https:\/\/janeke1830.it\/#website"},"primaryImageOfPage":{"@id":"https:\/\/janeke1830.it\/de\/prodotto\/grosse-pneumatische-buerste\/#primaryimage"},"image":{"@id":"https:\/\/janeke1830.it\/de\/prodotto\/grosse-pneumatische-buerste\/#primaryimage"},"thumbnailUrl":"https:\/\/janeke1830.it\/wp-content\/uploads\/2026\/01\/spazzola-pneumatica-grande-oro-ausp22g.png","datePublished":"2026-01-10T13:49:55+00:00","dateModified":"2026-02-05T15:04:36+00:00","description":"Die J\u00e4neke Big Pneumatic Brush massiert die Haut und entwirrt sanft die Knoten. Stoppen Sie Haarbruch und Frizz. Jetzt online bestellen!","breadcrumb":{"@id":"https:\/\/janeke1830.it\/de\/prodotto\/grosse-pneumatische-buerste\/#breadcrumb"},"inLanguage":"de","potentialAction":[{"@type":"ReadAction","target":["https:\/\/janeke1830.it\/de\/prodotto\/grosse-pneumatische-buerste\/"]}]},{"@type":"ImageObject","inLanguage":"de","@id":"https:\/\/janeke1830.it\/de\/prodotto\/grosse-pneumatische-buerste\/#primaryimage","url":"https:\/\/janeke1830.it\/wp-content\/uploads\/2026\/01\/spazzola-pneumatica-grande-oro-ausp22g.png","contentUrl":"https:\/\/janeke1830.it\/wp-content\/uploads\/2026\/01\/spazzola-pneumatica-grande-oro-ausp22g.png","width":980,"height":973,"caption":"Spazzola pneumatica grande oro lucido delicata J\u00e4neke Made in Italy"},{"@type":"BreadcrumbList","@id":"https:\/\/janeke1830.it\/de\/prodotto\/grosse-pneumatische-buerste\/#breadcrumb","itemListElement":[{"@type":"ListItem","position":1,"name":"Home","item":"https:\/\/janeke1830.it\/de\/startseite\/"},{"@type":"ListItem","position":2,"name":"Shop","item":"https:\/\/janeke1830.it\/de\/shop\/"},{"@type":"ListItem","position":3,"name":"Gro\u00dfe pneumatische B\u00fcrste"}]},{"@type":"WebSite","@id":"https:\/\/janeke1830.it\/#website","url":"https:\/\/janeke1830.it\/","name":"J\u00e4neke 1830","description":"","publisher":{"@id":"https:\/\/janeke1830.it\/#organization"},"potentialAction":[{"@type":"SearchAction","target":{"@type":"EntryPoint","urlTemplate":"https:\/\/janeke1830.it\/?s={search_term_string}"},"query-input":{"@type":"PropertyValueSpecification","valueRequired":true,"valueName":"search_term_string"}}],"inLanguage":"de"},{"@type":"Organization","@id":"https:\/\/janeke1830.it\/#organization","name":"J\u00e4neke 1830","url":"https:\/\/janeke1830.it\/","logo":{"@type":"ImageObject","inLanguage":"de","@id":"https:\/\/janeke1830.it\/#\/schema\/logo\/image\/","url":"https:\/\/janeke1830.it\/wp-content\/uploads\/2025\/12\/logo-nero-janeke.png","contentUrl":"https:\/\/janeke1830.it\/wp-content\/uploads\/2025\/12\/logo-nero-janeke.png","width":1824,"height":829,"caption":"J\u00e4neke 1830"},"image":{"@id":"https:\/\/janeke1830.it\/#\/schema\/logo\/image\/"},"sameAs":["https:\/\/www.facebook.com\/janeke1830","https:\/\/www.instagram.com\/janeke1830official","https:\/\/www.linkedin.com\/company\/giorgio-janeke-s-r-l-\/"]}]}},"_links":{"self":[{"href":"https:\/\/janeke1830.it\/de\/wp-json\/wp\/v2\/product\/10195","targetHints":{"allow":["GET"]}}],"collection":[{"href":"https:\/\/janeke1830.it\/de\/wp-json\/wp\/v2\/product"}],"about":[{"href":"https:\/\/janeke1830.it\/de\/wp-json\/wp\/v2\/types\/product"}],"replies":[{"embeddable":true,"href":"https:\/\/janeke1830.it\/de\/wp-json\/wp\/v2\/comments?post=10195"}],"wp:featuredmedia":[{"embeddable":true,"href":"https:\/\/janeke1830.it\/de\/wp-json\/wp\/v2\/media\/1013"}],"wp:attachment":[{"href":"https:\/\/janeke1830.it\/de\/wp-json\/wp\/v2\/media?parent=10195"}],"wp:term":[{"taxonomy":"product_brand","embeddable":true,"href":"https:\/\/janeke1830.it\/de\/wp-json\/wp\/v2\/product_brand?post=10195"},{"taxonomy":"product_cat","embeddable":true,"href":"https:\/\/janeke1830.it\/de\/wp-json\/wp\/v2\/product_cat?post=10195"},{"taxonomy":"product_tag","embeddable":true,"href":"https:\/\/janeke1830.it\/de\/wp-json\/wp\/v2\/product_tag?post=10195"}],"curies":[{"name":"wp","href":"https:\/\/api.w.org\/{rel}","templated":true}]}}