{"id":10188,"date":"2026-01-10T14:50:57","date_gmt":"2026-01-10T13:50:57","guid":{"rendered":"https:\/\/janeke1830.it\/prodotto\/superpinsel-mit-spiegel\/"},"modified":"2026-02-05T16:04:49","modified_gmt":"2026-02-05T15:04:49","slug":"superpinsel-mit-spiegel","status":"publish","type":"product","link":"https:\/\/janeke1830.it\/de\/prodotto\/superpinsel-mit-spiegel\/","title":{"rendered":"Superbrush mit Spiegel"},"content":{"rendered":"","protected":false},"excerpt":{"rendered":"<p>Die raffinierte und praktische<strong> Janeke Superbrush mit Spiegel<\/strong> verbindet die Eleganz des italienischen Designs mit der Funktionalit\u00e4t des Alltags. Die kompakte Basis und die flexiblen Stacheln entwirren das Haar sanft, reduzieren Haarbruch und machen es weich und gl\u00e4nzend. Der integrierte Spiegel ist ein elegantes und praktisches Detail, ideal f\u00fcr das Styling zu jeder Tageszeit.  <\/p>\n<p>Es eignet sich perfekt f\u00fcr Ihre Handtasche oder f\u00fcr Reisen und bietet die Qualit\u00e4t und die Liebe zum Detail, die die Marke Janeke auszeichnet.<\/p>\n","protected":false},"featured_media":1032,"comment_status":"closed","ping_status":"closed","template":"","meta":[],"product_brand":[1021],"product_cat":[1032],"product_tag":[1126],"class_list":{"0":"post-10188","1":"product","2":"type-product","3":"status-publish","4":"has-post-thumbnail","6":"product_brand-luxury","7":"product_cat-pinsel","8":"product_tag-gold","10":"first","11":"instock","12":"shipping-taxable","13":"purchasable","14":"product-type-variable","15":"wvs-archive-product-wrapper"},"yoast_head":"<!-- This site is optimized with the Yoast SEO plugin v27.5 - https:\/\/yoast.com\/product\/yoast-seo-wordpress\/ -->\n<title>J\u00e4neke Superbrush mit Spiegel - Praktisch und stilvoll<\/title>\n<meta name=\"description\" content=\"Nehmen Sie die J\u00e4neke Superbrush mit Spiegel \u00fcberallhin mit. Entwirrt sanft und retuschiert die B\u00fcgelfalte. Kombiniert Stil und Zweckm\u00e4\u00dfigkeit. Kaufen Sie sie!\" \/>\n<meta name=\"robots\" content=\"index, follow, max-snippet:-1, max-image-preview:large, max-video-preview:-1\" \/>\n<link rel=\"canonical\" href=\"https:\/\/janeke1830.it\/de\/prodotto\/superpinsel-mit-spiegel\/\" \/>\n<meta property=\"og:locale\" content=\"de_DE\" \/>\n<meta property=\"og:type\" content=\"article\" \/>\n<meta property=\"og:title\" content=\"J\u00e4neke Superbrush mit Spiegel - Praktisch und stilvoll\" \/>\n<meta property=\"og:description\" content=\"Nehmen Sie die J\u00e4neke Superbrush mit Spiegel \u00fcberallhin mit. Entwirrt sanft und retuschiert die B\u00fcgelfalte. Kombiniert Stil und Zweckm\u00e4\u00dfigkeit. Kaufen Sie sie!\" \/>\n<meta property=\"og:url\" content=\"https:\/\/janeke1830.it\/de\/prodotto\/superpinsel-mit-spiegel\/\" \/>\n<meta property=\"og:site_name\" content=\"J\u00e4neke\" \/>\n<meta property=\"article:publisher\" content=\"https:\/\/www.facebook.com\/janeke1830\" \/>\n<meta property=\"article:modified_time\" content=\"2026-02-05T15:04:49+00:00\" \/>\n<meta property=\"og:image\" content=\"https:\/\/janeke1830.it\/wp-content\/uploads\/2026\/01\/AUSP230SP-1-1.png\" \/>\n\t<meta property=\"og:image:width\" content=\"1024\" \/>\n\t<meta property=\"og:image:height\" content=\"1024\" \/>\n\t<meta property=\"og:image:type\" content=\"image\/png\" \/>\n<meta name=\"twitter:card\" content=\"summary_large_image\" \/>\n<script type=\"application\/ld+json\" class=\"yoast-schema-graph\">{\"@context\":\"https:\\\/\\\/schema.org\",\"@graph\":[{\"@type\":\"WebPage\",\"@id\":\"https:\\\/\\\/janeke1830.it\\\/de\\\/prodotto\\\/superpinsel-mit-spiegel\\\/\",\"url\":\"https:\\\/\\\/janeke1830.it\\\/de\\\/prodotto\\\/superpinsel-mit-spiegel\\\/\",\"name\":\"J\u00e4neke Superbrush mit Spiegel - Praktisch und stilvoll\",\"isPartOf\":{\"@id\":\"https:\\\/\\\/janeke1830.it\\\/#website\"},\"primaryImageOfPage\":{\"@id\":\"https:\\\/\\\/janeke1830.it\\\/de\\\/prodotto\\\/superpinsel-mit-spiegel\\\/#primaryimage\"},\"image\":{\"@id\":\"https:\\\/\\\/janeke1830.it\\\/de\\\/prodotto\\\/superpinsel-mit-spiegel\\\/#primaryimage\"},\"thumbnailUrl\":\"https:\\\/\\\/janeke1830.it\\\/wp-content\\\/uploads\\\/2026\\\/01\\\/superbrush-spazzola-specchio-oro-ausp230sp-1-1.png\",\"datePublished\":\"2026-01-10T13:50:57+00:00\",\"dateModified\":\"2026-02-05T15:04:49+00:00\",\"description\":\"Nehmen Sie die J\u00e4neke Superbrush mit Spiegel \u00fcberallhin mit. Entwirrt sanft und retuschiert die B\u00fcgelfalte. Kombiniert Stil und Zweckm\u00e4\u00dfigkeit. Kaufen Sie sie!\",\"breadcrumb\":{\"@id\":\"https:\\\/\\\/janeke1830.it\\\/de\\\/prodotto\\\/superpinsel-mit-spiegel\\\/#breadcrumb\"},\"inLanguage\":\"de\",\"potentialAction\":[{\"@type\":\"ReadAction\",\"target\":[\"https:\\\/\\\/janeke1830.it\\\/de\\\/prodotto\\\/superpinsel-mit-spiegel\\\/\"]}]},{\"@type\":\"ImageObject\",\"inLanguage\":\"de\",\"@id\":\"https:\\\/\\\/janeke1830.it\\\/de\\\/prodotto\\\/superpinsel-mit-spiegel\\\/#primaryimage\",\"url\":\"https:\\\/\\\/janeke1830.it\\\/wp-content\\\/uploads\\\/2026\\\/01\\\/superbrush-spazzola-specchio-oro-ausp230sp-1-1.png\",\"contentUrl\":\"https:\\\/\\\/janeke1830.it\\\/wp-content\\\/uploads\\\/2026\\\/01\\\/superbrush-spazzola-specchio-oro-ausp230sp-1-1.png\",\"width\":1024,\"height\":1024,\"caption\":\"Spazzola Superbrush oro con specchio integrato da borsetta lusso J\u00e4neke\"},{\"@type\":\"BreadcrumbList\",\"@id\":\"https:\\\/\\\/janeke1830.it\\\/de\\\/prodotto\\\/superpinsel-mit-spiegel\\\/#breadcrumb\",\"itemListElement\":[{\"@type\":\"ListItem\",\"position\":1,\"name\":\"Home\",\"item\":\"https:\\\/\\\/janeke1830.it\\\/de\\\/startseite\\\/\"},{\"@type\":\"ListItem\",\"position\":2,\"name\":\"Shop\",\"item\":\"https:\\\/\\\/janeke1830.it\\\/de\\\/shop\\\/\"},{\"@type\":\"ListItem\",\"position\":3,\"name\":\"Superbrush mit Spiegel\"}]},{\"@type\":\"WebSite\",\"@id\":\"https:\\\/\\\/janeke1830.it\\\/#website\",\"url\":\"https:\\\/\\\/janeke1830.it\\\/\",\"name\":\"J\u00e4neke 1830\",\"description\":\"\",\"publisher\":{\"@id\":\"https:\\\/\\\/janeke1830.it\\\/#organization\"},\"potentialAction\":[{\"@type\":\"SearchAction\",\"target\":{\"@type\":\"EntryPoint\",\"urlTemplate\":\"https:\\\/\\\/janeke1830.it\\\/?s={search_term_string}\"},\"query-input\":{\"@type\":\"PropertyValueSpecification\",\"valueRequired\":true,\"valueName\":\"search_term_string\"}}],\"inLanguage\":\"de\"},{\"@type\":\"Organization\",\"@id\":\"https:\\\/\\\/janeke1830.it\\\/#organization\",\"name\":\"J\u00e4neke 1830\",\"url\":\"https:\\\/\\\/janeke1830.it\\\/\",\"logo\":{\"@type\":\"ImageObject\",\"inLanguage\":\"de\",\"@id\":\"https:\\\/\\\/janeke1830.it\\\/#\\\/schema\\\/logo\\\/image\\\/\",\"url\":\"https:\\\/\\\/janeke1830.it\\\/wp-content\\\/uploads\\\/2025\\\/12\\\/logo-nero-janeke.png\",\"contentUrl\":\"https:\\\/\\\/janeke1830.it\\\/wp-content\\\/uploads\\\/2025\\\/12\\\/logo-nero-janeke.png\",\"width\":1824,\"height\":829,\"caption\":\"J\u00e4neke 1830\"},\"image\":{\"@id\":\"https:\\\/\\\/janeke1830.it\\\/#\\\/schema\\\/logo\\\/image\\\/\"},\"sameAs\":[\"https:\\\/\\\/www.facebook.com\\\/janeke1830\",\"https:\\\/\\\/www.instagram.com\\\/janeke1830official\",\"https:\\\/\\\/www.linkedin.com\\\/company\\\/giorgio-janeke-s-r-l-\\\/\"]}]}<\/script>\n<!-- \/ Yoast SEO plugin. -->","yoast_head_json":{"title":"J\u00e4neke Superbrush mit Spiegel - Praktisch und stilvoll","description":"Nehmen Sie die J\u00e4neke Superbrush mit Spiegel \u00fcberallhin mit. Entwirrt sanft und retuschiert die B\u00fcgelfalte. Kombiniert Stil und Zweckm\u00e4\u00dfigkeit. Kaufen Sie sie!","robots":{"index":"index","follow":"follow","max-snippet":"max-snippet:-1","max-image-preview":"max-image-preview:large","max-video-preview":"max-video-preview:-1"},"canonical":"https:\/\/janeke1830.it\/de\/prodotto\/superpinsel-mit-spiegel\/","og_locale":"de_DE","og_type":"article","og_title":"J\u00e4neke Superbrush mit Spiegel - Praktisch und stilvoll","og_description":"Nehmen Sie die J\u00e4neke Superbrush mit Spiegel \u00fcberallhin mit. Entwirrt sanft und retuschiert die B\u00fcgelfalte. Kombiniert Stil und Zweckm\u00e4\u00dfigkeit. Kaufen Sie sie!","og_url":"https:\/\/janeke1830.it\/de\/prodotto\/superpinsel-mit-spiegel\/","og_site_name":"J\u00e4neke","article_publisher":"https:\/\/www.facebook.com\/janeke1830","article_modified_time":"2026-02-05T15:04:49+00:00","og_image":[{"width":1024,"height":1024,"url":"https:\/\/janeke1830.it\/wp-content\/uploads\/2026\/01\/AUSP230SP-1-1.png","type":"image\/png"}],"twitter_card":"summary_large_image","schema":{"@context":"https:\/\/schema.org","@graph":[{"@type":"WebPage","@id":"https:\/\/janeke1830.it\/de\/prodotto\/superpinsel-mit-spiegel\/","url":"https:\/\/janeke1830.it\/de\/prodotto\/superpinsel-mit-spiegel\/","name":"J\u00e4neke Superbrush mit Spiegel - Praktisch und stilvoll","isPartOf":{"@id":"https:\/\/janeke1830.it\/#website"},"primaryImageOfPage":{"@id":"https:\/\/janeke1830.it\/de\/prodotto\/superpinsel-mit-spiegel\/#primaryimage"},"image":{"@id":"https:\/\/janeke1830.it\/de\/prodotto\/superpinsel-mit-spiegel\/#primaryimage"},"thumbnailUrl":"https:\/\/janeke1830.it\/wp-content\/uploads\/2026\/01\/superbrush-spazzola-specchio-oro-ausp230sp-1-1.png","datePublished":"2026-01-10T13:50:57+00:00","dateModified":"2026-02-05T15:04:49+00:00","description":"Nehmen Sie die J\u00e4neke Superbrush mit Spiegel \u00fcberallhin mit. Entwirrt sanft und retuschiert die B\u00fcgelfalte. Kombiniert Stil und Zweckm\u00e4\u00dfigkeit. Kaufen Sie sie!","breadcrumb":{"@id":"https:\/\/janeke1830.it\/de\/prodotto\/superpinsel-mit-spiegel\/#breadcrumb"},"inLanguage":"de","potentialAction":[{"@type":"ReadAction","target":["https:\/\/janeke1830.it\/de\/prodotto\/superpinsel-mit-spiegel\/"]}]},{"@type":"ImageObject","inLanguage":"de","@id":"https:\/\/janeke1830.it\/de\/prodotto\/superpinsel-mit-spiegel\/#primaryimage","url":"https:\/\/janeke1830.it\/wp-content\/uploads\/2026\/01\/superbrush-spazzola-specchio-oro-ausp230sp-1-1.png","contentUrl":"https:\/\/janeke1830.it\/wp-content\/uploads\/2026\/01\/superbrush-spazzola-specchio-oro-ausp230sp-1-1.png","width":1024,"height":1024,"caption":"Spazzola Superbrush oro con specchio integrato da borsetta lusso J\u00e4neke"},{"@type":"BreadcrumbList","@id":"https:\/\/janeke1830.it\/de\/prodotto\/superpinsel-mit-spiegel\/#breadcrumb","itemListElement":[{"@type":"ListItem","position":1,"name":"Home","item":"https:\/\/janeke1830.it\/de\/startseite\/"},{"@type":"ListItem","position":2,"name":"Shop","item":"https:\/\/janeke1830.it\/de\/shop\/"},{"@type":"ListItem","position":3,"name":"Superbrush mit Spiegel"}]},{"@type":"WebSite","@id":"https:\/\/janeke1830.it\/#website","url":"https:\/\/janeke1830.it\/","name":"J\u00e4neke 1830","description":"","publisher":{"@id":"https:\/\/janeke1830.it\/#organization"},"potentialAction":[{"@type":"SearchAction","target":{"@type":"EntryPoint","urlTemplate":"https:\/\/janeke1830.it\/?s={search_term_string}"},"query-input":{"@type":"PropertyValueSpecification","valueRequired":true,"valueName":"search_term_string"}}],"inLanguage":"de"},{"@type":"Organization","@id":"https:\/\/janeke1830.it\/#organization","name":"J\u00e4neke 1830","url":"https:\/\/janeke1830.it\/","logo":{"@type":"ImageObject","inLanguage":"de","@id":"https:\/\/janeke1830.it\/#\/schema\/logo\/image\/","url":"https:\/\/janeke1830.it\/wp-content\/uploads\/2025\/12\/logo-nero-janeke.png","contentUrl":"https:\/\/janeke1830.it\/wp-content\/uploads\/2025\/12\/logo-nero-janeke.png","width":1824,"height":829,"caption":"J\u00e4neke 1830"},"image":{"@id":"https:\/\/janeke1830.it\/#\/schema\/logo\/image\/"},"sameAs":["https:\/\/www.facebook.com\/janeke1830","https:\/\/www.instagram.com\/janeke1830official","https:\/\/www.linkedin.com\/company\/giorgio-janeke-s-r-l-\/"]}]}},"_links":{"self":[{"href":"https:\/\/janeke1830.it\/de\/wp-json\/wp\/v2\/product\/10188","targetHints":{"allow":["GET"]}}],"collection":[{"href":"https:\/\/janeke1830.it\/de\/wp-json\/wp\/v2\/product"}],"about":[{"href":"https:\/\/janeke1830.it\/de\/wp-json\/wp\/v2\/types\/product"}],"replies":[{"embeddable":true,"href":"https:\/\/janeke1830.it\/de\/wp-json\/wp\/v2\/comments?post=10188"}],"wp:featuredmedia":[{"embeddable":true,"href":"https:\/\/janeke1830.it\/de\/wp-json\/wp\/v2\/media\/1032"}],"wp:attachment":[{"href":"https:\/\/janeke1830.it\/de\/wp-json\/wp\/v2\/media?parent=10188"}],"wp:term":[{"taxonomy":"product_brand","embeddable":true,"href":"https:\/\/janeke1830.it\/de\/wp-json\/wp\/v2\/product_brand?post=10188"},{"taxonomy":"product_cat","embeddable":true,"href":"https:\/\/janeke1830.it\/de\/wp-json\/wp\/v2\/product_cat?post=10188"},{"taxonomy":"product_tag","embeddable":true,"href":"https:\/\/janeke1830.it\/de\/wp-json\/wp\/v2\/product_tag?post=10188"}],"curies":[{"name":"wp","href":"https:\/\/api.w.org\/{rel}","templated":true}]}}