{"id":10119,"date":"2026-01-21T17:54:35","date_gmt":"2026-01-21T16:54:35","guid":{"rendered":"https:\/\/janeke1830.it\/prodotto\/superpinsel\/"},"modified":"2026-02-05T15:46:30","modified_gmt":"2026-02-05T14:46:30","slug":"superpinsel","status":"publish","type":"product","link":"https:\/\/janeke1830.it\/de\/prodotto\/superpinsel\/","title":{"rendered":"Superbrush"},"content":{"rendered":"","protected":false},"excerpt":{"rendered":"<p>Professionelle B\u00fcrste mit weichen, geformten Borsten und gelochtem Wabenboden. Ideal f\u00fcr die Dusche und zum F\u00f6hnen. Sie entwirrt Knoten, ohne das Haar zu brechen. Der wabenf\u00f6rmige Boden verk\u00fcrzt die Trocknungszeit. Leicht und einfach zu handhaben.    <\/p>\n","protected":false},"featured_media":10124,"comment_status":"closed","ping_status":"closed","template":"","meta":[],"product_brand":[1057],"product_cat":[1032],"product_tag":[1059],"class_list":{"0":"post-10119","1":"product","2":"type-product","3":"status-publish","4":"has-post-thumbnail","6":"product_brand-superbrush","7":"product_cat-pinsel","8":"product_tag-superpinsel","10":"first","11":"instock","12":"shipping-taxable","13":"purchasable","14":"product-type-variable","15":"wvs-archive-product-wrapper"},"yoast_head":"<!-- This site is optimized with the Yoast SEO plugin v27.1.1 - https:\/\/yoast.com\/product\/yoast-seo-wordpress\/ -->\n<title>J\u00e4neke Superbrush - Entwirrungsb\u00fcrste mit weichen Borsten<\/title>\n<meta name=\"description\" content=\"Entdecken Sie die J\u00e4neke Superbrush: eine Entwirrungsb\u00fcrste mit Wabenstruktur, die die Trockenzeit verk\u00fcrzt und Knoten l\u00f6st. Jetzt kaufen!\" \/>\n<meta name=\"robots\" content=\"index, follow, max-snippet:-1, max-image-preview:large, max-video-preview:-1\" \/>\n<link rel=\"canonical\" href=\"https:\/\/janeke1830.it\/de\/prodotto\/superpinsel\/\" \/>\n<meta property=\"og:locale\" content=\"de_DE\" \/>\n<meta property=\"og:type\" content=\"article\" \/>\n<meta property=\"og:title\" content=\"J\u00e4neke Superbrush - Entwirrungsb\u00fcrste mit weichen Borsten\" \/>\n<meta property=\"og:description\" content=\"Entdecken Sie die J\u00e4neke Superbrush: eine Entwirrungsb\u00fcrste mit Wabenstruktur, die die Trockenzeit verk\u00fcrzt und Knoten l\u00f6st. Jetzt kaufen!\" \/>\n<meta property=\"og:url\" content=\"https:\/\/janeke1830.it\/de\/prodotto\/superpinsel\/\" \/>\n<meta property=\"og:site_name\" content=\"J\u00e4neke\" \/>\n<meta property=\"article:publisher\" content=\"https:\/\/www.facebook.com\/janeke1830\" \/>\n<meta property=\"article:modified_time\" content=\"2026-02-05T14:46:30+00:00\" \/>\n<meta property=\"og:image\" content=\"https:\/\/janeke1830.it\/wp-content\/uploads\/2026\/01\/86SP226FUX-e1769069721675.png\" \/>\n\t<meta property=\"og:image:width\" content=\"922\" \/>\n\t<meta property=\"og:image:height\" content=\"945\" \/>\n\t<meta property=\"og:image:type\" content=\"image\/png\" \/>\n<meta name=\"twitter:card\" content=\"summary_large_image\" \/>\n<script type=\"application\/ld+json\" class=\"yoast-schema-graph\">{\"@context\":\"https:\/\/schema.org\",\"@graph\":[{\"@type\":\"WebPage\",\"@id\":\"https:\/\/janeke1830.it\/de\/prodotto\/superpinsel\/\",\"url\":\"https:\/\/janeke1830.it\/de\/prodotto\/superpinsel\/\",\"name\":\"J\u00e4neke Superbrush - Entwirrungsb\u00fcrste mit weichen Borsten\",\"isPartOf\":{\"@id\":\"https:\/\/janeke1830.it\/#website\"},\"primaryImageOfPage\":{\"@id\":\"https:\/\/janeke1830.it\/de\/prodotto\/superpinsel\/#primaryimage\"},\"image\":{\"@id\":\"https:\/\/janeke1830.it\/de\/prodotto\/superpinsel\/#primaryimage\"},\"thumbnailUrl\":\"https:\/\/janeke1830.it\/wp-content\/uploads\/2026\/01\/superbrush-fucsia-azzurro-86sp226fux.png\",\"datePublished\":\"2026-01-21T16:54:35+00:00\",\"dateModified\":\"2026-02-05T14:46:30+00:00\",\"description\":\"Entdecken Sie die J\u00e4neke Superbrush: eine Entwirrungsb\u00fcrste mit Wabenstruktur, die die Trockenzeit verk\u00fcrzt und Knoten l\u00f6st. Jetzt kaufen!\",\"breadcrumb\":{\"@id\":\"https:\/\/janeke1830.it\/de\/prodotto\/superpinsel\/#breadcrumb\"},\"inLanguage\":\"de\",\"potentialAction\":[{\"@type\":\"ReadAction\",\"target\":[\"https:\/\/janeke1830.it\/de\/prodotto\/superpinsel\/\"]}]},{\"@type\":\"ImageObject\",\"inLanguage\":\"de\",\"@id\":\"https:\/\/janeke1830.it\/de\/prodotto\/superpinsel\/#primaryimage\",\"url\":\"https:\/\/janeke1830.it\/wp-content\/uploads\/2026\/01\/superbrush-fucsia-azzurro-86sp226fux.png\",\"contentUrl\":\"https:\/\/janeke1830.it\/wp-content\/uploads\/2026\/01\/superbrush-fucsia-azzurro-86sp226fux.png\",\"width\":922,\"height\":945,\"caption\":\"Spazzola districante Superbrush fucsia e azzurro J\u00e4neke\"},{\"@type\":\"BreadcrumbList\",\"@id\":\"https:\/\/janeke1830.it\/de\/prodotto\/superpinsel\/#breadcrumb\",\"itemListElement\":[{\"@type\":\"ListItem\",\"position\":1,\"name\":\"Home\",\"item\":\"https:\/\/janeke1830.it\/de\/startseite\/\"},{\"@type\":\"ListItem\",\"position\":2,\"name\":\"Shop\",\"item\":\"https:\/\/janeke1830.it\/de\/shop\/\"},{\"@type\":\"ListItem\",\"position\":3,\"name\":\"Superbrush\"}]},{\"@type\":\"WebSite\",\"@id\":\"https:\/\/janeke1830.it\/#website\",\"url\":\"https:\/\/janeke1830.it\/\",\"name\":\"J\u00e4neke 1830\",\"description\":\"\",\"publisher\":{\"@id\":\"https:\/\/janeke1830.it\/#organization\"},\"potentialAction\":[{\"@type\":\"SearchAction\",\"target\":{\"@type\":\"EntryPoint\",\"urlTemplate\":\"https:\/\/janeke1830.it\/?s={search_term_string}\"},\"query-input\":{\"@type\":\"PropertyValueSpecification\",\"valueRequired\":true,\"valueName\":\"search_term_string\"}}],\"inLanguage\":\"de\"},{\"@type\":\"Organization\",\"@id\":\"https:\/\/janeke1830.it\/#organization\",\"name\":\"J\u00e4neke 1830\",\"url\":\"https:\/\/janeke1830.it\/\",\"logo\":{\"@type\":\"ImageObject\",\"inLanguage\":\"de\",\"@id\":\"https:\/\/janeke1830.it\/#\/schema\/logo\/image\/\",\"url\":\"https:\/\/janeke1830.it\/wp-content\/uploads\/2025\/12\/logo-nero-janeke.png\",\"contentUrl\":\"https:\/\/janeke1830.it\/wp-content\/uploads\/2025\/12\/logo-nero-janeke.png\",\"width\":1824,\"height\":829,\"caption\":\"J\u00e4neke 1830\"},\"image\":{\"@id\":\"https:\/\/janeke1830.it\/#\/schema\/logo\/image\/\"},\"sameAs\":[\"https:\/\/www.facebook.com\/janeke1830\",\"https:\/\/www.instagram.com\/janeke1830official\",\"https:\/\/www.linkedin.com\/company\/giorgio-janeke-s-r-l-\/\"]}]}<\/script>\n<!-- \/ Yoast SEO plugin. -->","yoast_head_json":{"title":"J\u00e4neke Superbrush - Entwirrungsb\u00fcrste mit weichen Borsten","description":"Entdecken Sie die J\u00e4neke Superbrush: eine Entwirrungsb\u00fcrste mit Wabenstruktur, die die Trockenzeit verk\u00fcrzt und Knoten l\u00f6st. Jetzt kaufen!","robots":{"index":"index","follow":"follow","max-snippet":"max-snippet:-1","max-image-preview":"max-image-preview:large","max-video-preview":"max-video-preview:-1"},"canonical":"https:\/\/janeke1830.it\/de\/prodotto\/superpinsel\/","og_locale":"de_DE","og_type":"article","og_title":"J\u00e4neke Superbrush - Entwirrungsb\u00fcrste mit weichen Borsten","og_description":"Entdecken Sie die J\u00e4neke Superbrush: eine Entwirrungsb\u00fcrste mit Wabenstruktur, die die Trockenzeit verk\u00fcrzt und Knoten l\u00f6st. Jetzt kaufen!","og_url":"https:\/\/janeke1830.it\/de\/prodotto\/superpinsel\/","og_site_name":"J\u00e4neke","article_publisher":"https:\/\/www.facebook.com\/janeke1830","article_modified_time":"2026-02-05T14:46:30+00:00","og_image":[{"width":922,"height":945,"url":"https:\/\/janeke1830.it\/wp-content\/uploads\/2026\/01\/86SP226FUX-e1769069721675.png","type":"image\/png"}],"twitter_card":"summary_large_image","schema":{"@context":"https:\/\/schema.org","@graph":[{"@type":"WebPage","@id":"https:\/\/janeke1830.it\/de\/prodotto\/superpinsel\/","url":"https:\/\/janeke1830.it\/de\/prodotto\/superpinsel\/","name":"J\u00e4neke Superbrush - Entwirrungsb\u00fcrste mit weichen Borsten","isPartOf":{"@id":"https:\/\/janeke1830.it\/#website"},"primaryImageOfPage":{"@id":"https:\/\/janeke1830.it\/de\/prodotto\/superpinsel\/#primaryimage"},"image":{"@id":"https:\/\/janeke1830.it\/de\/prodotto\/superpinsel\/#primaryimage"},"thumbnailUrl":"https:\/\/janeke1830.it\/wp-content\/uploads\/2026\/01\/superbrush-fucsia-azzurro-86sp226fux.png","datePublished":"2026-01-21T16:54:35+00:00","dateModified":"2026-02-05T14:46:30+00:00","description":"Entdecken Sie die J\u00e4neke Superbrush: eine Entwirrungsb\u00fcrste mit Wabenstruktur, die die Trockenzeit verk\u00fcrzt und Knoten l\u00f6st. Jetzt kaufen!","breadcrumb":{"@id":"https:\/\/janeke1830.it\/de\/prodotto\/superpinsel\/#breadcrumb"},"inLanguage":"de","potentialAction":[{"@type":"ReadAction","target":["https:\/\/janeke1830.it\/de\/prodotto\/superpinsel\/"]}]},{"@type":"ImageObject","inLanguage":"de","@id":"https:\/\/janeke1830.it\/de\/prodotto\/superpinsel\/#primaryimage","url":"https:\/\/janeke1830.it\/wp-content\/uploads\/2026\/01\/superbrush-fucsia-azzurro-86sp226fux.png","contentUrl":"https:\/\/janeke1830.it\/wp-content\/uploads\/2026\/01\/superbrush-fucsia-azzurro-86sp226fux.png","width":922,"height":945,"caption":"Spazzola districante Superbrush fucsia e azzurro J\u00e4neke"},{"@type":"BreadcrumbList","@id":"https:\/\/janeke1830.it\/de\/prodotto\/superpinsel\/#breadcrumb","itemListElement":[{"@type":"ListItem","position":1,"name":"Home","item":"https:\/\/janeke1830.it\/de\/startseite\/"},{"@type":"ListItem","position":2,"name":"Shop","item":"https:\/\/janeke1830.it\/de\/shop\/"},{"@type":"ListItem","position":3,"name":"Superbrush"}]},{"@type":"WebSite","@id":"https:\/\/janeke1830.it\/#website","url":"https:\/\/janeke1830.it\/","name":"J\u00e4neke 1830","description":"","publisher":{"@id":"https:\/\/janeke1830.it\/#organization"},"potentialAction":[{"@type":"SearchAction","target":{"@type":"EntryPoint","urlTemplate":"https:\/\/janeke1830.it\/?s={search_term_string}"},"query-input":{"@type":"PropertyValueSpecification","valueRequired":true,"valueName":"search_term_string"}}],"inLanguage":"de"},{"@type":"Organization","@id":"https:\/\/janeke1830.it\/#organization","name":"J\u00e4neke 1830","url":"https:\/\/janeke1830.it\/","logo":{"@type":"ImageObject","inLanguage":"de","@id":"https:\/\/janeke1830.it\/#\/schema\/logo\/image\/","url":"https:\/\/janeke1830.it\/wp-content\/uploads\/2025\/12\/logo-nero-janeke.png","contentUrl":"https:\/\/janeke1830.it\/wp-content\/uploads\/2025\/12\/logo-nero-janeke.png","width":1824,"height":829,"caption":"J\u00e4neke 1830"},"image":{"@id":"https:\/\/janeke1830.it\/#\/schema\/logo\/image\/"},"sameAs":["https:\/\/www.facebook.com\/janeke1830","https:\/\/www.instagram.com\/janeke1830official","https:\/\/www.linkedin.com\/company\/giorgio-janeke-s-r-l-\/"]}]}},"_links":{"self":[{"href":"https:\/\/janeke1830.it\/de\/wp-json\/wp\/v2\/product\/10119","targetHints":{"allow":["GET"]}}],"collection":[{"href":"https:\/\/janeke1830.it\/de\/wp-json\/wp\/v2\/product"}],"about":[{"href":"https:\/\/janeke1830.it\/de\/wp-json\/wp\/v2\/types\/product"}],"replies":[{"embeddable":true,"href":"https:\/\/janeke1830.it\/de\/wp-json\/wp\/v2\/comments?post=10119"}],"wp:featuredmedia":[{"embeddable":true,"href":"https:\/\/janeke1830.it\/de\/wp-json\/wp\/v2\/media\/10124"}],"wp:attachment":[{"href":"https:\/\/janeke1830.it\/de\/wp-json\/wp\/v2\/media?parent=10119"}],"wp:term":[{"taxonomy":"product_brand","embeddable":true,"href":"https:\/\/janeke1830.it\/de\/wp-json\/wp\/v2\/product_brand?post=10119"},{"taxonomy":"product_cat","embeddable":true,"href":"https:\/\/janeke1830.it\/de\/wp-json\/wp\/v2\/product_cat?post=10119"},{"taxonomy":"product_tag","embeddable":true,"href":"https:\/\/janeke1830.it\/de\/wp-json\/wp\/v2\/product_tag?post=10119"}],"curies":[{"name":"wp","href":"https:\/\/api.w.org\/{rel}","templated":true}]}}