{"id":10117,"date":"2026-01-08T09:05:53","date_gmt":"2026-01-08T08:05:53","guid":{"rendered":"https:\/\/janeke1830.it\/prodotto\/kompakter-kamm-aus-gedaempftem-buchenholz\/"},"modified":"2026-03-03T11:47:55","modified_gmt":"2026-03-03T10:47:55","slug":"kompakter-kamm-aus-gedaempftem-buchenholz","status":"publish","type":"product","link":"https:\/\/janeke1830.it\/de\/prodotto\/kompakter-kamm-aus-gedaempftem-buchenholz\/","title":{"rendered":"Kompakter Kamm aus ged\u00e4mpftem Buchenholz"},"content":{"rendered":"","protected":false},"excerpt":{"rendered":"<p>Er ist aus ged\u00e4mpftem Buchenholz gefertigt, kompakt und handlich, ideal zum pr\u00e4zisen K\u00e4mmen selbst der kleinsten Str\u00e4hnen. Die schmalen Z\u00e4hne entwirren das Haar sanft, ohne es zu brechen, reduzieren Frizz und verteilen die nat\u00fcrlichen \u00d6le gleichm\u00e4\u00dfig. <\/p>\n<p>Er ist perfekt f\u00fcr alle Haartypen geeignet und kombiniert Funktionalit\u00e4t, Komfort und die f\u00fcr die Marke Janeke typische Handwerksqualit\u00e4t.<\/p>\n","protected":false},"featured_media":1072,"comment_status":"closed","ping_status":"closed","template":"","meta":[],"product_brand":[1076],"product_cat":[1029],"product_tag":[1058],"class_list":{"0":"post-10117","1":"product","2":"type-product","3":"status-publish","4":"has-post-thumbnail","6":"product_brand-everyday","7":"product_cat-kamme","8":"product_tag-holz","10":"first","11":"instock","12":"shipping-taxable","13":"purchasable","14":"product-type-simple"},"yoast_head":"<!-- This site is optimized with the Yoast SEO plugin v27.1.1 - https:\/\/yoast.com\/product\/yoast-seo-wordpress\/ -->\n<title>Kompaktkamm aus verdampftem Buchenholz - J\u00e4neke 1830<\/title>\n<meta name=\"description\" content=\"J\u00e4neke Kompaktkamm aus ged\u00e4mpftem Buchenholz: Mini-Format f\u00fcr pr\u00e4zises Nacharbeiten. Entwirrt, gl\u00e4nzt und entfernt Frizz. Kaufen Sie ihn!\" \/>\n<meta name=\"robots\" content=\"index, follow, max-snippet:-1, max-image-preview:large, max-video-preview:-1\" \/>\n<link rel=\"canonical\" href=\"https:\/\/janeke1830.it\/de\/prodotto\/kompakter-kamm-aus-gedaempftem-buchenholz\/\" \/>\n<meta property=\"og:locale\" content=\"de_DE\" \/>\n<meta property=\"og:type\" content=\"article\" \/>\n<meta property=\"og:title\" content=\"Kompaktkamm aus verdampftem Buchenholz - J\u00e4neke 1830\" \/>\n<meta property=\"og:description\" content=\"J\u00e4neke Kompaktkamm aus ged\u00e4mpftem Buchenholz: Mini-Format f\u00fcr pr\u00e4zises Nacharbeiten. Entwirrt, gl\u00e4nzt und entfernt Frizz. Kaufen Sie ihn!\" \/>\n<meta property=\"og:url\" content=\"https:\/\/janeke1830.it\/de\/prodotto\/kompakter-kamm-aus-gedaempftem-buchenholz\/\" \/>\n<meta property=\"og:site_name\" content=\"J\u00e4neke\" \/>\n<meta property=\"article:publisher\" content=\"https:\/\/www.facebook.com\/janeke1830\" \/>\n<meta property=\"article:modified_time\" content=\"2026-03-03T10:47:55+00:00\" \/>\n<meta property=\"og:image\" content=\"https:\/\/janeke1830.it\/wp-content\/uploads\/2026\/01\/LG363.png\" \/>\n\t<meta property=\"og:image:width\" content=\"1024\" \/>\n\t<meta property=\"og:image:height\" content=\"1024\" \/>\n\t<meta property=\"og:image:type\" content=\"image\/png\" \/>\n<meta name=\"twitter:card\" content=\"summary_large_image\" \/>\n<script type=\"application\/ld+json\" class=\"yoast-schema-graph\">{\"@context\":\"https:\/\/schema.org\",\"@graph\":[{\"@type\":\"WebPage\",\"@id\":\"https:\/\/janeke1830.it\/de\/prodotto\/kompakter-kamm-aus-gedaempftem-buchenholz\/\",\"url\":\"https:\/\/janeke1830.it\/de\/prodotto\/kompakter-kamm-aus-gedaempftem-buchenholz\/\",\"name\":\"Kompaktkamm aus verdampftem Buchenholz - J\u00e4neke 1830\",\"isPartOf\":{\"@id\":\"https:\/\/janeke1830.it\/#website\"},\"primaryImageOfPage\":{\"@id\":\"https:\/\/janeke1830.it\/de\/prodotto\/kompakter-kamm-aus-gedaempftem-buchenholz\/#primaryimage\"},\"image\":{\"@id\":\"https:\/\/janeke1830.it\/de\/prodotto\/kompakter-kamm-aus-gedaempftem-buchenholz\/#primaryimage\"},\"thumbnailUrl\":\"https:\/\/janeke1830.it\/wp-content\/uploads\/2026\/01\/pettine-compatto-legno-capelli-lg363.png\",\"datePublished\":\"2026-01-08T08:05:53+00:00\",\"dateModified\":\"2026-03-03T10:47:55+00:00\",\"description\":\"J\u00e4neke Kompaktkamm aus ged\u00e4mpftem Buchenholz: Mini-Format f\u00fcr pr\u00e4zises Nacharbeiten. Entwirrt, gl\u00e4nzt und entfernt Frizz. Kaufen Sie ihn!\",\"breadcrumb\":{\"@id\":\"https:\/\/janeke1830.it\/de\/prodotto\/kompakter-kamm-aus-gedaempftem-buchenholz\/#breadcrumb\"},\"inLanguage\":\"de\",\"potentialAction\":[{\"@type\":\"ReadAction\",\"target\":[\"https:\/\/janeke1830.it\/de\/prodotto\/kompakter-kamm-aus-gedaempftem-buchenholz\/\"]}]},{\"@type\":\"ImageObject\",\"inLanguage\":\"de\",\"@id\":\"https:\/\/janeke1830.it\/de\/prodotto\/kompakter-kamm-aus-gedaempftem-buchenholz\/#primaryimage\",\"url\":\"https:\/\/janeke1830.it\/wp-content\/uploads\/2026\/01\/pettine-compatto-legno-capelli-lg363.png\",\"contentUrl\":\"https:\/\/janeke1830.it\/wp-content\/uploads\/2026\/01\/pettine-compatto-legno-capelli-lg363.png\",\"width\":1024,\"height\":1024,\"caption\":\"Pettine compatto J\u00e4neke in legno di faggio evaporato con denti stretti districanti\"},{\"@type\":\"BreadcrumbList\",\"@id\":\"https:\/\/janeke1830.it\/de\/prodotto\/kompakter-kamm-aus-gedaempftem-buchenholz\/#breadcrumb\",\"itemListElement\":[{\"@type\":\"ListItem\",\"position\":1,\"name\":\"Home\",\"item\":\"https:\/\/janeke1830.it\/de\/startseite\/\"},{\"@type\":\"ListItem\",\"position\":2,\"name\":\"Shop\",\"item\":\"https:\/\/janeke1830.it\/de\/shop\/\"},{\"@type\":\"ListItem\",\"position\":3,\"name\":\"Kompakter Kamm aus ged\u00e4mpftem Buchenholz\"}]},{\"@type\":\"WebSite\",\"@id\":\"https:\/\/janeke1830.it\/#website\",\"url\":\"https:\/\/janeke1830.it\/\",\"name\":\"J\u00e4neke 1830\",\"description\":\"\",\"publisher\":{\"@id\":\"https:\/\/janeke1830.it\/#organization\"},\"potentialAction\":[{\"@type\":\"SearchAction\",\"target\":{\"@type\":\"EntryPoint\",\"urlTemplate\":\"https:\/\/janeke1830.it\/?s={search_term_string}\"},\"query-input\":{\"@type\":\"PropertyValueSpecification\",\"valueRequired\":true,\"valueName\":\"search_term_string\"}}],\"inLanguage\":\"de\"},{\"@type\":\"Organization\",\"@id\":\"https:\/\/janeke1830.it\/#organization\",\"name\":\"J\u00e4neke 1830\",\"url\":\"https:\/\/janeke1830.it\/\",\"logo\":{\"@type\":\"ImageObject\",\"inLanguage\":\"de\",\"@id\":\"https:\/\/janeke1830.it\/#\/schema\/logo\/image\/\",\"url\":\"https:\/\/janeke1830.it\/wp-content\/uploads\/2025\/12\/logo-nero-janeke.png\",\"contentUrl\":\"https:\/\/janeke1830.it\/wp-content\/uploads\/2025\/12\/logo-nero-janeke.png\",\"width\":1824,\"height\":829,\"caption\":\"J\u00e4neke 1830\"},\"image\":{\"@id\":\"https:\/\/janeke1830.it\/#\/schema\/logo\/image\/\"},\"sameAs\":[\"https:\/\/www.facebook.com\/janeke1830\",\"https:\/\/www.instagram.com\/janeke1830official\",\"https:\/\/www.linkedin.com\/company\/giorgio-janeke-s-r-l-\/\"]}]}<\/script>\n<!-- \/ Yoast SEO plugin. -->","yoast_head_json":{"title":"Kompaktkamm aus verdampftem Buchenholz - J\u00e4neke 1830","description":"J\u00e4neke Kompaktkamm aus ged\u00e4mpftem Buchenholz: Mini-Format f\u00fcr pr\u00e4zises Nacharbeiten. Entwirrt, gl\u00e4nzt und entfernt Frizz. Kaufen Sie ihn!","robots":{"index":"index","follow":"follow","max-snippet":"max-snippet:-1","max-image-preview":"max-image-preview:large","max-video-preview":"max-video-preview:-1"},"canonical":"https:\/\/janeke1830.it\/de\/prodotto\/kompakter-kamm-aus-gedaempftem-buchenholz\/","og_locale":"de_DE","og_type":"article","og_title":"Kompaktkamm aus verdampftem Buchenholz - J\u00e4neke 1830","og_description":"J\u00e4neke Kompaktkamm aus ged\u00e4mpftem Buchenholz: Mini-Format f\u00fcr pr\u00e4zises Nacharbeiten. Entwirrt, gl\u00e4nzt und entfernt Frizz. Kaufen Sie ihn!","og_url":"https:\/\/janeke1830.it\/de\/prodotto\/kompakter-kamm-aus-gedaempftem-buchenholz\/","og_site_name":"J\u00e4neke","article_publisher":"https:\/\/www.facebook.com\/janeke1830","article_modified_time":"2026-03-03T10:47:55+00:00","og_image":[{"width":1024,"height":1024,"url":"https:\/\/janeke1830.it\/wp-content\/uploads\/2026\/01\/LG363.png","type":"image\/png"}],"twitter_card":"summary_large_image","schema":{"@context":"https:\/\/schema.org","@graph":[{"@type":"WebPage","@id":"https:\/\/janeke1830.it\/de\/prodotto\/kompakter-kamm-aus-gedaempftem-buchenholz\/","url":"https:\/\/janeke1830.it\/de\/prodotto\/kompakter-kamm-aus-gedaempftem-buchenholz\/","name":"Kompaktkamm aus verdampftem Buchenholz - J\u00e4neke 1830","isPartOf":{"@id":"https:\/\/janeke1830.it\/#website"},"primaryImageOfPage":{"@id":"https:\/\/janeke1830.it\/de\/prodotto\/kompakter-kamm-aus-gedaempftem-buchenholz\/#primaryimage"},"image":{"@id":"https:\/\/janeke1830.it\/de\/prodotto\/kompakter-kamm-aus-gedaempftem-buchenholz\/#primaryimage"},"thumbnailUrl":"https:\/\/janeke1830.it\/wp-content\/uploads\/2026\/01\/pettine-compatto-legno-capelli-lg363.png","datePublished":"2026-01-08T08:05:53+00:00","dateModified":"2026-03-03T10:47:55+00:00","description":"J\u00e4neke Kompaktkamm aus ged\u00e4mpftem Buchenholz: Mini-Format f\u00fcr pr\u00e4zises Nacharbeiten. Entwirrt, gl\u00e4nzt und entfernt Frizz. Kaufen Sie ihn!","breadcrumb":{"@id":"https:\/\/janeke1830.it\/de\/prodotto\/kompakter-kamm-aus-gedaempftem-buchenholz\/#breadcrumb"},"inLanguage":"de","potentialAction":[{"@type":"ReadAction","target":["https:\/\/janeke1830.it\/de\/prodotto\/kompakter-kamm-aus-gedaempftem-buchenholz\/"]}]},{"@type":"ImageObject","inLanguage":"de","@id":"https:\/\/janeke1830.it\/de\/prodotto\/kompakter-kamm-aus-gedaempftem-buchenholz\/#primaryimage","url":"https:\/\/janeke1830.it\/wp-content\/uploads\/2026\/01\/pettine-compatto-legno-capelli-lg363.png","contentUrl":"https:\/\/janeke1830.it\/wp-content\/uploads\/2026\/01\/pettine-compatto-legno-capelli-lg363.png","width":1024,"height":1024,"caption":"Pettine compatto J\u00e4neke in legno di faggio evaporato con denti stretti districanti"},{"@type":"BreadcrumbList","@id":"https:\/\/janeke1830.it\/de\/prodotto\/kompakter-kamm-aus-gedaempftem-buchenholz\/#breadcrumb","itemListElement":[{"@type":"ListItem","position":1,"name":"Home","item":"https:\/\/janeke1830.it\/de\/startseite\/"},{"@type":"ListItem","position":2,"name":"Shop","item":"https:\/\/janeke1830.it\/de\/shop\/"},{"@type":"ListItem","position":3,"name":"Kompakter Kamm aus ged\u00e4mpftem Buchenholz"}]},{"@type":"WebSite","@id":"https:\/\/janeke1830.it\/#website","url":"https:\/\/janeke1830.it\/","name":"J\u00e4neke 1830","description":"","publisher":{"@id":"https:\/\/janeke1830.it\/#organization"},"potentialAction":[{"@type":"SearchAction","target":{"@type":"EntryPoint","urlTemplate":"https:\/\/janeke1830.it\/?s={search_term_string}"},"query-input":{"@type":"PropertyValueSpecification","valueRequired":true,"valueName":"search_term_string"}}],"inLanguage":"de"},{"@type":"Organization","@id":"https:\/\/janeke1830.it\/#organization","name":"J\u00e4neke 1830","url":"https:\/\/janeke1830.it\/","logo":{"@type":"ImageObject","inLanguage":"de","@id":"https:\/\/janeke1830.it\/#\/schema\/logo\/image\/","url":"https:\/\/janeke1830.it\/wp-content\/uploads\/2025\/12\/logo-nero-janeke.png","contentUrl":"https:\/\/janeke1830.it\/wp-content\/uploads\/2025\/12\/logo-nero-janeke.png","width":1824,"height":829,"caption":"J\u00e4neke 1830"},"image":{"@id":"https:\/\/janeke1830.it\/#\/schema\/logo\/image\/"},"sameAs":["https:\/\/www.facebook.com\/janeke1830","https:\/\/www.instagram.com\/janeke1830official","https:\/\/www.linkedin.com\/company\/giorgio-janeke-s-r-l-\/"]}]}},"_links":{"self":[{"href":"https:\/\/janeke1830.it\/de\/wp-json\/wp\/v2\/product\/10117","targetHints":{"allow":["GET"]}}],"collection":[{"href":"https:\/\/janeke1830.it\/de\/wp-json\/wp\/v2\/product"}],"about":[{"href":"https:\/\/janeke1830.it\/de\/wp-json\/wp\/v2\/types\/product"}],"replies":[{"embeddable":true,"href":"https:\/\/janeke1830.it\/de\/wp-json\/wp\/v2\/comments?post=10117"}],"wp:featuredmedia":[{"embeddable":true,"href":"https:\/\/janeke1830.it\/de\/wp-json\/wp\/v2\/media\/1072"}],"wp:attachment":[{"href":"https:\/\/janeke1830.it\/de\/wp-json\/wp\/v2\/media?parent=10117"}],"wp:term":[{"taxonomy":"product_brand","embeddable":true,"href":"https:\/\/janeke1830.it\/de\/wp-json\/wp\/v2\/product_brand?post=10117"},{"taxonomy":"product_cat","embeddable":true,"href":"https:\/\/janeke1830.it\/de\/wp-json\/wp\/v2\/product_cat?post=10117"},{"taxonomy":"product_tag","embeddable":true,"href":"https:\/\/janeke1830.it\/de\/wp-json\/wp\/v2\/product_tag?post=10117"}],"curies":[{"name":"wp","href":"https:\/\/api.w.org\/{rel}","templated":true}]}}