{"id":10109,"date":"2026-01-21T17:47:10","date_gmt":"2026-01-21T16:47:10","guid":{"rendered":"https:\/\/janeke1830.it\/prodotto\/superbrush-chrom\/"},"modified":"2026-03-03T11:46:41","modified_gmt":"2026-03-03T10:46:41","slug":"superbrush-chrom","status":"publish","type":"product","link":"https:\/\/janeke1830.it\/de\/prodotto\/superbrush-chrom\/","title":{"rendered":"Superbrush Chrom"},"content":{"rendered":"","protected":false},"excerpt":{"rendered":"<p>Professionelle B\u00fcrste mit weichen, geformten Borsten und gelochtem Wabenboden. Ideal f\u00fcr die Dusche und zum F\u00f6hnen. Sie entwirrt Knoten, ohne das Haar zu brechen. Der wabenf\u00f6rmige Boden verk\u00fcrzt die Trocknungszeit. Leicht und einfach zu handhaben.    <\/p>\n","protected":false},"featured_media":1207,"comment_status":"closed","ping_status":"closed","template":"","meta":[],"product_brand":[1021,1057],"product_cat":[1032],"product_tag":[1132,1059],"class_list":{"0":"post-10109","1":"product","2":"type-product","3":"status-publish","4":"has-post-thumbnail","6":"product_brand-luxury","7":"product_brand-superbrush","8":"product_cat-pinsel","9":"product_tag-chrom","10":"product_tag-superpinsel","12":"first","13":"instock","14":"shipping-taxable","15":"purchasable","16":"product-type-simple"},"yoast_head":"<!-- This site is optimized with the Yoast SEO plugin v27.1.1 - https:\/\/yoast.com\/product\/yoast-seo-wordpress\/ -->\n<title>Superbrush Chrome J\u00e4neke - Professionelle Chrom-B\u00fcrste<\/title>\n<meta name=\"description\" content=\"Die J\u00e4neke Chrome Superbrush hat einen wabenf\u00f6rmigen Boden f\u00fcr schnelles Trocknen. Sie entwirrt Knoten, ohne das Haar zu brechen. Kaufen Sie sie!\" \/>\n<meta name=\"robots\" content=\"index, follow, max-snippet:-1, max-image-preview:large, max-video-preview:-1\" \/>\n<link rel=\"canonical\" href=\"https:\/\/janeke1830.it\/de\/prodotto\/superbrush-chrom\/\" \/>\n<meta property=\"og:locale\" content=\"de_DE\" \/>\n<meta property=\"og:type\" content=\"article\" \/>\n<meta property=\"og:title\" content=\"Superbrush Chrome J\u00e4neke - Professionelle Chrom-B\u00fcrste\" \/>\n<meta property=\"og:description\" content=\"Die J\u00e4neke Chrome Superbrush hat einen wabenf\u00f6rmigen Boden f\u00fcr schnelles Trocknen. Sie entwirrt Knoten, ohne das Haar zu brechen. Kaufen Sie sie!\" \/>\n<meta property=\"og:url\" content=\"https:\/\/janeke1830.it\/de\/prodotto\/superbrush-chrom\/\" \/>\n<meta property=\"og:site_name\" content=\"J\u00e4neke\" \/>\n<meta property=\"article:publisher\" content=\"https:\/\/www.facebook.com\/janeke1830\" \/>\n<meta property=\"article:modified_time\" content=\"2026-03-03T10:46:41+00:00\" \/>\n<meta property=\"og:image\" content=\"https:\/\/janeke1830.it\/wp-content\/uploads\/2026\/01\/CRSP230-e1769071147647.png\" \/>\n\t<meta property=\"og:image:width\" content=\"935\" \/>\n\t<meta property=\"og:image:height\" content=\"956\" \/>\n\t<meta property=\"og:image:type\" content=\"image\/png\" \/>\n<meta name=\"twitter:card\" content=\"summary_large_image\" \/>\n<script type=\"application\/ld+json\" class=\"yoast-schema-graph\">{\"@context\":\"https:\/\/schema.org\",\"@graph\":[{\"@type\":\"WebPage\",\"@id\":\"https:\/\/janeke1830.it\/de\/prodotto\/superbrush-chrom\/\",\"url\":\"https:\/\/janeke1830.it\/de\/prodotto\/superbrush-chrom\/\",\"name\":\"Superbrush Chrome J\u00e4neke - Professionelle Chrom-B\u00fcrste\",\"isPartOf\":{\"@id\":\"https:\/\/janeke1830.it\/#website\"},\"primaryImageOfPage\":{\"@id\":\"https:\/\/janeke1830.it\/de\/prodotto\/superbrush-chrom\/#primaryimage\"},\"image\":{\"@id\":\"https:\/\/janeke1830.it\/de\/prodotto\/superbrush-chrom\/#primaryimage\"},\"thumbnailUrl\":\"https:\/\/janeke1830.it\/wp-content\/uploads\/2026\/01\/superbrush-cromo-janeke-crsp230.png\",\"datePublished\":\"2026-01-21T16:47:10+00:00\",\"dateModified\":\"2026-03-03T10:46:41+00:00\",\"description\":\"Die J\u00e4neke Chrome Superbrush hat einen wabenf\u00f6rmigen Boden f\u00fcr schnelles Trocknen. Sie entwirrt Knoten, ohne das Haar zu brechen. Kaufen Sie sie!\",\"breadcrumb\":{\"@id\":\"https:\/\/janeke1830.it\/de\/prodotto\/superbrush-chrom\/#breadcrumb\"},\"inLanguage\":\"de\",\"potentialAction\":[{\"@type\":\"ReadAction\",\"target\":[\"https:\/\/janeke1830.it\/de\/prodotto\/superbrush-chrom\/\"]}]},{\"@type\":\"ImageObject\",\"inLanguage\":\"de\",\"@id\":\"https:\/\/janeke1830.it\/de\/prodotto\/superbrush-chrom\/#primaryimage\",\"url\":\"https:\/\/janeke1830.it\/wp-content\/uploads\/2026\/01\/superbrush-cromo-janeke-crsp230.png\",\"contentUrl\":\"https:\/\/janeke1830.it\/wp-content\/uploads\/2026\/01\/superbrush-cromo-janeke-crsp230.png\",\"width\":935,\"height\":956,\"caption\":\"Spazzola Superbrush cromata colore argento J\u00e4neke\"},{\"@type\":\"BreadcrumbList\",\"@id\":\"https:\/\/janeke1830.it\/de\/prodotto\/superbrush-chrom\/#breadcrumb\",\"itemListElement\":[{\"@type\":\"ListItem\",\"position\":1,\"name\":\"Home\",\"item\":\"https:\/\/janeke1830.it\/de\/startseite\/\"},{\"@type\":\"ListItem\",\"position\":2,\"name\":\"Shop\",\"item\":\"https:\/\/janeke1830.it\/de\/shop\/\"},{\"@type\":\"ListItem\",\"position\":3,\"name\":\"Superbrush Chrom\"}]},{\"@type\":\"WebSite\",\"@id\":\"https:\/\/janeke1830.it\/#website\",\"url\":\"https:\/\/janeke1830.it\/\",\"name\":\"J\u00e4neke 1830\",\"description\":\"\",\"publisher\":{\"@id\":\"https:\/\/janeke1830.it\/#organization\"},\"potentialAction\":[{\"@type\":\"SearchAction\",\"target\":{\"@type\":\"EntryPoint\",\"urlTemplate\":\"https:\/\/janeke1830.it\/?s={search_term_string}\"},\"query-input\":{\"@type\":\"PropertyValueSpecification\",\"valueRequired\":true,\"valueName\":\"search_term_string\"}}],\"inLanguage\":\"de\"},{\"@type\":\"Organization\",\"@id\":\"https:\/\/janeke1830.it\/#organization\",\"name\":\"J\u00e4neke 1830\",\"url\":\"https:\/\/janeke1830.it\/\",\"logo\":{\"@type\":\"ImageObject\",\"inLanguage\":\"de\",\"@id\":\"https:\/\/janeke1830.it\/#\/schema\/logo\/image\/\",\"url\":\"https:\/\/janeke1830.it\/wp-content\/uploads\/2025\/12\/logo-nero-janeke.png\",\"contentUrl\":\"https:\/\/janeke1830.it\/wp-content\/uploads\/2025\/12\/logo-nero-janeke.png\",\"width\":1824,\"height\":829,\"caption\":\"J\u00e4neke 1830\"},\"image\":{\"@id\":\"https:\/\/janeke1830.it\/#\/schema\/logo\/image\/\"},\"sameAs\":[\"https:\/\/www.facebook.com\/janeke1830\",\"https:\/\/www.instagram.com\/janeke1830official\",\"https:\/\/www.linkedin.com\/company\/giorgio-janeke-s-r-l-\/\"]}]}<\/script>\n<!-- \/ Yoast SEO plugin. -->","yoast_head_json":{"title":"Superbrush Chrome J\u00e4neke - Professionelle Chrom-B\u00fcrste","description":"Die J\u00e4neke Chrome Superbrush hat einen wabenf\u00f6rmigen Boden f\u00fcr schnelles Trocknen. Sie entwirrt Knoten, ohne das Haar zu brechen. Kaufen Sie sie!","robots":{"index":"index","follow":"follow","max-snippet":"max-snippet:-1","max-image-preview":"max-image-preview:large","max-video-preview":"max-video-preview:-1"},"canonical":"https:\/\/janeke1830.it\/de\/prodotto\/superbrush-chrom\/","og_locale":"de_DE","og_type":"article","og_title":"Superbrush Chrome J\u00e4neke - Professionelle Chrom-B\u00fcrste","og_description":"Die J\u00e4neke Chrome Superbrush hat einen wabenf\u00f6rmigen Boden f\u00fcr schnelles Trocknen. Sie entwirrt Knoten, ohne das Haar zu brechen. Kaufen Sie sie!","og_url":"https:\/\/janeke1830.it\/de\/prodotto\/superbrush-chrom\/","og_site_name":"J\u00e4neke","article_publisher":"https:\/\/www.facebook.com\/janeke1830","article_modified_time":"2026-03-03T10:46:41+00:00","og_image":[{"width":935,"height":956,"url":"https:\/\/janeke1830.it\/wp-content\/uploads\/2026\/01\/CRSP230-e1769071147647.png","type":"image\/png"}],"twitter_card":"summary_large_image","schema":{"@context":"https:\/\/schema.org","@graph":[{"@type":"WebPage","@id":"https:\/\/janeke1830.it\/de\/prodotto\/superbrush-chrom\/","url":"https:\/\/janeke1830.it\/de\/prodotto\/superbrush-chrom\/","name":"Superbrush Chrome J\u00e4neke - Professionelle Chrom-B\u00fcrste","isPartOf":{"@id":"https:\/\/janeke1830.it\/#website"},"primaryImageOfPage":{"@id":"https:\/\/janeke1830.it\/de\/prodotto\/superbrush-chrom\/#primaryimage"},"image":{"@id":"https:\/\/janeke1830.it\/de\/prodotto\/superbrush-chrom\/#primaryimage"},"thumbnailUrl":"https:\/\/janeke1830.it\/wp-content\/uploads\/2026\/01\/superbrush-cromo-janeke-crsp230.png","datePublished":"2026-01-21T16:47:10+00:00","dateModified":"2026-03-03T10:46:41+00:00","description":"Die J\u00e4neke Chrome Superbrush hat einen wabenf\u00f6rmigen Boden f\u00fcr schnelles Trocknen. Sie entwirrt Knoten, ohne das Haar zu brechen. Kaufen Sie sie!","breadcrumb":{"@id":"https:\/\/janeke1830.it\/de\/prodotto\/superbrush-chrom\/#breadcrumb"},"inLanguage":"de","potentialAction":[{"@type":"ReadAction","target":["https:\/\/janeke1830.it\/de\/prodotto\/superbrush-chrom\/"]}]},{"@type":"ImageObject","inLanguage":"de","@id":"https:\/\/janeke1830.it\/de\/prodotto\/superbrush-chrom\/#primaryimage","url":"https:\/\/janeke1830.it\/wp-content\/uploads\/2026\/01\/superbrush-cromo-janeke-crsp230.png","contentUrl":"https:\/\/janeke1830.it\/wp-content\/uploads\/2026\/01\/superbrush-cromo-janeke-crsp230.png","width":935,"height":956,"caption":"Spazzola Superbrush cromata colore argento J\u00e4neke"},{"@type":"BreadcrumbList","@id":"https:\/\/janeke1830.it\/de\/prodotto\/superbrush-chrom\/#breadcrumb","itemListElement":[{"@type":"ListItem","position":1,"name":"Home","item":"https:\/\/janeke1830.it\/de\/startseite\/"},{"@type":"ListItem","position":2,"name":"Shop","item":"https:\/\/janeke1830.it\/de\/shop\/"},{"@type":"ListItem","position":3,"name":"Superbrush Chrom"}]},{"@type":"WebSite","@id":"https:\/\/janeke1830.it\/#website","url":"https:\/\/janeke1830.it\/","name":"J\u00e4neke 1830","description":"","publisher":{"@id":"https:\/\/janeke1830.it\/#organization"},"potentialAction":[{"@type":"SearchAction","target":{"@type":"EntryPoint","urlTemplate":"https:\/\/janeke1830.it\/?s={search_term_string}"},"query-input":{"@type":"PropertyValueSpecification","valueRequired":true,"valueName":"search_term_string"}}],"inLanguage":"de"},{"@type":"Organization","@id":"https:\/\/janeke1830.it\/#organization","name":"J\u00e4neke 1830","url":"https:\/\/janeke1830.it\/","logo":{"@type":"ImageObject","inLanguage":"de","@id":"https:\/\/janeke1830.it\/#\/schema\/logo\/image\/","url":"https:\/\/janeke1830.it\/wp-content\/uploads\/2025\/12\/logo-nero-janeke.png","contentUrl":"https:\/\/janeke1830.it\/wp-content\/uploads\/2025\/12\/logo-nero-janeke.png","width":1824,"height":829,"caption":"J\u00e4neke 1830"},"image":{"@id":"https:\/\/janeke1830.it\/#\/schema\/logo\/image\/"},"sameAs":["https:\/\/www.facebook.com\/janeke1830","https:\/\/www.instagram.com\/janeke1830official","https:\/\/www.linkedin.com\/company\/giorgio-janeke-s-r-l-\/"]}]}},"_links":{"self":[{"href":"https:\/\/janeke1830.it\/de\/wp-json\/wp\/v2\/product\/10109","targetHints":{"allow":["GET"]}}],"collection":[{"href":"https:\/\/janeke1830.it\/de\/wp-json\/wp\/v2\/product"}],"about":[{"href":"https:\/\/janeke1830.it\/de\/wp-json\/wp\/v2\/types\/product"}],"replies":[{"embeddable":true,"href":"https:\/\/janeke1830.it\/de\/wp-json\/wp\/v2\/comments?post=10109"}],"wp:featuredmedia":[{"embeddable":true,"href":"https:\/\/janeke1830.it\/de\/wp-json\/wp\/v2\/media\/1207"}],"wp:attachment":[{"href":"https:\/\/janeke1830.it\/de\/wp-json\/wp\/v2\/media?parent=10109"}],"wp:term":[{"taxonomy":"product_brand","embeddable":true,"href":"https:\/\/janeke1830.it\/de\/wp-json\/wp\/v2\/product_brand?post=10109"},{"taxonomy":"product_cat","embeddable":true,"href":"https:\/\/janeke1830.it\/de\/wp-json\/wp\/v2\/product_cat?post=10109"},{"taxonomy":"product_tag","embeddable":true,"href":"https:\/\/janeke1830.it\/de\/wp-json\/wp\/v2\/product_tag?post=10109"}],"curies":[{"name":"wp","href":"https:\/\/api.w.org\/{rel}","templated":true}]}}