{"id":10108,"date":"2026-01-08T12:03:38","date_gmt":"2026-01-08T11:03:38","guid":{"rendered":"https:\/\/janeke1830.it\/prodotto\/ovale-babybuerste-buchenholz-gedaempft\/"},"modified":"2026-03-03T11:47:57","modified_gmt":"2026-03-03T10:47:57","slug":"ovale-babybuerste-buchenholz-gedaempft","status":"publish","type":"product","link":"https:\/\/janeke1830.it\/de\/prodotto\/ovale-babybuerste-buchenholz-gedaempft\/","title":{"rendered":"Ovale Babyb\u00fcrste Buchenholz ged\u00e4mpft"},"content":{"rendered":"","protected":false},"excerpt":{"rendered":"<p>Leicht und sanft, entwickelt f\u00fcr feineres Haar oder f\u00fcr Kinder. Es entwirrt sanft, ohne zu ziehen, sch\u00fctzt die Haarfaser und massiert sanft die Kopfhaut. <\/p>\n<p>Perfekt f\u00fcr den sicheren und bequemen t\u00e4glichen Gebrauch, kombiniert es Funktionalit\u00e4t, Weichheit und die unverwechselbare Handwerkskunst von Janeke.<\/p>\n","protected":false},"featured_media":1080,"comment_status":"closed","ping_status":"closed","template":"","meta":[],"product_brand":[1076],"product_cat":[1032],"product_tag":[1058],"class_list":{"0":"post-10108","1":"product","2":"type-product","3":"status-publish","4":"has-post-thumbnail","6":"product_brand-everyday","7":"product_cat-pinsel","8":"product_tag-holz","10":"first","11":"instock","12":"shipping-taxable","13":"purchasable","14":"product-type-simple"},"yoast_head":"<!-- This site is optimized with the Yoast SEO plugin v27.1.1 - https:\/\/yoast.com\/product\/yoast-seo-wordpress\/ -->\n<title>Ovale Baby Buche Verdampferb\u00fcrste - J\u00e4neke 1830<\/title>\n<meta name=\"description\" content=\"Die J\u00e4neke Baby Ovalb\u00fcrste aus verdampftem Buchenholz entwirrt sanft, ohne zu ziehen. Ideal f\u00fcr Babys und feines Haar. Entdecken Sie sie jetzt!\" \/>\n<meta name=\"robots\" content=\"index, follow, max-snippet:-1, max-image-preview:large, max-video-preview:-1\" \/>\n<link rel=\"canonical\" href=\"https:\/\/janeke1830.it\/de\/prodotto\/ovale-babybuerste-buchenholz-gedaempft\/\" \/>\n<meta property=\"og:locale\" content=\"de_DE\" \/>\n<meta property=\"og:type\" content=\"article\" \/>\n<meta property=\"og:title\" content=\"Ovale Baby Buche Verdampferb\u00fcrste - J\u00e4neke 1830\" \/>\n<meta property=\"og:description\" content=\"Die J\u00e4neke Baby Ovalb\u00fcrste aus verdampftem Buchenholz entwirrt sanft, ohne zu ziehen. Ideal f\u00fcr Babys und feines Haar. Entdecken Sie sie jetzt!\" \/>\n<meta property=\"og:url\" content=\"https:\/\/janeke1830.it\/de\/prodotto\/ovale-babybuerste-buchenholz-gedaempft\/\" \/>\n<meta property=\"og:site_name\" content=\"J\u00e4neke\" \/>\n<meta property=\"article:publisher\" content=\"https:\/\/www.facebook.com\/janeke1830\" \/>\n<meta property=\"article:modified_time\" content=\"2026-03-03T10:47:57+00:00\" \/>\n<meta property=\"og:image\" content=\"https:\/\/janeke1830.it\/wp-content\/uploads\/2026\/01\/SP63.png\" \/>\n\t<meta property=\"og:image:width\" content=\"1024\" \/>\n\t<meta property=\"og:image:height\" content=\"1024\" \/>\n\t<meta property=\"og:image:type\" content=\"image\/png\" \/>\n<meta name=\"twitter:card\" content=\"summary_large_image\" \/>\n<script type=\"application\/ld+json\" class=\"yoast-schema-graph\">{\"@context\":\"https:\/\/schema.org\",\"@graph\":[{\"@type\":\"WebPage\",\"@id\":\"https:\/\/janeke1830.it\/de\/prodotto\/ovale-babybuerste-buchenholz-gedaempft\/\",\"url\":\"https:\/\/janeke1830.it\/de\/prodotto\/ovale-babybuerste-buchenholz-gedaempft\/\",\"name\":\"Ovale Baby Buche Verdampferb\u00fcrste - J\u00e4neke 1830\",\"isPartOf\":{\"@id\":\"https:\/\/janeke1830.it\/#website\"},\"primaryImageOfPage\":{\"@id\":\"https:\/\/janeke1830.it\/de\/prodotto\/ovale-babybuerste-buchenholz-gedaempft\/#primaryimage\"},\"image\":{\"@id\":\"https:\/\/janeke1830.it\/de\/prodotto\/ovale-babybuerste-buchenholz-gedaempft\/#primaryimage\"},\"thumbnailUrl\":\"https:\/\/janeke1830.it\/wp-content\/uploads\/2026\/01\/spazzola-ovale-baby-legno-sp63.png\",\"datePublished\":\"2026-01-08T11:03:38+00:00\",\"dateModified\":\"2026-03-03T10:47:57+00:00\",\"description\":\"Die J\u00e4neke Baby Ovalb\u00fcrste aus verdampftem Buchenholz entwirrt sanft, ohne zu ziehen. Ideal f\u00fcr Babys und feines Haar. Entdecken Sie sie jetzt!\",\"breadcrumb\":{\"@id\":\"https:\/\/janeke1830.it\/de\/prodotto\/ovale-babybuerste-buchenholz-gedaempft\/#breadcrumb\"},\"inLanguage\":\"de\",\"potentialAction\":[{\"@type\":\"ReadAction\",\"target\":[\"https:\/\/janeke1830.it\/de\/prodotto\/ovale-babybuerste-buchenholz-gedaempft\/\"]}]},{\"@type\":\"ImageObject\",\"inLanguage\":\"de\",\"@id\":\"https:\/\/janeke1830.it\/de\/prodotto\/ovale-babybuerste-buchenholz-gedaempft\/#primaryimage\",\"url\":\"https:\/\/janeke1830.it\/wp-content\/uploads\/2026\/01\/spazzola-ovale-baby-legno-sp63.png\",\"contentUrl\":\"https:\/\/janeke1830.it\/wp-content\/uploads\/2026\/01\/spazzola-ovale-baby-legno-sp63.png\",\"width\":1024,\"height\":1024,\"caption\":\"Spazzola ovale baby Legno di faggio evaporato leggera e delicata, districa dolcemente\"},{\"@type\":\"BreadcrumbList\",\"@id\":\"https:\/\/janeke1830.it\/de\/prodotto\/ovale-babybuerste-buchenholz-gedaempft\/#breadcrumb\",\"itemListElement\":[{\"@type\":\"ListItem\",\"position\":1,\"name\":\"Home\",\"item\":\"https:\/\/janeke1830.it\/de\/startseite\/\"},{\"@type\":\"ListItem\",\"position\":2,\"name\":\"Shop\",\"item\":\"https:\/\/janeke1830.it\/de\/shop\/\"},{\"@type\":\"ListItem\",\"position\":3,\"name\":\"Ovale Babyb\u00fcrste Buchenholz ged\u00e4mpft\"}]},{\"@type\":\"WebSite\",\"@id\":\"https:\/\/janeke1830.it\/#website\",\"url\":\"https:\/\/janeke1830.it\/\",\"name\":\"J\u00e4neke 1830\",\"description\":\"\",\"publisher\":{\"@id\":\"https:\/\/janeke1830.it\/#organization\"},\"potentialAction\":[{\"@type\":\"SearchAction\",\"target\":{\"@type\":\"EntryPoint\",\"urlTemplate\":\"https:\/\/janeke1830.it\/?s={search_term_string}\"},\"query-input\":{\"@type\":\"PropertyValueSpecification\",\"valueRequired\":true,\"valueName\":\"search_term_string\"}}],\"inLanguage\":\"de\"},{\"@type\":\"Organization\",\"@id\":\"https:\/\/janeke1830.it\/#organization\",\"name\":\"J\u00e4neke 1830\",\"url\":\"https:\/\/janeke1830.it\/\",\"logo\":{\"@type\":\"ImageObject\",\"inLanguage\":\"de\",\"@id\":\"https:\/\/janeke1830.it\/#\/schema\/logo\/image\/\",\"url\":\"https:\/\/janeke1830.it\/wp-content\/uploads\/2025\/12\/logo-nero-janeke.png\",\"contentUrl\":\"https:\/\/janeke1830.it\/wp-content\/uploads\/2025\/12\/logo-nero-janeke.png\",\"width\":1824,\"height\":829,\"caption\":\"J\u00e4neke 1830\"},\"image\":{\"@id\":\"https:\/\/janeke1830.it\/#\/schema\/logo\/image\/\"},\"sameAs\":[\"https:\/\/www.facebook.com\/janeke1830\",\"https:\/\/www.instagram.com\/janeke1830official\",\"https:\/\/www.linkedin.com\/company\/giorgio-janeke-s-r-l-\/\"]}]}<\/script>\n<!-- \/ Yoast SEO plugin. -->","yoast_head_json":{"title":"Ovale Baby Buche Verdampferb\u00fcrste - J\u00e4neke 1830","description":"Die J\u00e4neke Baby Ovalb\u00fcrste aus verdampftem Buchenholz entwirrt sanft, ohne zu ziehen. Ideal f\u00fcr Babys und feines Haar. Entdecken Sie sie jetzt!","robots":{"index":"index","follow":"follow","max-snippet":"max-snippet:-1","max-image-preview":"max-image-preview:large","max-video-preview":"max-video-preview:-1"},"canonical":"https:\/\/janeke1830.it\/de\/prodotto\/ovale-babybuerste-buchenholz-gedaempft\/","og_locale":"de_DE","og_type":"article","og_title":"Ovale Baby Buche Verdampferb\u00fcrste - J\u00e4neke 1830","og_description":"Die J\u00e4neke Baby Ovalb\u00fcrste aus verdampftem Buchenholz entwirrt sanft, ohne zu ziehen. Ideal f\u00fcr Babys und feines Haar. Entdecken Sie sie jetzt!","og_url":"https:\/\/janeke1830.it\/de\/prodotto\/ovale-babybuerste-buchenholz-gedaempft\/","og_site_name":"J\u00e4neke","article_publisher":"https:\/\/www.facebook.com\/janeke1830","article_modified_time":"2026-03-03T10:47:57+00:00","og_image":[{"width":1024,"height":1024,"url":"https:\/\/janeke1830.it\/wp-content\/uploads\/2026\/01\/SP63.png","type":"image\/png"}],"twitter_card":"summary_large_image","schema":{"@context":"https:\/\/schema.org","@graph":[{"@type":"WebPage","@id":"https:\/\/janeke1830.it\/de\/prodotto\/ovale-babybuerste-buchenholz-gedaempft\/","url":"https:\/\/janeke1830.it\/de\/prodotto\/ovale-babybuerste-buchenholz-gedaempft\/","name":"Ovale Baby Buche Verdampferb\u00fcrste - J\u00e4neke 1830","isPartOf":{"@id":"https:\/\/janeke1830.it\/#website"},"primaryImageOfPage":{"@id":"https:\/\/janeke1830.it\/de\/prodotto\/ovale-babybuerste-buchenholz-gedaempft\/#primaryimage"},"image":{"@id":"https:\/\/janeke1830.it\/de\/prodotto\/ovale-babybuerste-buchenholz-gedaempft\/#primaryimage"},"thumbnailUrl":"https:\/\/janeke1830.it\/wp-content\/uploads\/2026\/01\/spazzola-ovale-baby-legno-sp63.png","datePublished":"2026-01-08T11:03:38+00:00","dateModified":"2026-03-03T10:47:57+00:00","description":"Die J\u00e4neke Baby Ovalb\u00fcrste aus verdampftem Buchenholz entwirrt sanft, ohne zu ziehen. Ideal f\u00fcr Babys und feines Haar. Entdecken Sie sie jetzt!","breadcrumb":{"@id":"https:\/\/janeke1830.it\/de\/prodotto\/ovale-babybuerste-buchenholz-gedaempft\/#breadcrumb"},"inLanguage":"de","potentialAction":[{"@type":"ReadAction","target":["https:\/\/janeke1830.it\/de\/prodotto\/ovale-babybuerste-buchenholz-gedaempft\/"]}]},{"@type":"ImageObject","inLanguage":"de","@id":"https:\/\/janeke1830.it\/de\/prodotto\/ovale-babybuerste-buchenholz-gedaempft\/#primaryimage","url":"https:\/\/janeke1830.it\/wp-content\/uploads\/2026\/01\/spazzola-ovale-baby-legno-sp63.png","contentUrl":"https:\/\/janeke1830.it\/wp-content\/uploads\/2026\/01\/spazzola-ovale-baby-legno-sp63.png","width":1024,"height":1024,"caption":"Spazzola ovale baby Legno di faggio evaporato leggera e delicata, districa dolcemente"},{"@type":"BreadcrumbList","@id":"https:\/\/janeke1830.it\/de\/prodotto\/ovale-babybuerste-buchenholz-gedaempft\/#breadcrumb","itemListElement":[{"@type":"ListItem","position":1,"name":"Home","item":"https:\/\/janeke1830.it\/de\/startseite\/"},{"@type":"ListItem","position":2,"name":"Shop","item":"https:\/\/janeke1830.it\/de\/shop\/"},{"@type":"ListItem","position":3,"name":"Ovale Babyb\u00fcrste Buchenholz ged\u00e4mpft"}]},{"@type":"WebSite","@id":"https:\/\/janeke1830.it\/#website","url":"https:\/\/janeke1830.it\/","name":"J\u00e4neke 1830","description":"","publisher":{"@id":"https:\/\/janeke1830.it\/#organization"},"potentialAction":[{"@type":"SearchAction","target":{"@type":"EntryPoint","urlTemplate":"https:\/\/janeke1830.it\/?s={search_term_string}"},"query-input":{"@type":"PropertyValueSpecification","valueRequired":true,"valueName":"search_term_string"}}],"inLanguage":"de"},{"@type":"Organization","@id":"https:\/\/janeke1830.it\/#organization","name":"J\u00e4neke 1830","url":"https:\/\/janeke1830.it\/","logo":{"@type":"ImageObject","inLanguage":"de","@id":"https:\/\/janeke1830.it\/#\/schema\/logo\/image\/","url":"https:\/\/janeke1830.it\/wp-content\/uploads\/2025\/12\/logo-nero-janeke.png","contentUrl":"https:\/\/janeke1830.it\/wp-content\/uploads\/2025\/12\/logo-nero-janeke.png","width":1824,"height":829,"caption":"J\u00e4neke 1830"},"image":{"@id":"https:\/\/janeke1830.it\/#\/schema\/logo\/image\/"},"sameAs":["https:\/\/www.facebook.com\/janeke1830","https:\/\/www.instagram.com\/janeke1830official","https:\/\/www.linkedin.com\/company\/giorgio-janeke-s-r-l-\/"]}]}},"_links":{"self":[{"href":"https:\/\/janeke1830.it\/de\/wp-json\/wp\/v2\/product\/10108","targetHints":{"allow":["GET"]}}],"collection":[{"href":"https:\/\/janeke1830.it\/de\/wp-json\/wp\/v2\/product"}],"about":[{"href":"https:\/\/janeke1830.it\/de\/wp-json\/wp\/v2\/types\/product"}],"replies":[{"embeddable":true,"href":"https:\/\/janeke1830.it\/de\/wp-json\/wp\/v2\/comments?post=10108"}],"wp:featuredmedia":[{"embeddable":true,"href":"https:\/\/janeke1830.it\/de\/wp-json\/wp\/v2\/media\/1080"}],"wp:attachment":[{"href":"https:\/\/janeke1830.it\/de\/wp-json\/wp\/v2\/media?parent=10108"}],"wp:term":[{"taxonomy":"product_brand","embeddable":true,"href":"https:\/\/janeke1830.it\/de\/wp-json\/wp\/v2\/product_brand?post=10108"},{"taxonomy":"product_cat","embeddable":true,"href":"https:\/\/janeke1830.it\/de\/wp-json\/wp\/v2\/product_cat?post=10108"},{"taxonomy":"product_tag","embeddable":true,"href":"https:\/\/janeke1830.it\/de\/wp-json\/wp\/v2\/product_tag?post=10108"}],"curies":[{"name":"wp","href":"https:\/\/api.w.org\/{rel}","templated":true}]}}