{"id":10102,"date":"2026-01-21T17:49:58","date_gmt":"2026-01-21T16:49:58","guid":{"rendered":"https:\/\/janeke1830.it\/prodotto\/superbrush-klein-gold\/"},"modified":"2026-03-03T11:46:42","modified_gmt":"2026-03-03T10:46:42","slug":"superbrush-klein-gold","status":"publish","type":"product","link":"https:\/\/janeke1830.it\/de\/prodotto\/superbrush-klein-gold\/","title":{"rendered":"Superbrush Small Gold"},"content":{"rendered":"","protected":false},"excerpt":{"rendered":"<p>Die Janeke Superbrush Small ist die kompakte Version der ber\u00fchmten Profib\u00fcrste, ideal zum Entwirren und Stylen des Haares mit Pr\u00e4zision, selbst an schwer zug\u00e4nglichen Stellen. Die flexiblen und widerstandsf\u00e4higen Borsten sorgen f\u00fcr Geschmeidigkeit, Glanz und weniger Haarbruch. Sie liegt praktisch in der Hand und ist leicht zu transportieren. Sie vereint Funktionalit\u00e4t und Qualit\u00e4t und garantiert den typischen Stil und die Zuverl\u00e4ssigkeit von Janeke.  <\/p>\n","protected":false},"featured_media":1257,"comment_status":"closed","ping_status":"closed","template":"","meta":[],"product_brand":[1021,1057],"product_cat":[1032],"product_tag":[1059],"class_list":{"0":"post-10102","1":"product","2":"type-product","3":"status-publish","4":"has-post-thumbnail","6":"product_brand-luxury","7":"product_brand-superbrush","8":"product_cat-pinsel","9":"product_tag-superpinsel","11":"first","12":"instock","13":"shipping-taxable","14":"purchasable","15":"product-type-simple"},"yoast_head":"<!-- This site is optimized with the Yoast SEO plugin v27.6 - https:\/\/yoast.com\/product\/yoast-seo-wordpress\/ -->\n<title>Superbrush Small Gold J\u00e4neke - Kompaktb\u00fcrste Gold<\/title>\n<meta name=\"description\" content=\"Die J\u00e4neke Superbrush Small Gold ist kompakt und ideal zum pr\u00e4zisen Entwirren. Sie kombiniert Stil und Funktionalit\u00e4t f\u00fcr Ihr Haar.\" \/>\n<meta name=\"robots\" content=\"index, follow, max-snippet:-1, max-image-preview:large, max-video-preview:-1\" \/>\n<link rel=\"canonical\" href=\"https:\/\/janeke1830.it\/de\/prodotto\/superbrush-klein-gold\/\" \/>\n<meta property=\"og:locale\" content=\"de_DE\" \/>\n<meta property=\"og:type\" content=\"article\" \/>\n<meta property=\"og:title\" content=\"Superbrush Small Gold J\u00e4neke - Kompaktb\u00fcrste Gold\" \/>\n<meta property=\"og:description\" content=\"Die J\u00e4neke Superbrush Small Gold ist kompakt und ideal zum pr\u00e4zisen Entwirren. Sie kombiniert Stil und Funktionalit\u00e4t f\u00fcr Ihr Haar.\" \/>\n<meta property=\"og:url\" content=\"https:\/\/janeke1830.it\/de\/prodotto\/superbrush-klein-gold\/\" \/>\n<meta property=\"og:site_name\" content=\"J\u00e4neke\" \/>\n<meta property=\"article:publisher\" content=\"https:\/\/www.facebook.com\/janeke1830\" \/>\n<meta property=\"article:modified_time\" content=\"2026-03-03T10:46:42+00:00\" \/>\n<meta property=\"og:image\" content=\"https:\/\/janeke1830.it\/wp-content\/uploads\/2026\/01\/AUSP235.png\" \/>\n\t<meta property=\"og:image:width\" content=\"1024\" \/>\n\t<meta property=\"og:image:height\" content=\"1024\" \/>\n\t<meta property=\"og:image:type\" content=\"image\/png\" \/>\n<meta name=\"twitter:card\" content=\"summary_large_image\" \/>\n<script type=\"application\/ld+json\" class=\"yoast-schema-graph\">{\"@context\":\"https:\\\/\\\/schema.org\",\"@graph\":[{\"@type\":\"WebPage\",\"@id\":\"https:\\\/\\\/janeke1830.it\\\/de\\\/prodotto\\\/superbrush-klein-gold\\\/\",\"url\":\"https:\\\/\\\/janeke1830.it\\\/de\\\/prodotto\\\/superbrush-klein-gold\\\/\",\"name\":\"Superbrush Small Gold J\u00e4neke - Kompaktb\u00fcrste Gold\",\"isPartOf\":{\"@id\":\"https:\\\/\\\/janeke1830.it\\\/#website\"},\"primaryImageOfPage\":{\"@id\":\"https:\\\/\\\/janeke1830.it\\\/de\\\/prodotto\\\/superbrush-klein-gold\\\/#primaryimage\"},\"image\":{\"@id\":\"https:\\\/\\\/janeke1830.it\\\/de\\\/prodotto\\\/superbrush-klein-gold\\\/#primaryimage\"},\"thumbnailUrl\":\"https:\\\/\\\/janeke1830.it\\\/wp-content\\\/uploads\\\/2026\\\/01\\\/superbrush-small-gold-ausp235.png\",\"datePublished\":\"2026-01-21T16:49:58+00:00\",\"dateModified\":\"2026-03-03T10:46:42+00:00\",\"description\":\"Die J\u00e4neke Superbrush Small Gold ist kompakt und ideal zum pr\u00e4zisen Entwirren. Sie kombiniert Stil und Funktionalit\u00e4t f\u00fcr Ihr Haar.\",\"breadcrumb\":{\"@id\":\"https:\\\/\\\/janeke1830.it\\\/de\\\/prodotto\\\/superbrush-klein-gold\\\/#breadcrumb\"},\"inLanguage\":\"de\",\"potentialAction\":[{\"@type\":\"ReadAction\",\"target\":[\"https:\\\/\\\/janeke1830.it\\\/de\\\/prodotto\\\/superbrush-klein-gold\\\/\"]}]},{\"@type\":\"ImageObject\",\"inLanguage\":\"de\",\"@id\":\"https:\\\/\\\/janeke1830.it\\\/de\\\/prodotto\\\/superbrush-klein-gold\\\/#primaryimage\",\"url\":\"https:\\\/\\\/janeke1830.it\\\/wp-content\\\/uploads\\\/2026\\\/01\\\/superbrush-small-gold-ausp235.png\",\"contentUrl\":\"https:\\\/\\\/janeke1830.it\\\/wp-content\\\/uploads\\\/2026\\\/01\\\/superbrush-small-gold-ausp235.png\",\"width\":1024,\"height\":1024,\"caption\":\"Spazzola Superbrush Small Gold oro da borsetta J\u00e4neke\"},{\"@type\":\"BreadcrumbList\",\"@id\":\"https:\\\/\\\/janeke1830.it\\\/de\\\/prodotto\\\/superbrush-klein-gold\\\/#breadcrumb\",\"itemListElement\":[{\"@type\":\"ListItem\",\"position\":1,\"name\":\"Home\",\"item\":\"https:\\\/\\\/janeke1830.it\\\/de\\\/startseite\\\/\"},{\"@type\":\"ListItem\",\"position\":2,\"name\":\"Shop\",\"item\":\"https:\\\/\\\/janeke1830.it\\\/de\\\/shop\\\/\"},{\"@type\":\"ListItem\",\"position\":3,\"name\":\"Superbrush Small Gold\"}]},{\"@type\":\"WebSite\",\"@id\":\"https:\\\/\\\/janeke1830.it\\\/#website\",\"url\":\"https:\\\/\\\/janeke1830.it\\\/\",\"name\":\"J\u00e4neke 1830\",\"description\":\"\",\"publisher\":{\"@id\":\"https:\\\/\\\/janeke1830.it\\\/#organization\"},\"potentialAction\":[{\"@type\":\"SearchAction\",\"target\":{\"@type\":\"EntryPoint\",\"urlTemplate\":\"https:\\\/\\\/janeke1830.it\\\/?s={search_term_string}\"},\"query-input\":{\"@type\":\"PropertyValueSpecification\",\"valueRequired\":true,\"valueName\":\"search_term_string\"}}],\"inLanguage\":\"de\"},{\"@type\":\"Organization\",\"@id\":\"https:\\\/\\\/janeke1830.it\\\/#organization\",\"name\":\"J\u00e4neke 1830\",\"url\":\"https:\\\/\\\/janeke1830.it\\\/\",\"logo\":{\"@type\":\"ImageObject\",\"inLanguage\":\"de\",\"@id\":\"https:\\\/\\\/janeke1830.it\\\/#\\\/schema\\\/logo\\\/image\\\/\",\"url\":\"https:\\\/\\\/janeke1830.it\\\/wp-content\\\/uploads\\\/2025\\\/12\\\/logo-nero-janeke.png\",\"contentUrl\":\"https:\\\/\\\/janeke1830.it\\\/wp-content\\\/uploads\\\/2025\\\/12\\\/logo-nero-janeke.png\",\"width\":1824,\"height\":829,\"caption\":\"J\u00e4neke 1830\"},\"image\":{\"@id\":\"https:\\\/\\\/janeke1830.it\\\/#\\\/schema\\\/logo\\\/image\\\/\"},\"sameAs\":[\"https:\\\/\\\/www.facebook.com\\\/janeke1830\",\"https:\\\/\\\/www.instagram.com\\\/janeke1830official\",\"https:\\\/\\\/www.linkedin.com\\\/company\\\/giorgio-janeke-s-r-l-\\\/\"]}]}<\/script>\n<!-- \/ Yoast SEO plugin. -->","yoast_head_json":{"title":"Superbrush Small Gold J\u00e4neke - Kompaktb\u00fcrste Gold","description":"Die J\u00e4neke Superbrush Small Gold ist kompakt und ideal zum pr\u00e4zisen Entwirren. Sie kombiniert Stil und Funktionalit\u00e4t f\u00fcr Ihr Haar.","robots":{"index":"index","follow":"follow","max-snippet":"max-snippet:-1","max-image-preview":"max-image-preview:large","max-video-preview":"max-video-preview:-1"},"canonical":"https:\/\/janeke1830.it\/de\/prodotto\/superbrush-klein-gold\/","og_locale":"de_DE","og_type":"article","og_title":"Superbrush Small Gold J\u00e4neke - Kompaktb\u00fcrste Gold","og_description":"Die J\u00e4neke Superbrush Small Gold ist kompakt und ideal zum pr\u00e4zisen Entwirren. Sie kombiniert Stil und Funktionalit\u00e4t f\u00fcr Ihr Haar.","og_url":"https:\/\/janeke1830.it\/de\/prodotto\/superbrush-klein-gold\/","og_site_name":"J\u00e4neke","article_publisher":"https:\/\/www.facebook.com\/janeke1830","article_modified_time":"2026-03-03T10:46:42+00:00","og_image":[{"width":1024,"height":1024,"url":"https:\/\/janeke1830.it\/wp-content\/uploads\/2026\/01\/AUSP235.png","type":"image\/png"}],"twitter_card":"summary_large_image","schema":{"@context":"https:\/\/schema.org","@graph":[{"@type":"WebPage","@id":"https:\/\/janeke1830.it\/de\/prodotto\/superbrush-klein-gold\/","url":"https:\/\/janeke1830.it\/de\/prodotto\/superbrush-klein-gold\/","name":"Superbrush Small Gold J\u00e4neke - Kompaktb\u00fcrste Gold","isPartOf":{"@id":"https:\/\/janeke1830.it\/#website"},"primaryImageOfPage":{"@id":"https:\/\/janeke1830.it\/de\/prodotto\/superbrush-klein-gold\/#primaryimage"},"image":{"@id":"https:\/\/janeke1830.it\/de\/prodotto\/superbrush-klein-gold\/#primaryimage"},"thumbnailUrl":"https:\/\/janeke1830.it\/wp-content\/uploads\/2026\/01\/superbrush-small-gold-ausp235.png","datePublished":"2026-01-21T16:49:58+00:00","dateModified":"2026-03-03T10:46:42+00:00","description":"Die J\u00e4neke Superbrush Small Gold ist kompakt und ideal zum pr\u00e4zisen Entwirren. Sie kombiniert Stil und Funktionalit\u00e4t f\u00fcr Ihr Haar.","breadcrumb":{"@id":"https:\/\/janeke1830.it\/de\/prodotto\/superbrush-klein-gold\/#breadcrumb"},"inLanguage":"de","potentialAction":[{"@type":"ReadAction","target":["https:\/\/janeke1830.it\/de\/prodotto\/superbrush-klein-gold\/"]}]},{"@type":"ImageObject","inLanguage":"de","@id":"https:\/\/janeke1830.it\/de\/prodotto\/superbrush-klein-gold\/#primaryimage","url":"https:\/\/janeke1830.it\/wp-content\/uploads\/2026\/01\/superbrush-small-gold-ausp235.png","contentUrl":"https:\/\/janeke1830.it\/wp-content\/uploads\/2026\/01\/superbrush-small-gold-ausp235.png","width":1024,"height":1024,"caption":"Spazzola Superbrush Small Gold oro da borsetta J\u00e4neke"},{"@type":"BreadcrumbList","@id":"https:\/\/janeke1830.it\/de\/prodotto\/superbrush-klein-gold\/#breadcrumb","itemListElement":[{"@type":"ListItem","position":1,"name":"Home","item":"https:\/\/janeke1830.it\/de\/startseite\/"},{"@type":"ListItem","position":2,"name":"Shop","item":"https:\/\/janeke1830.it\/de\/shop\/"},{"@type":"ListItem","position":3,"name":"Superbrush Small Gold"}]},{"@type":"WebSite","@id":"https:\/\/janeke1830.it\/#website","url":"https:\/\/janeke1830.it\/","name":"J\u00e4neke 1830","description":"","publisher":{"@id":"https:\/\/janeke1830.it\/#organization"},"potentialAction":[{"@type":"SearchAction","target":{"@type":"EntryPoint","urlTemplate":"https:\/\/janeke1830.it\/?s={search_term_string}"},"query-input":{"@type":"PropertyValueSpecification","valueRequired":true,"valueName":"search_term_string"}}],"inLanguage":"de"},{"@type":"Organization","@id":"https:\/\/janeke1830.it\/#organization","name":"J\u00e4neke 1830","url":"https:\/\/janeke1830.it\/","logo":{"@type":"ImageObject","inLanguage":"de","@id":"https:\/\/janeke1830.it\/#\/schema\/logo\/image\/","url":"https:\/\/janeke1830.it\/wp-content\/uploads\/2025\/12\/logo-nero-janeke.png","contentUrl":"https:\/\/janeke1830.it\/wp-content\/uploads\/2025\/12\/logo-nero-janeke.png","width":1824,"height":829,"caption":"J\u00e4neke 1830"},"image":{"@id":"https:\/\/janeke1830.it\/#\/schema\/logo\/image\/"},"sameAs":["https:\/\/www.facebook.com\/janeke1830","https:\/\/www.instagram.com\/janeke1830official","https:\/\/www.linkedin.com\/company\/giorgio-janeke-s-r-l-\/"]}]}},"_links":{"self":[{"href":"https:\/\/janeke1830.it\/de\/wp-json\/wp\/v2\/product\/10102","targetHints":{"allow":["GET"]}}],"collection":[{"href":"https:\/\/janeke1830.it\/de\/wp-json\/wp\/v2\/product"}],"about":[{"href":"https:\/\/janeke1830.it\/de\/wp-json\/wp\/v2\/types\/product"}],"replies":[{"embeddable":true,"href":"https:\/\/janeke1830.it\/de\/wp-json\/wp\/v2\/comments?post=10102"}],"wp:featuredmedia":[{"embeddable":true,"href":"https:\/\/janeke1830.it\/de\/wp-json\/wp\/v2\/media\/1257"}],"wp:attachment":[{"href":"https:\/\/janeke1830.it\/de\/wp-json\/wp\/v2\/media?parent=10102"}],"wp:term":[{"taxonomy":"product_brand","embeddable":true,"href":"https:\/\/janeke1830.it\/de\/wp-json\/wp\/v2\/product_brand?post=10102"},{"taxonomy":"product_cat","embeddable":true,"href":"https:\/\/janeke1830.it\/de\/wp-json\/wp\/v2\/product_cat?post=10102"},{"taxonomy":"product_tag","embeddable":true,"href":"https:\/\/janeke1830.it\/de\/wp-json\/wp\/v2\/product_tag?post=10102"}],"curies":[{"name":"wp","href":"https:\/\/api.w.org\/{rel}","templated":true}]}}