{"id":10086,"date":"2026-01-20T17:40:20","date_gmt":"2026-01-20T16:40:20","guid":{"rendered":"https:\/\/janeke1830.it\/prodotto\/superbrush-mini-gesichtet\/"},"modified":"2026-03-03T11:46:59","modified_gmt":"2026-03-03T10:46:59","slug":"superbrush-mini-gesichtet","status":"publish","type":"product","link":"https:\/\/janeke1830.it\/de\/prodotto\/superbrush-mini-gesichtet\/","title":{"rendered":"Superbrush mini Gesichtet"},"content":{"rendered":"","protected":false},"excerpt":{"rendered":"<p>Die <strong>Janeke Mini Superbrush<\/strong> ist die ideale B\u00fcrste, um das Haar zu entwirren und zu stylen, sogar nach dem Schwimmen oder Training. Die flexiblen Borsten k\u00e4mmen sanft durch nasses oder trockenes Haar, reduzieren Haarbruch und Frizz und machen das Haar weich und gl\u00e4nzend. <\/p>\n<p>Er ist kompakt und praktisch f\u00fcr den Transport in Ihrer Tasche oder Ihrem Rucksack. Er kombiniert Funktionalit\u00e4t, Qualit\u00e4t und den unverwechselbaren Stil der Marke Janeke, perfekt f\u00fcr alle, die immer unterwegs sind.<\/p>\n","protected":false},"featured_media":1877,"comment_status":"closed","ping_status":"closed","template":"","meta":[],"product_brand":[1057],"product_cat":[1032],"product_tag":[1059],"class_list":{"0":"post-10086","1":"product","2":"type-product","3":"status-publish","4":"has-post-thumbnail","6":"product_brand-superbrush","7":"product_cat-pinsel","8":"product_tag-superpinsel","10":"first","11":"instock","12":"shipping-taxable","13":"purchasable","14":"product-type-simple"},"yoast_head":"<!-- This site is optimized with the Yoast SEO plugin v27.1.1 - https:\/\/yoast.com\/product\/yoast-seo-wordpress\/ -->\n<title>Superbrush Mini Maculato J\u00e4neke - Taschenb\u00fcrste<\/title>\n<meta name=\"description\" content=\"Die J\u00e4neke Mini Spotted Superbrush ist ideal f\u00fcr den Pool und das Fitnessstudio und entwirrt sanft. Stecken Sie sie f\u00fcr einzigartigen Stil in Ihre Tasche. Jetzt entdecken!\" \/>\n<meta name=\"robots\" content=\"index, follow, max-snippet:-1, max-image-preview:large, max-video-preview:-1\" \/>\n<link rel=\"canonical\" href=\"https:\/\/janeke1830.it\/de\/prodotto\/superbrush-mini-gesichtet\/\" \/>\n<meta property=\"og:locale\" content=\"de_DE\" \/>\n<meta property=\"og:type\" content=\"article\" \/>\n<meta property=\"og:title\" content=\"Superbrush Mini Maculato J\u00e4neke - Taschenb\u00fcrste\" \/>\n<meta property=\"og:description\" content=\"Die J\u00e4neke Mini Spotted Superbrush ist ideal f\u00fcr den Pool und das Fitnessstudio und entwirrt sanft. Stecken Sie sie f\u00fcr einzigartigen Stil in Ihre Tasche. Jetzt entdecken!\" \/>\n<meta property=\"og:url\" content=\"https:\/\/janeke1830.it\/de\/prodotto\/superbrush-mini-gesichtet\/\" \/>\n<meta property=\"og:site_name\" content=\"J\u00e4neke\" \/>\n<meta property=\"article:publisher\" content=\"https:\/\/www.facebook.com\/janeke1830\" \/>\n<meta property=\"article:modified_time\" content=\"2026-03-03T10:46:59+00:00\" \/>\n<meta property=\"og:image\" content=\"https:\/\/janeke1830.it\/wp-content\/uploads\/2026\/01\/71SP220NERMAC.png\" \/>\n\t<meta property=\"og:image:width\" content=\"800\" \/>\n\t<meta property=\"og:image:height\" content=\"800\" \/>\n\t<meta property=\"og:image:type\" content=\"image\/png\" \/>\n<meta name=\"twitter:card\" content=\"summary_large_image\" \/>\n<script type=\"application\/ld+json\" class=\"yoast-schema-graph\">{\"@context\":\"https:\/\/schema.org\",\"@graph\":[{\"@type\":\"WebPage\",\"@id\":\"https:\/\/janeke1830.it\/de\/prodotto\/superbrush-mini-gesichtet\/\",\"url\":\"https:\/\/janeke1830.it\/de\/prodotto\/superbrush-mini-gesichtet\/\",\"name\":\"Superbrush Mini Maculato J\u00e4neke - Taschenb\u00fcrste\",\"isPartOf\":{\"@id\":\"https:\/\/janeke1830.it\/#website\"},\"primaryImageOfPage\":{\"@id\":\"https:\/\/janeke1830.it\/de\/prodotto\/superbrush-mini-gesichtet\/#primaryimage\"},\"image\":{\"@id\":\"https:\/\/janeke1830.it\/de\/prodotto\/superbrush-mini-gesichtet\/#primaryimage\"},\"thumbnailUrl\":\"https:\/\/janeke1830.it\/wp-content\/uploads\/2026\/01\/superbrush-mini-maculato-71sp220nermac.png\",\"datePublished\":\"2026-01-20T16:40:20+00:00\",\"dateModified\":\"2026-03-03T10:46:59+00:00\",\"description\":\"Die J\u00e4neke Mini Spotted Superbrush ist ideal f\u00fcr den Pool und das Fitnessstudio und entwirrt sanft. Stecken Sie sie f\u00fcr einzigartigen Stil in Ihre Tasche. Jetzt entdecken!\",\"breadcrumb\":{\"@id\":\"https:\/\/janeke1830.it\/de\/prodotto\/superbrush-mini-gesichtet\/#breadcrumb\"},\"inLanguage\":\"de\",\"potentialAction\":[{\"@type\":\"ReadAction\",\"target\":[\"https:\/\/janeke1830.it\/de\/prodotto\/superbrush-mini-gesichtet\/\"]}]},{\"@type\":\"ImageObject\",\"inLanguage\":\"de\",\"@id\":\"https:\/\/janeke1830.it\/de\/prodotto\/superbrush-mini-gesichtet\/#primaryimage\",\"url\":\"https:\/\/janeke1830.it\/wp-content\/uploads\/2026\/01\/superbrush-mini-maculato-71sp220nermac.png\",\"contentUrl\":\"https:\/\/janeke1830.it\/wp-content\/uploads\/2026\/01\/superbrush-mini-maculato-71sp220nermac.png\",\"width\":800,\"height\":800,\"caption\":\"Spazzola Mini Superbrush maculata da borsetta J\u00e4neke\"},{\"@type\":\"BreadcrumbList\",\"@id\":\"https:\/\/janeke1830.it\/de\/prodotto\/superbrush-mini-gesichtet\/#breadcrumb\",\"itemListElement\":[{\"@type\":\"ListItem\",\"position\":1,\"name\":\"Home\",\"item\":\"https:\/\/janeke1830.it\/de\/startseite\/\"},{\"@type\":\"ListItem\",\"position\":2,\"name\":\"Shop\",\"item\":\"https:\/\/janeke1830.it\/de\/shop\/\"},{\"@type\":\"ListItem\",\"position\":3,\"name\":\"Superbrush mini Gesichtet\"}]},{\"@type\":\"WebSite\",\"@id\":\"https:\/\/janeke1830.it\/#website\",\"url\":\"https:\/\/janeke1830.it\/\",\"name\":\"J\u00e4neke 1830\",\"description\":\"\",\"publisher\":{\"@id\":\"https:\/\/janeke1830.it\/#organization\"},\"potentialAction\":[{\"@type\":\"SearchAction\",\"target\":{\"@type\":\"EntryPoint\",\"urlTemplate\":\"https:\/\/janeke1830.it\/?s={search_term_string}\"},\"query-input\":{\"@type\":\"PropertyValueSpecification\",\"valueRequired\":true,\"valueName\":\"search_term_string\"}}],\"inLanguage\":\"de\"},{\"@type\":\"Organization\",\"@id\":\"https:\/\/janeke1830.it\/#organization\",\"name\":\"J\u00e4neke 1830\",\"url\":\"https:\/\/janeke1830.it\/\",\"logo\":{\"@type\":\"ImageObject\",\"inLanguage\":\"de\",\"@id\":\"https:\/\/janeke1830.it\/#\/schema\/logo\/image\/\",\"url\":\"https:\/\/janeke1830.it\/wp-content\/uploads\/2025\/12\/logo-nero-janeke.png\",\"contentUrl\":\"https:\/\/janeke1830.it\/wp-content\/uploads\/2025\/12\/logo-nero-janeke.png\",\"width\":1824,\"height\":829,\"caption\":\"J\u00e4neke 1830\"},\"image\":{\"@id\":\"https:\/\/janeke1830.it\/#\/schema\/logo\/image\/\"},\"sameAs\":[\"https:\/\/www.facebook.com\/janeke1830\",\"https:\/\/www.instagram.com\/janeke1830official\",\"https:\/\/www.linkedin.com\/company\/giorgio-janeke-s-r-l-\/\"]}]}<\/script>\n<!-- \/ Yoast SEO plugin. -->","yoast_head_json":{"title":"Superbrush Mini Maculato J\u00e4neke - Taschenb\u00fcrste","description":"Die J\u00e4neke Mini Spotted Superbrush ist ideal f\u00fcr den Pool und das Fitnessstudio und entwirrt sanft. Stecken Sie sie f\u00fcr einzigartigen Stil in Ihre Tasche. Jetzt entdecken!","robots":{"index":"index","follow":"follow","max-snippet":"max-snippet:-1","max-image-preview":"max-image-preview:large","max-video-preview":"max-video-preview:-1"},"canonical":"https:\/\/janeke1830.it\/de\/prodotto\/superbrush-mini-gesichtet\/","og_locale":"de_DE","og_type":"article","og_title":"Superbrush Mini Maculato J\u00e4neke - Taschenb\u00fcrste","og_description":"Die J\u00e4neke Mini Spotted Superbrush ist ideal f\u00fcr den Pool und das Fitnessstudio und entwirrt sanft. Stecken Sie sie f\u00fcr einzigartigen Stil in Ihre Tasche. Jetzt entdecken!","og_url":"https:\/\/janeke1830.it\/de\/prodotto\/superbrush-mini-gesichtet\/","og_site_name":"J\u00e4neke","article_publisher":"https:\/\/www.facebook.com\/janeke1830","article_modified_time":"2026-03-03T10:46:59+00:00","og_image":[{"width":800,"height":800,"url":"https:\/\/janeke1830.it\/wp-content\/uploads\/2026\/01\/71SP220NERMAC.png","type":"image\/png"}],"twitter_card":"summary_large_image","schema":{"@context":"https:\/\/schema.org","@graph":[{"@type":"WebPage","@id":"https:\/\/janeke1830.it\/de\/prodotto\/superbrush-mini-gesichtet\/","url":"https:\/\/janeke1830.it\/de\/prodotto\/superbrush-mini-gesichtet\/","name":"Superbrush Mini Maculato J\u00e4neke - Taschenb\u00fcrste","isPartOf":{"@id":"https:\/\/janeke1830.it\/#website"},"primaryImageOfPage":{"@id":"https:\/\/janeke1830.it\/de\/prodotto\/superbrush-mini-gesichtet\/#primaryimage"},"image":{"@id":"https:\/\/janeke1830.it\/de\/prodotto\/superbrush-mini-gesichtet\/#primaryimage"},"thumbnailUrl":"https:\/\/janeke1830.it\/wp-content\/uploads\/2026\/01\/superbrush-mini-maculato-71sp220nermac.png","datePublished":"2026-01-20T16:40:20+00:00","dateModified":"2026-03-03T10:46:59+00:00","description":"Die J\u00e4neke Mini Spotted Superbrush ist ideal f\u00fcr den Pool und das Fitnessstudio und entwirrt sanft. Stecken Sie sie f\u00fcr einzigartigen Stil in Ihre Tasche. Jetzt entdecken!","breadcrumb":{"@id":"https:\/\/janeke1830.it\/de\/prodotto\/superbrush-mini-gesichtet\/#breadcrumb"},"inLanguage":"de","potentialAction":[{"@type":"ReadAction","target":["https:\/\/janeke1830.it\/de\/prodotto\/superbrush-mini-gesichtet\/"]}]},{"@type":"ImageObject","inLanguage":"de","@id":"https:\/\/janeke1830.it\/de\/prodotto\/superbrush-mini-gesichtet\/#primaryimage","url":"https:\/\/janeke1830.it\/wp-content\/uploads\/2026\/01\/superbrush-mini-maculato-71sp220nermac.png","contentUrl":"https:\/\/janeke1830.it\/wp-content\/uploads\/2026\/01\/superbrush-mini-maculato-71sp220nermac.png","width":800,"height":800,"caption":"Spazzola Mini Superbrush maculata da borsetta J\u00e4neke"},{"@type":"BreadcrumbList","@id":"https:\/\/janeke1830.it\/de\/prodotto\/superbrush-mini-gesichtet\/#breadcrumb","itemListElement":[{"@type":"ListItem","position":1,"name":"Home","item":"https:\/\/janeke1830.it\/de\/startseite\/"},{"@type":"ListItem","position":2,"name":"Shop","item":"https:\/\/janeke1830.it\/de\/shop\/"},{"@type":"ListItem","position":3,"name":"Superbrush mini Gesichtet"}]},{"@type":"WebSite","@id":"https:\/\/janeke1830.it\/#website","url":"https:\/\/janeke1830.it\/","name":"J\u00e4neke 1830","description":"","publisher":{"@id":"https:\/\/janeke1830.it\/#organization"},"potentialAction":[{"@type":"SearchAction","target":{"@type":"EntryPoint","urlTemplate":"https:\/\/janeke1830.it\/?s={search_term_string}"},"query-input":{"@type":"PropertyValueSpecification","valueRequired":true,"valueName":"search_term_string"}}],"inLanguage":"de"},{"@type":"Organization","@id":"https:\/\/janeke1830.it\/#organization","name":"J\u00e4neke 1830","url":"https:\/\/janeke1830.it\/","logo":{"@type":"ImageObject","inLanguage":"de","@id":"https:\/\/janeke1830.it\/#\/schema\/logo\/image\/","url":"https:\/\/janeke1830.it\/wp-content\/uploads\/2025\/12\/logo-nero-janeke.png","contentUrl":"https:\/\/janeke1830.it\/wp-content\/uploads\/2025\/12\/logo-nero-janeke.png","width":1824,"height":829,"caption":"J\u00e4neke 1830"},"image":{"@id":"https:\/\/janeke1830.it\/#\/schema\/logo\/image\/"},"sameAs":["https:\/\/www.facebook.com\/janeke1830","https:\/\/www.instagram.com\/janeke1830official","https:\/\/www.linkedin.com\/company\/giorgio-janeke-s-r-l-\/"]}]}},"_links":{"self":[{"href":"https:\/\/janeke1830.it\/de\/wp-json\/wp\/v2\/product\/10086","targetHints":{"allow":["GET"]}}],"collection":[{"href":"https:\/\/janeke1830.it\/de\/wp-json\/wp\/v2\/product"}],"about":[{"href":"https:\/\/janeke1830.it\/de\/wp-json\/wp\/v2\/types\/product"}],"replies":[{"embeddable":true,"href":"https:\/\/janeke1830.it\/de\/wp-json\/wp\/v2\/comments?post=10086"}],"wp:featuredmedia":[{"embeddable":true,"href":"https:\/\/janeke1830.it\/de\/wp-json\/wp\/v2\/media\/1877"}],"wp:attachment":[{"href":"https:\/\/janeke1830.it\/de\/wp-json\/wp\/v2\/media?parent=10086"}],"wp:term":[{"taxonomy":"product_brand","embeddable":true,"href":"https:\/\/janeke1830.it\/de\/wp-json\/wp\/v2\/product_brand?post=10086"},{"taxonomy":"product_cat","embeddable":true,"href":"https:\/\/janeke1830.it\/de\/wp-json\/wp\/v2\/product_cat?post=10086"},{"taxonomy":"product_tag","embeddable":true,"href":"https:\/\/janeke1830.it\/de\/wp-json\/wp\/v2\/product_tag?post=10086"}],"curies":[{"name":"wp","href":"https:\/\/api.w.org\/{rel}","templated":true}]}}