{"id":9979,"date":"2026-01-23T12:26:32","date_gmt":"2026-01-23T11:26:32","guid":{"rendered":"https:\/\/janeke1830.it\/vertriebspartner-werden\/"},"modified":"2026-04-10T14:27:29","modified_gmt":"2026-04-10T12:27:29","slug":"vertriebspartner-werden","status":"publish","type":"page","link":"https:\/\/janeke1830.it\/de\/vertriebspartner-werden\/","title":{"rendered":"Vertriebspartner werden"},"content":{"rendered":"\t\t<div data-elementor-type=\"wp-page\" data-elementor-id=\"9979\" class=\"elementor elementor-9979 elementor-1849\" data-elementor-post-type=\"page\">\n\t\t\t\t<div class=\"elementor-element elementor-element-8c79bdb e-con-full e-flex e-con e-parent\" data-id=\"8c79bdb\" data-element_type=\"container\">\n\t\t<div class=\"elementor-element elementor-element-b517335 e-con-full e-flex e-con e-child\" data-id=\"b517335\" data-element_type=\"container\">\n\t\t\t\t<div class=\"elementor-element elementor-element-16c9397 elementor-widget elementor-widget-heading\" data-id=\"16c9397\" data-element_type=\"widget\" data-widget_type=\"heading.default\">\n\t\t\t\t\t<h1 class=\"elementor-heading-title elementor-size-default\">Vertriebspartner werden<\/h1>\t\t\t\t<\/div>\n\t\t\t\t<div class=\"elementor-element elementor-element-c05d00d elementor-widget elementor-widget-heading\" data-id=\"c05d00d\" data-element_type=\"widget\" data-widget_type=\"heading.default\">\n\t\t\t\t\t<p class=\"elementor-heading-title elementor-size-default\">Bieten Sie die komplette J\u00e4neke-Linie und den besten Pinsel der Welt an<\/p>\t\t\t\t<\/div>\n\t\t\t\t<div class=\"elementor-element elementor-element-8ed47bb elementor-widget elementor-widget-text-editor\" data-id=\"8ed47bb\" data-element_type=\"widget\" data-widget_type=\"text-editor.default\">\n\t\t\t\t\t\t\t\t\t<p>Seit fast 200 Jahren ist J\u00e4neke ein Synonym f\u00fcr italienische Handwerkskunst, Kreativit\u00e4t und Innovation. Jedes Produkt wird <strong>in Italien in reiner Hand<\/strong>arbeit hergestellt, mit viel Liebe zum Design, zum Detail und zur Auswahl der hochwertigsten Materialien. Eine Erfolgstradition, die im Laufe der Zeit ein weltweites Markenbewusstsein und eine Kundentreue geschaffen hat, wie sie in der Sch\u00f6nheitsindustrie selten sind.  <\/p><p>Heute ist J\u00e4neke auf den prestigetr\u00e4chtigsten und dynamischsten M\u00e4rkten der Welt pr\u00e4sent und gesch\u00e4tzt: China, die Vereinigten Staaten, Brasilien, Japan, Korea, Singapur, Vietnam, Russland, die Ukraine, Australien, der Nahe Osten und in der gesamten Europ\u00e4ischen Union, wo wir mit ausgew\u00e4hlten Partnern zusammenarbeiten, die ihre Ums\u00e4tze weiter konsolidieren und steigern.<\/p>\t\t\t\t\t\t\t\t<\/div>\n\t\t\t\t<\/div>\n\t\t\t\t<\/div>\n\t\t<div class=\"elementor-element elementor-element-bab9732 e-con-full e-flex e-con e-parent\" data-id=\"bab9732\" data-element_type=\"container\">\n\t\t<div class=\"elementor-element elementor-element-6e6fcbf e-con-full e-flex e-con e-child\" data-id=\"6e6fcbf\" data-element_type=\"container\">\n\t\t\t\t<div class=\"elementor-element elementor-element-8545f67 elementor-widget elementor-widget-heading\" data-id=\"8545f67\" data-element_type=\"widget\" data-widget_type=\"heading.default\">\n\t\t\t\t\t<p class=\"elementor-heading-title elementor-size-default\">Fordern Sie Kataloge und Informationen an\nund werden Sie exklusiver J\u00e4neke-H\u00e4ndler<\/p>\t\t\t\t<\/div>\n\t\t\t\t<div class=\"elementor-element elementor-element-269dee6 elementor-widget elementor-widget-text-editor\" data-id=\"269dee6\" data-element_type=\"widget\" data-widget_type=\"text-editor.default\">\n\t\t\t\t\t\t\t\t\t<p>F\u00fcllen Sie das Formular aus, um sich als Exklusivh\u00e4ndler oder offizieller Wiederverk\u00e4ufer zu bewerben, und geben Sie dabei an:<\/p><ul><li>Vor- und Nachname<\/li><li>E-Mail Adresse<\/li><li>Rolle, f\u00fcr die Sie sich bewerben m\u00f6chten<\/li><li>Art des Gesch\u00e4fts (z.B. Gro\u00dfh\u00e4ndler, Parf\u00fcmerie, Apotheke, gro\u00dfer Einzelhandel, Sch\u00f6nheits-\/Friseursalon usw.).<\/li><li>Land von Interesse f\u00fcr den Vertrieb<\/li><\/ul>\t\t\t\t\t\t\t\t<\/div>\n\t\t\t\t<div class=\"elementor-element elementor-element-6352ef2 elementor-widget elementor-widget-text-editor\" data-id=\"6352ef2\" data-element_type=\"widget\" data-widget_type=\"text-editor.default\">\n\t\t\t\t\t\t\t\t\t<p>Unsere Verkaufsabteilung wird sich gerne mit Ihnen in Verbindung setzen, um Ihnen alle notwendigen Informationen zu geben und Ihnen offizielle J\u00e4neke-Kataloge zuzusenden.<\/p>\t\t\t\t\t\t\t\t<\/div>\n\t\t\t\t<\/div>\n\t\t<div class=\"elementor-element elementor-element-ecfe087 e-con-full e-flex e-con e-child\" data-id=\"ecfe087\" data-element_type=\"container\" data-settings=\"{&quot;background_background&quot;:&quot;classic&quot;}\">\n\t\t\t\t<div class=\"elementor-element elementor-element-7f9aef4 form elementor-button-align-stretch elementor-widget elementor-widget-form\" data-id=\"7f9aef4\" data-element_type=\"widget\" data-settings=\"{&quot;step_next_label&quot;:&quot;N\\u00e4chste&quot;,&quot;step_previous_label&quot;:&quot;Vorherige&quot;,&quot;button_width&quot;:&quot;100&quot;,&quot;step_type&quot;:&quot;number_text&quot;,&quot;step_icon_shape&quot;:&quot;circle&quot;}\" data-widget_type=\"form.default\">\n\t\t\t\t\t\t\t<form class=\"elementor-form\" method=\"post\" id=\"distributore\" name=\"Neues Modul\" aria-label=\"Neues Modul\">\n\t\t\t<input type=\"hidden\" name=\"post_id\" value=\"9979\"\/>\n\t\t\t<input type=\"hidden\" name=\"form_id\" value=\"7f9aef4\"\/>\n\t\t\t<input type=\"hidden\" name=\"referer_title\" value=\"Werden Sie exklusiver Vertriebspartner - J\u00e4neke 1830\" \/>\n\n\t\t\t\t\t\t\t<input type=\"hidden\" name=\"queried_id\" value=\"9979\"\/>\n\t\t\t\n\t\t\t<div class=\"elementor-form-fields-wrapper elementor-labels-\">\n\t\t\t\t\t\t\t\t<div class=\"elementor-field-type-text elementor-field-group elementor-column elementor-field-group-field_a4ba3d5 elementor-col-100\">\n\t\t\t\t\t\t\t\t\t\t\t\t<label for=\"form-field-field_a4ba3d5\" class=\"elementor-field-label elementor-screen-only\">\n\t\t\t\t\t\t\t\tName und Nachname\t\t\t\t\t\t\t<\/label>\n\t\t\t\t\t\t\t\t\t\t\t\t\t\t<input size=\"1\" type=\"text\" name=\"form_fields[field_a4ba3d5]\" id=\"form-field-field_a4ba3d5\" class=\"elementor-field elementor-size-sm  elementor-field-textual\" placeholder=\"Name und Nachname\">\n\t\t\t\t\t\t\t\t\t\t\t<\/div>\n\t\t\t\t\t\t\t\t<div class=\"elementor-field-type-email elementor-field-group elementor-column elementor-field-group-email elementor-col-100 elementor-field-required\">\n\t\t\t\t\t\t\t\t\t\t\t\t<label for=\"form-field-email\" class=\"elementor-field-label elementor-screen-only\">\n\t\t\t\t\t\t\t\tE-Mail\t\t\t\t\t\t\t<\/label>\n\t\t\t\t\t\t\t\t\t\t\t\t\t\t<input size=\"1\" type=\"email\" name=\"form_fields[email]\" id=\"form-field-email\" class=\"elementor-field elementor-size-sm  elementor-field-textual\" placeholder=\"E-Mail Adresse  \" required=\"required\">\n\t\t\t\t\t\t\t\t\t\t\t<\/div>\n\t\t\t\t\t\t\t\t<div class=\"elementor-field-type-tel elementor-field-group elementor-column elementor-field-group-field_509909b elementor-col-100 elementor-field-required\">\n\t\t\t\t\t\t\t\t\t\t\t\t<label for=\"form-field-field_509909b\" class=\"elementor-field-label elementor-screen-only\">\n\t\t\t\t\t\t\t\tTelefon\t\t\t\t\t\t\t<\/label>\n\t\t\t\t\t\t\t\t<input size=\"1\" type=\"tel\" name=\"form_fields[field_509909b]\" id=\"form-field-field_509909b\" class=\"elementor-field elementor-size-sm  elementor-field-textual\" placeholder=\"Telefon Nummer\" required=\"required\" pattern=\"[0-9()#&amp;+*-=.]+\" title=\"Nur Nummern oder Telefon-Zeichen (#, -, *, etc) werden akzeptiert.\">\n\n\t\t\t\t\t\t<\/div>\n\t\t\t\t\t\t\t\t<div class=\"elementor-field-type-html elementor-field-group elementor-column elementor-field-group-field_9594da9 elementor-col-40\">\n\t\t\t\t\tIch bitte um die Rolle der\t\t\t\t<\/div>\n\t\t\t\t\t\t\t\t<div class=\"elementor-field-type-checkbox elementor-field-group elementor-column elementor-field-group-field_b37a36f elementor-col-60\">\n\t\t\t\t\t<div class=\"elementor-field-subgroup  \"><span class=\"elementor-field-option\"><input type=\"checkbox\" value=\"Exklusiver Vertriebspartner\" id=\"form-field-field_b37a36f-0\" name=\"form_fields[field_b37a36f][]\"> <label for=\"form-field-field_b37a36f-0\">Exklusiver Vertriebspartner<\/label><\/span><span class=\"elementor-field-option\"><input type=\"checkbox\" value=\"Offizieller H\u00e4ndler\" id=\"form-field-field_b37a36f-1\" name=\"form_fields[field_b37a36f][]\"> <label for=\"form-field-field_b37a36f-1\">Offizieller H\u00e4ndler<\/label><\/span><span class=\"elementor-field-option\"><input type=\"checkbox\" value=\"Mehr\" id=\"form-field-field_b37a36f-2\" name=\"form_fields[field_b37a36f][]\"> <label for=\"form-field-field_b37a36f-2\">Mehr<\/label><\/span><\/div>\t\t\t\t<\/div>\n\t\t\t\t\t\t\t\t<div class=\"elementor-field-type-html elementor-field-group elementor-column elementor-field-group-field_9d1c57a elementor-col-40\">\n\t\t\t\t\tArt des Unternehmens\t\t\t\t<\/div>\n\t\t\t\t\t\t\t\t<div class=\"elementor-field-type-select elementor-field-group elementor-column elementor-field-group-field_1019e43 elementor-col-60\">\n\t\t\t\t\t\t\t\t\t\t\t\t<label for=\"form-field-field_1019e43\" class=\"elementor-field-label elementor-screen-only\">\n\t\t\t\t\t\t\t\tUnternehmen\t\t\t\t\t\t\t<\/label>\n\t\t\t\t\t\t\t\t<div class=\"elementor-field elementor-select-wrapper remove-before \">\n\t\t\t<div class=\"select-caret-down-wrapper\">\n\t\t\t\t<svg aria-hidden=\"true\" class=\"e-font-icon-svg e-eicon-caret-down\" viewBox=\"0 0 571.4 571.4\" xmlns=\"http:\/\/www.w3.org\/2000\/svg\"><path d=\"M571 393Q571 407 561 418L311 668Q300 679 286 679T261 668L11 418Q0 407 0 393T11 368 36 357H536Q550 357 561 368T571 393Z\"><\/path><\/svg>\t\t\t<\/div>\n\t\t\t<select name=\"form_fields[field_1019e43]\" id=\"form-field-field_1019e43\" class=\"elementor-field-textual elementor-size-sm\">\n\t\t\t\t\t\t\t\t\t<option value=\"--\">--<\/option>\n\t\t\t\t\t\t\t\t\t<option value=\"Gro\u00dfh\u00e4ndler \">Gro\u00dfh\u00e4ndler <\/option>\n\t\t\t\t\t\t\t\t\t<option value=\"Parf\u00fcmerie\">Parf\u00fcmerie<\/option>\n\t\t\t\t\t\t\t\t\t<option value=\"Gemischtwarenladen\">Gemischtwarenladen<\/option>\n\t\t\t\t\t\t\t\t\t<option value=\"Apotheke\">Apotheke<\/option>\n\t\t\t\t\t\t\t\t\t<option value=\"Gro\u00dffl\u00e4chiger Einzelhandel\">Gro\u00dffl\u00e4chiger Einzelhandel<\/option>\n\t\t\t\t\t\t\t\t\t<option value=\"Sch\u00f6nheitssalon\">Sch\u00f6nheitssalon<\/option>\n\t\t\t\t\t\t\t\t\t<option value=\"Friseur\">Friseur<\/option>\n\t\t\t\t\t\t\t\t\t<option value=\"Sonstiges\">Sonstiges<\/option>\n\t\t\t\t\t\t\t<\/select>\n\t\t<\/div>\n\t\t\t\t\t\t<\/div>\n\t\t\t\t\t\t\t\t<div class=\"elementor-field-type-text elementor-field-group elementor-column elementor-field-group-name elementor-col-100\">\n\t\t\t\t\t\t\t\t\t\t\t\t<label for=\"form-field-name\" class=\"elementor-field-label elementor-screen-only\">\n\t\t\t\t\t\t\t\tLand, in dem Sie die Verteilung vornehmen m\u00f6chten\t\t\t\t\t\t\t<\/label>\n\t\t\t\t\t\t\t\t\t\t\t\t\t\t<input size=\"1\" type=\"text\" name=\"form_fields[name]\" id=\"form-field-name\" class=\"elementor-field elementor-size-sm  elementor-field-textual\" placeholder=\"Land, in dem Sie die Verteilung vornehmen m\u00f6chten\">\n\t\t\t\t\t\t\t\t\t\t\t<\/div>\n\t\t\t\t\t\t\t\t<div class=\"elementor-field-type-textarea elementor-field-group elementor-column elementor-field-group-message elementor-col-100\">\n\t\t\t\t\t\t\t\t\t\t\t\t<label for=\"form-field-message\" class=\"elementor-field-label elementor-screen-only\">\n\t\t\t\t\t\t\t\tNachricht\t\t\t\t\t\t\t<\/label>\n\t\t\t\t\t\t<textarea class=\"elementor-field-textual elementor-field  elementor-size-sm\" name=\"form_fields[message]\" id=\"form-field-message\" rows=\"4\" placeholder=\"Schreiben Sie hier Ihre Nachricht\"><\/textarea>\t\t\t\t<\/div>\n\t\t\t\t\t\t\t\t<div class=\"elementor-field-type-acceptance elementor-field-group elementor-column elementor-field-group-field_ebd817b elementor-col-100\">\n\t\t\t\t\t\t\t\t\t\t\t\t<label for=\"form-field-field_ebd817b\" class=\"elementor-field-label elementor-screen-only\">\n\t\t\t\t\t\t\t\tGDPR\t\t\t\t\t\t\t<\/label>\n\t\t\t\t\t\t\t\t<div class=\"elementor-field-subgroup\">\n\t\t\t<span class=\"elementor-field-option\">\n\t\t\t\t<input type=\"checkbox\" name=\"form_fields[field_ebd817b]\" id=\"form-field-field_ebd817b\" class=\"elementor-field elementor-size-sm  elementor-acceptance-field\">\n\t\t\t\t<label for=\"form-field-field_ebd817b\">  Ich habe die Informationen gelesen und akzeptiere die Bedingungen f\u00fcr die Datenverarbeitung, wie sie in der <a href=\"https:\/\/app.legalblink.it\/api\/documents\/697778389759e00029753e64\/privacy-policy-per-siti-web-o-e-commerce-de\" target=\"_blank\"> Datenschutzrichtlinie<\/a> angegeben sind.<\/label>\t\t\t<\/span>\n\t\t<\/div>\n\t\t\t\t\t\t<\/div>\n\t\t\t\t\t\t\t\t<div class=\"elementor-field-group elementor-column elementor-field-type-submit elementor-col-100 e-form__buttons\">\n\t\t\t\t\t<button class=\"elementor-button elementor-size-sm\" type=\"submit\">\n\t\t\t\t\t\t<span class=\"elementor-button-content-wrapper\">\n\t\t\t\t\t\t\t\t\t\t\t\t\t\t\t\t\t\t\t\t\t\t<span class=\"elementor-button-text\">Anfrage senden<\/span>\n\t\t\t\t\t\t\t\t\t\t\t\t\t<\/span>\n\t\t\t\t\t<\/button>\n\t\t\t\t<\/div>\n\t\t\t<\/div>\n\t\t<\/form>\n\t\t\t\t\t\t<\/div>\n\t\t\t\t<\/div>\n\t\t\t\t<\/div>\n\t\t\t\t<\/div>\n\t\t","protected":false},"excerpt":{"rendered":"<p>Vertriebspartner werden Bieten Sie die komplette J\u00e4neke-Linie und den besten Pinsel der Welt an Seit fast 200 Jahren ist J\u00e4neke ein Synonym f\u00fcr italienische Handwerkskunst, Kreativit\u00e4t und Innovation. Jedes Produkt wird in Italien in reiner Handarbeit hergestellt, mit viel Liebe zum Design, zum Detail und zur Auswahl der hochwertigsten Materialien. Eine Erfolgstradition, die im Laufe [&hellip;]<\/p>\n","protected":false},"author":1,"featured_media":0,"parent":0,"menu_order":0,"comment_status":"closed","ping_status":"closed","template":"elementor_header_footer","meta":{"footnotes":""},"class_list":["post-9979","page","type-page","status-publish","hentry"],"yoast_head":"<!-- This site is optimized with the Yoast SEO plugin v27.1.1 - https:\/\/yoast.com\/product\/yoast-seo-wordpress\/ -->\n<title>Werden Sie exklusiver Vertriebspartner - J\u00e4neke 1830<\/title>\n<meta name=\"description\" content=\"Schlie\u00dfen Sie sich J\u00e4neke an und werden Sie exklusiver Vertriebspartner. Vertreiben Sie Made in Italy B\u00fcrsten und Zubeh\u00f6r weltweit. Kontaktieren Sie uns!\" \/>\n<meta name=\"robots\" content=\"index, follow, max-snippet:-1, max-image-preview:large, max-video-preview:-1\" \/>\n<link rel=\"canonical\" href=\"https:\/\/janeke1830.it\/diventa-distributore\/\" \/>\n<meta property=\"og:locale\" content=\"de_DE\" \/>\n<meta property=\"og:type\" content=\"article\" \/>\n<meta property=\"og:title\" content=\"Werden Sie exklusiver Vertriebspartner - J\u00e4neke 1830\" \/>\n<meta property=\"og:description\" content=\"Schlie\u00dfen Sie sich J\u00e4neke an und werden Sie exklusiver Vertriebspartner. Vertreiben Sie Made in Italy B\u00fcrsten und Zubeh\u00f6r weltweit. Kontaktieren Sie uns!\" \/>\n<meta property=\"og:url\" content=\"https:\/\/janeke1830.it\/diventa-distributore\/\" \/>\n<meta property=\"og:site_name\" content=\"J\u00e4neke\" \/>\n<meta property=\"article:publisher\" content=\"https:\/\/www.facebook.com\/janeke1830\" \/>\n<meta property=\"article:modified_time\" content=\"2026-04-10T12:27:29+00:00\" \/>\n<meta name=\"twitter:card\" content=\"summary_large_image\" \/>\n<meta name=\"twitter:label1\" content=\"Gesch\u00e4tzte Lesezeit\" \/>\n\t<meta name=\"twitter:data1\" content=\"1\u00a0Minute\" \/>\n<script type=\"application\/ld+json\" class=\"yoast-schema-graph\">{\"@context\":\"https:\/\/schema.org\",\"@graph\":[{\"@type\":\"WebPage\",\"@id\":\"https:\/\/janeke1830.it\/diventa-distributore\/\",\"url\":\"https:\/\/janeke1830.it\/diventa-distributore\/\",\"name\":\"Werden Sie exklusiver Vertriebspartner - J\u00e4neke 1830\",\"isPartOf\":{\"@id\":\"https:\/\/janeke1830.it\/#website\"},\"datePublished\":\"2026-01-23T11:26:32+00:00\",\"dateModified\":\"2026-04-10T12:27:29+00:00\",\"description\":\"Schlie\u00dfen Sie sich J\u00e4neke an und werden Sie exklusiver Vertriebspartner. Vertreiben Sie Made in Italy B\u00fcrsten und Zubeh\u00f6r weltweit. Kontaktieren Sie uns!\",\"breadcrumb\":{\"@id\":\"https:\/\/janeke1830.it\/diventa-distributore\/#breadcrumb\"},\"inLanguage\":\"de\",\"potentialAction\":[{\"@type\":\"ReadAction\",\"target\":[\"https:\/\/janeke1830.it\/diventa-distributore\/\"]}]},{\"@type\":\"BreadcrumbList\",\"@id\":\"https:\/\/janeke1830.it\/diventa-distributore\/#breadcrumb\",\"itemListElement\":[{\"@type\":\"ListItem\",\"position\":1,\"name\":\"Home\",\"item\":\"https:\/\/janeke1830.it\/de\/startseite\/\"},{\"@type\":\"ListItem\",\"position\":2,\"name\":\"Vertriebspartner werden\"}]},{\"@type\":\"WebSite\",\"@id\":\"https:\/\/janeke1830.it\/#website\",\"url\":\"https:\/\/janeke1830.it\/\",\"name\":\"J\u00e4neke 1830\",\"description\":\"\",\"publisher\":{\"@id\":\"https:\/\/janeke1830.it\/#organization\"},\"potentialAction\":[{\"@type\":\"SearchAction\",\"target\":{\"@type\":\"EntryPoint\",\"urlTemplate\":\"https:\/\/janeke1830.it\/?s={search_term_string}\"},\"query-input\":{\"@type\":\"PropertyValueSpecification\",\"valueRequired\":true,\"valueName\":\"search_term_string\"}}],\"inLanguage\":\"de\"},{\"@type\":\"Organization\",\"@id\":\"https:\/\/janeke1830.it\/#organization\",\"name\":\"J\u00e4neke 1830\",\"url\":\"https:\/\/janeke1830.it\/\",\"logo\":{\"@type\":\"ImageObject\",\"inLanguage\":\"de\",\"@id\":\"https:\/\/janeke1830.it\/#\/schema\/logo\/image\/\",\"url\":\"https:\/\/janeke1830.it\/wp-content\/uploads\/2025\/12\/logo-nero-janeke.png\",\"contentUrl\":\"https:\/\/janeke1830.it\/wp-content\/uploads\/2025\/12\/logo-nero-janeke.png\",\"width\":1824,\"height\":829,\"caption\":\"J\u00e4neke 1830\"},\"image\":{\"@id\":\"https:\/\/janeke1830.it\/#\/schema\/logo\/image\/\"},\"sameAs\":[\"https:\/\/www.facebook.com\/janeke1830\",\"https:\/\/www.instagram.com\/janeke1830official\",\"https:\/\/www.linkedin.com\/company\/giorgio-janeke-s-r-l-\/\"]}]}<\/script>\n<!-- \/ Yoast SEO plugin. -->","yoast_head_json":{"title":"Werden Sie exklusiver Vertriebspartner - J\u00e4neke 1830","description":"Schlie\u00dfen Sie sich J\u00e4neke an und werden Sie exklusiver Vertriebspartner. Vertreiben Sie Made in Italy B\u00fcrsten und Zubeh\u00f6r weltweit. Kontaktieren Sie uns!","robots":{"index":"index","follow":"follow","max-snippet":"max-snippet:-1","max-image-preview":"max-image-preview:large","max-video-preview":"max-video-preview:-1"},"canonical":"https:\/\/janeke1830.it\/diventa-distributore\/","og_locale":"de_DE","og_type":"article","og_title":"Werden Sie exklusiver Vertriebspartner - J\u00e4neke 1830","og_description":"Schlie\u00dfen Sie sich J\u00e4neke an und werden Sie exklusiver Vertriebspartner. Vertreiben Sie Made in Italy B\u00fcrsten und Zubeh\u00f6r weltweit. Kontaktieren Sie uns!","og_url":"https:\/\/janeke1830.it\/diventa-distributore\/","og_site_name":"J\u00e4neke","article_publisher":"https:\/\/www.facebook.com\/janeke1830","article_modified_time":"2026-04-10T12:27:29+00:00","twitter_card":"summary_large_image","twitter_misc":{"Gesch\u00e4tzte Lesezeit":"1\u00a0Minute"},"schema":{"@context":"https:\/\/schema.org","@graph":[{"@type":"WebPage","@id":"https:\/\/janeke1830.it\/diventa-distributore\/","url":"https:\/\/janeke1830.it\/diventa-distributore\/","name":"Werden Sie exklusiver Vertriebspartner - J\u00e4neke 1830","isPartOf":{"@id":"https:\/\/janeke1830.it\/#website"},"datePublished":"2026-01-23T11:26:32+00:00","dateModified":"2026-04-10T12:27:29+00:00","description":"Schlie\u00dfen Sie sich J\u00e4neke an und werden Sie exklusiver Vertriebspartner. Vertreiben Sie Made in Italy B\u00fcrsten und Zubeh\u00f6r weltweit. Kontaktieren Sie uns!","breadcrumb":{"@id":"https:\/\/janeke1830.it\/diventa-distributore\/#breadcrumb"},"inLanguage":"de","potentialAction":[{"@type":"ReadAction","target":["https:\/\/janeke1830.it\/diventa-distributore\/"]}]},{"@type":"BreadcrumbList","@id":"https:\/\/janeke1830.it\/diventa-distributore\/#breadcrumb","itemListElement":[{"@type":"ListItem","position":1,"name":"Home","item":"https:\/\/janeke1830.it\/de\/startseite\/"},{"@type":"ListItem","position":2,"name":"Vertriebspartner werden"}]},{"@type":"WebSite","@id":"https:\/\/janeke1830.it\/#website","url":"https:\/\/janeke1830.it\/","name":"J\u00e4neke 1830","description":"","publisher":{"@id":"https:\/\/janeke1830.it\/#organization"},"potentialAction":[{"@type":"SearchAction","target":{"@type":"EntryPoint","urlTemplate":"https:\/\/janeke1830.it\/?s={search_term_string}"},"query-input":{"@type":"PropertyValueSpecification","valueRequired":true,"valueName":"search_term_string"}}],"inLanguage":"de"},{"@type":"Organization","@id":"https:\/\/janeke1830.it\/#organization","name":"J\u00e4neke 1830","url":"https:\/\/janeke1830.it\/","logo":{"@type":"ImageObject","inLanguage":"de","@id":"https:\/\/janeke1830.it\/#\/schema\/logo\/image\/","url":"https:\/\/janeke1830.it\/wp-content\/uploads\/2025\/12\/logo-nero-janeke.png","contentUrl":"https:\/\/janeke1830.it\/wp-content\/uploads\/2025\/12\/logo-nero-janeke.png","width":1824,"height":829,"caption":"J\u00e4neke 1830"},"image":{"@id":"https:\/\/janeke1830.it\/#\/schema\/logo\/image\/"},"sameAs":["https:\/\/www.facebook.com\/janeke1830","https:\/\/www.instagram.com\/janeke1830official","https:\/\/www.linkedin.com\/company\/giorgio-janeke-s-r-l-\/"]}]}},"_links":{"self":[{"href":"https:\/\/janeke1830.it\/de\/wp-json\/wp\/v2\/pages\/9979","targetHints":{"allow":["GET"]}}],"collection":[{"href":"https:\/\/janeke1830.it\/de\/wp-json\/wp\/v2\/pages"}],"about":[{"href":"https:\/\/janeke1830.it\/de\/wp-json\/wp\/v2\/types\/page"}],"author":[{"embeddable":true,"href":"https:\/\/janeke1830.it\/de\/wp-json\/wp\/v2\/users\/1"}],"replies":[{"embeddable":true,"href":"https:\/\/janeke1830.it\/de\/wp-json\/wp\/v2\/comments?post=9979"}],"version-history":[{"count":5,"href":"https:\/\/janeke1830.it\/de\/wp-json\/wp\/v2\/pages\/9979\/revisions"}],"predecessor-version":[{"id":13483,"href":"https:\/\/janeke1830.it\/de\/wp-json\/wp\/v2\/pages\/9979\/revisions\/13483"}],"wp:attachment":[{"href":"https:\/\/janeke1830.it\/de\/wp-json\/wp\/v2\/media?parent=9979"}],"curies":[{"name":"wp","href":"https:\/\/api.w.org\/{rel}","templated":true}]}}